{"id":21758,"date":"2020-10-28T11:41:20","date_gmt":"2020-10-28T10:41:20","guid":{"rendered":"http:\/\/montreux-vieux.net\/?page_id=21758"},"modified":"2020-10-28T11:41:20","modified_gmt":"2020-10-28T10:41:20","slug":"un-deserteur-arrete-a-montreux-vieux","status":"publish","type":"page","link":"https:\/\/montreux-vieux.net\/?page_id=21758","title":{"rendered":"Un d\u00e9serteur arr\u00eat\u00e9 \u00e0 Montreux-Vieux"},"content":{"rendered":"\n<p>Le laitier Hlfred Fahre, de Mulhouse, et le garde-chasse Aloyse Grienenberger, de Brunighofen, convaincu d\u2019avoir aid\u00e9 un soldat de la garnison de Mulhouse \u00e0 d\u00e9serter son corps et \u00e0 se rendre \u00e0 l\u2019\u00e9tranger (le soldat a \u00e9t\u00e9 repris \u00e0 Montreux-Vieux), encourent, le premier, 2 semaines, le second 4 mois de prison. Le tribunal inflige encore 20 jours de prison pour tentative de chantage au voiturier Charles Keller, employ\u00e9 chez M. Heitz, marchand de bi\u00e8re. Le pr\u00e9venu, renvoy\u00e9 par son patron, a menac\u00e9 ce dernier de le d\u00e9noncer \u00e0 l\u2019administration de l\u2019octroi s\u2019il ne lui versait pas une somme d\u2019argent.<\/p>\n\n\n\n<p>Sources&nbsp;: Express 19 juin 1900<\/p>\n","protected":false},"excerpt":{"rendered":"<p>Le laitier Hlfred Fahre, de Mulhouse, et le garde-chasse Aloyse Grienenberger, de Brunighofen, convaincu d\u2019avoir aid\u00e9 un soldat de la garnison de Mulhouse \u00e0 d\u00e9serter son corps et \u00e0 se rendre \u00e0 l\u2019\u00e9tranger (le soldat a \u00e9t\u00e9 repris \u00e0 Montreux-Vieux), &hellip; <a href=\"https:\/\/montreux-vieux.net\/?page_id=21758\">Continuer la lecture <span class=\"meta-nav\">&rarr;<\/span><\/a><\/p>\n","protected":false},"author":1,"featured_media":0,"parent":12673,"menu_order":190,"comment_status":"closed","ping_status":"open","template":"","meta":{"footnotes":""},"class_list":["post-21758","page","type-page","status-publish","hentry"],"_links":{"self":[{"href":"https:\/\/montreux-vieux.net\/index.php?rest_route=\/wp\/v2\/pages\/21758","targetHints":{"allow":["GET"]}}],"collection":[{"href":"https:\/\/montreux-vieux.net\/index.php?rest_route=\/wp\/v2\/pages"}],"about":[{"href":"https:\/\/montreux-vieux.net\/index.php?rest_route=\/wp\/v2\/types\/page"}],"author":[{"embeddable":true,"href":"https:\/\/montreux-vieux.net\/index.php?rest_route=\/wp\/v2\/users\/1"}],"replies":[{"embeddable":true,"href":"https:\/\/montreux-vieux.net\/index.php?rest_route=%2Fwp%2Fv2%2Fcomments&post=21758"}],"version-history":[{"count":1,"href":"https:\/\/montreux-vieux.net\/index.php?rest_route=\/wp\/v2\/pages\/21758\/revisions"}],"predecessor-version":[{"id":21759,"href":"https:\/\/montreux-vieux.net\/index.php?rest_route=\/wp\/v2\/pages\/21758\/revisions\/21759"}],"up":[{"embeddable":true,"href":"https:\/\/montreux-vieux.net\/index.php?rest_route=\/wp\/v2\/pages\/12673"}],"wp:attachment":[{"href":"https:\/\/montreux-vieux.net\/index.php?rest_route=%2Fwp%2Fv2%2Fmedia&parent=21758"}],"curies":[{"name":"wp","href":"https:\/\/api.w.org\/{rel}","templated":true}]}}