{"id":21761,"date":"2020-10-28T11:52:46","date_gmt":"2020-10-28T10:52:46","guid":{"rendered":"http:\/\/montreux-vieux.net\/?page_id=21761"},"modified":"2020-10-29T08:55:23","modified_gmt":"2020-10-29T07:55:23","slug":"condamnation-dun-escroc","status":"publish","type":"page","link":"https:\/\/montreux-vieux.net\/?page_id=21761","title":{"rendered":"Condamnation d&rsquo;un escroc"},"content":{"rendered":"\n<p>Le 27 juillet dernier le tribunal de Belfort, condamnait par d\u00e9faut, pour d\u2019d\u00e9lits d\u2019escroqueries, un individu dont l\u2019identit\u00e9 n\u2019a jamais pu \u00eatre bien \u00e9tablie.<\/p>\n\n\n\n<p>Mais d\u2019apr\u00e8s l\u2019enqu\u00eate \u00e0 laquelle la police de notre ville avait proc\u00e9d\u00e9, on paraissait \u00eatre convaincu que l\u2019escroc qui se faisait appeler L. Girard, n\u2019\u00e9tait autre qu\u2019un nomm\u00e9 Marchal, d\u00e9j\u00e0 plusieurs fois condamn\u00e9.<\/p>\n\n\n\n<p>Aucun d\u00e9lit n\u2019ayant plus \u00e9t\u00e9 signal\u00e9 \u00e0 la charge du soi-disant Girard, les recherches furent un instant abandonn\u00e9es mais au mois de septembre dernier, des demandes de renseignements afflu\u00e8rent tout \u00e0 coup au commissariat de police sur un nomm\u00e9 Saint-Amin, directeur de la \u00ab&nbsp; Caisse alsacienne \u00bb, soci\u00e9t\u00e9 anonyme au capital de<\/p>\n\n\n\n<p>&nbsp;5 000.000 de francs, enti\u00e8rement vers\u00e9, pour favoriser le d\u00e9veloppement du commerce et de l\u2019agriculture, en Alsace et en Lorraine, fond\u00e9e depuis huit ans, et dont le si\u00e8ge social \u00e9tait \u00e0 Belfort.<\/p>\n\n\n\n<p>Ce qu\u2019il y avait de particulier dans les prospectus \u00e9non\u00e7ant des pr\u00eats sur simple signature, c\u2019est que le susdit Saint-Amin avait soin de mentionner sp\u00e9cialement que les demandes de cr\u00e9dit et les avances pour commission des pr\u00eats devaient \u00eatre adress\u00e9es \u00e0 Montreux-Vieux (Alsace), o\u00f9 il se trouvait en vill\u00e9giature dans l\u2019un de ses domaines.<\/p>\n\n\n\n<p>Le commissaire de police, second\u00e9 par son sous-brigadier, qui, depuis le mois d\u2019ao\u00fbt dernier &nbsp;n\u2019avait perdu de vue les faits et gestes de cet audacieux escroc, essaya d\u2019abord de tendre un pi\u00e8ge \u00e0 ce dernier ; mais les lettres adress\u00e9es \u00e0 Belfort furent, sur l\u2019ordre de Saint-Amin, exp\u00e9di\u00e9es dans d\u2019autres bureaux de poste de la r\u00e9gion.<\/p>\n\n\n\n<p>Finalement, et les demandes de renseignemets continuant \u00e0 affluer au cabinet de M. le commissaire de police, celui-ci les communiqua au parquet de M le procureur de la r\u00e9publique.<\/p>\n\n\n\n<p>M. le substitut Aup\u00e8cle, saisi du dossier, et inform\u00e9 que Saint-Amin se faisait adresser ses correspondances \u00e0 Pontarlier et \u00e0 Bourg, d\u00e9cerna aussit\u00f4t contre ce dernier un mandat d\u2019arr\u00eat, lequel a \u00e9t\u00e9 ex\u00e9cut\u00e9 dans la journ\u00e9e de lundi dans cette derni\u00e8re ville<\/p>\n\n\n\n<p>Sources&nbsp;: Express 21 novembre 1902<\/p>\n","protected":false},"excerpt":{"rendered":"<p>Le 27 juillet dernier le tribunal de Belfort, condamnait par d\u00e9faut, pour d\u2019d\u00e9lits d\u2019escroqueries, un individu dont l\u2019identit\u00e9 n\u2019a jamais pu \u00eatre bien \u00e9tablie. Mais d\u2019apr\u00e8s l\u2019enqu\u00eate \u00e0 laquelle la police de notre ville avait proc\u00e9d\u00e9, on paraissait \u00eatre convaincu &hellip; <a href=\"https:\/\/montreux-vieux.net\/?page_id=21761\">Continuer la lecture <span class=\"meta-nav\">&rarr;<\/span><\/a><\/p>\n","protected":false},"author":1,"featured_media":0,"parent":13044,"menu_order":800,"comment_status":"closed","ping_status":"open","template":"","meta":{"footnotes":""},"class_list":["post-21761","page","type-page","status-publish","hentry"],"_links":{"self":[{"href":"https:\/\/montreux-vieux.net\/index.php?rest_route=\/wp\/v2\/pages\/21761","targetHints":{"allow":["GET"]}}],"collection":[{"href":"https:\/\/montreux-vieux.net\/index.php?rest_route=\/wp\/v2\/pages"}],"about":[{"href":"https:\/\/montreux-vieux.net\/index.php?rest_route=\/wp\/v2\/types\/page"}],"author":[{"embeddable":true,"href":"https:\/\/montreux-vieux.net\/index.php?rest_route=\/wp\/v2\/users\/1"}],"replies":[{"embeddable":true,"href":"https:\/\/montreux-vieux.net\/index.php?rest_route=%2Fwp%2Fv2%2Fcomments&post=21761"}],"version-history":[{"count":2,"href":"https:\/\/montreux-vieux.net\/index.php?rest_route=\/wp\/v2\/pages\/21761\/revisions"}],"predecessor-version":[{"id":21764,"href":"https:\/\/montreux-vieux.net\/index.php?rest_route=\/wp\/v2\/pages\/21761\/revisions\/21764"}],"up":[{"embeddable":true,"href":"https:\/\/montreux-vieux.net\/index.php?rest_route=\/wp\/v2\/pages\/13044"}],"wp:attachment":[{"href":"https:\/\/montreux-vieux.net\/index.php?rest_route=%2Fwp%2Fv2%2Fmedia&parent=21761"}],"curies":[{"name":"wp","href":"https:\/\/api.w.org\/{rel}","templated":true}]}}