{"id":21765,"date":"2020-10-29T08:59:34","date_gmt":"2020-10-29T07:59:34","guid":{"rendered":"http:\/\/montreux-vieux.net\/?page_id=21765"},"modified":"2020-10-29T08:59:34","modified_gmt":"2020-10-29T07:59:34","slug":"conservation-des-installations-etablies-durant-la-guerre-1914-18","status":"publish","type":"page","link":"https:\/\/montreux-vieux.net\/?page_id=21765","title":{"rendered":"Conservation des installations \u00e9tablies durant la guerre 1914\/18"},"content":{"rendered":"\n<p>MONTREUX-VIEUX La ligne de Mulhouse \u00e0 Montreux-Vieux. \u2014 &lt;: officiel &gt; de jeudi publie ce d\u00e9cret :<\/p>\n\n\n\n<p>\u00ab\u00a0 Sont conserv\u00e9s pour les besoins des services publics, les terrains situ\u00e9s dans le d\u00e9partement du Haut-Rhin et occup\u00e9s par l\u2019installation \u00e9tablie pendant la guerre de 1914- 18 par l&rsquo;arm\u00e9e fran\u00e7aise : Ligne de Mulhouse \u00e0 Montreux-Vieux vers Petit-Croix : gare de Montreux-Vieux\u00a0 \u00e9largissement de la plate-forme c\u00f4t\u00e9 sud de la gare entre les points kilom\u00e9triques 33.109 et 34.000.\u00a0\u00bb<\/p>\n\n\n\n<p>Sources&nbsp;: L\u2019Express de Mulhouse 5 avril 1924<\/p>\n","protected":false},"excerpt":{"rendered":"<p>MONTREUX-VIEUX La ligne de Mulhouse \u00e0 Montreux-Vieux. \u2014 &lt;: officiel &gt; de jeudi publie ce d\u00e9cret : \u00ab\u00a0 Sont conserv\u00e9s pour les besoins des services publics, les terrains situ\u00e9s dans le d\u00e9partement du Haut-Rhin et occup\u00e9s par l\u2019installation \u00e9tablie pendant &hellip; <a href=\"https:\/\/montreux-vieux.net\/?page_id=21765\">Continuer la lecture <span class=\"meta-nav\">&rarr;<\/span><\/a><\/p>\n","protected":false},"author":1,"featured_media":0,"parent":13013,"menu_order":140,"comment_status":"closed","ping_status":"open","template":"","meta":{"footnotes":""},"class_list":["post-21765","page","type-page","status-publish","hentry"],"_links":{"self":[{"href":"https:\/\/montreux-vieux.net\/index.php?rest_route=\/wp\/v2\/pages\/21765","targetHints":{"allow":["GET"]}}],"collection":[{"href":"https:\/\/montreux-vieux.net\/index.php?rest_route=\/wp\/v2\/pages"}],"about":[{"href":"https:\/\/montreux-vieux.net\/index.php?rest_route=\/wp\/v2\/types\/page"}],"author":[{"embeddable":true,"href":"https:\/\/montreux-vieux.net\/index.php?rest_route=\/wp\/v2\/users\/1"}],"replies":[{"embeddable":true,"href":"https:\/\/montreux-vieux.net\/index.php?rest_route=%2Fwp%2Fv2%2Fcomments&post=21765"}],"version-history":[{"count":1,"href":"https:\/\/montreux-vieux.net\/index.php?rest_route=\/wp\/v2\/pages\/21765\/revisions"}],"predecessor-version":[{"id":21766,"href":"https:\/\/montreux-vieux.net\/index.php?rest_route=\/wp\/v2\/pages\/21765\/revisions\/21766"}],"up":[{"embeddable":true,"href":"https:\/\/montreux-vieux.net\/index.php?rest_route=\/wp\/v2\/pages\/13013"}],"wp:attachment":[{"href":"https:\/\/montreux-vieux.net\/index.php?rest_route=%2Fwp%2Fv2%2Fmedia&parent=21765"}],"curies":[{"name":"wp","href":"https:\/\/api.w.org\/{rel}","templated":true}]}}