{"id":21768,"date":"2020-10-29T10:34:06","date_gmt":"2020-10-29T09:34:06","guid":{"rendered":"http:\/\/montreux-vieux.net\/?page_id=21768"},"modified":"2020-10-29T10:34:06","modified_gmt":"2020-10-29T09:34:06","slug":"inspection-de-la-ligne-de-chemin-de-fer","status":"publish","type":"page","link":"https:\/\/montreux-vieux.net\/?page_id=21768","title":{"rendered":"Inspection de la ligne de chemin de fer"},"content":{"rendered":"\n<p>Chemins fer Hier soir, \u00e0 7 h., un employ\u00e9 sup\u00e9rieur de la direction g\u00e9n\u00e9rale des chemins de fer, est arriv\u00e9 de Strasbourg par train sp\u00e9cial. Il va entreprendre, accompagn\u00e9 de plusieurs employ\u00e9s, un voyage d\u2019inspection dans notre r\u00e9gion. Il parcourra aujourd\u2019hui la ligne de Montreux-Vieux et ira ensuite tr\u00e8s probablement se rendre compte de l\u2019\u00e9tat des travaux du nouveau tron\u00e7on de ligne d Altkirch \u00e0 Ferette. Il &nbsp;est en droit d\u2019esp\u00e9rer que les travaux qui n&rsquo;avancent pas aussi rapidement qu\u2019il serait d\u00e9sirable, seront pouss\u00e9s plus activement apr\u00e8s cette visite<\/p>\n\n\n\n<p>Sources&nbsp;: Express 21 juin 1890<\/p>\n","protected":false},"excerpt":{"rendered":"<p>Chemins fer Hier soir, \u00e0 7 h., un employ\u00e9 sup\u00e9rieur de la direction g\u00e9n\u00e9rale des chemins de fer, est arriv\u00e9 de Strasbourg par train sp\u00e9cial. Il va entreprendre, accompagn\u00e9 de plusieurs employ\u00e9s, un voyage d\u2019inspection dans notre r\u00e9gion. Il parcourra &hellip; <a href=\"https:\/\/montreux-vieux.net\/?page_id=21768\">Continuer la lecture <span class=\"meta-nav\">&rarr;<\/span><\/a><\/p>\n","protected":false},"author":1,"featured_media":0,"parent":13000,"menu_order":10,"comment_status":"closed","ping_status":"open","template":"","meta":{"footnotes":""},"class_list":["post-21768","page","type-page","status-publish","hentry"],"_links":{"self":[{"href":"https:\/\/montreux-vieux.net\/index.php?rest_route=\/wp\/v2\/pages\/21768","targetHints":{"allow":["GET"]}}],"collection":[{"href":"https:\/\/montreux-vieux.net\/index.php?rest_route=\/wp\/v2\/pages"}],"about":[{"href":"https:\/\/montreux-vieux.net\/index.php?rest_route=\/wp\/v2\/types\/page"}],"author":[{"embeddable":true,"href":"https:\/\/montreux-vieux.net\/index.php?rest_route=\/wp\/v2\/users\/1"}],"replies":[{"embeddable":true,"href":"https:\/\/montreux-vieux.net\/index.php?rest_route=%2Fwp%2Fv2%2Fcomments&post=21768"}],"version-history":[{"count":1,"href":"https:\/\/montreux-vieux.net\/index.php?rest_route=\/wp\/v2\/pages\/21768\/revisions"}],"predecessor-version":[{"id":21769,"href":"https:\/\/montreux-vieux.net\/index.php?rest_route=\/wp\/v2\/pages\/21768\/revisions\/21769"}],"up":[{"embeddable":true,"href":"https:\/\/montreux-vieux.net\/index.php?rest_route=\/wp\/v2\/pages\/13000"}],"wp:attachment":[{"href":"https:\/\/montreux-vieux.net\/index.php?rest_route=%2Fwp%2Fv2%2Fmedia&parent=21768"}],"curies":[{"name":"wp","href":"https:\/\/api.w.org\/{rel}","templated":true}]}}