{"id":21771,"date":"2020-10-29T10:41:46","date_gmt":"2020-10-29T09:41:46","guid":{"rendered":"http:\/\/montreux-vieux.net\/?page_id=21771"},"modified":"2020-10-29T10:41:46","modified_gmt":"2020-10-29T09:41:46","slug":"trafic-considerable","status":"publish","type":"page","link":"https:\/\/montreux-vieux.net\/?page_id=21771","title":{"rendered":"Trafic consid\u00e9rable"},"content":{"rendered":"\n<p>Montreux-Vieux. \u2014 On nous \u00e9crit : Malgr\u00e9 la cessation du transport de b\u00e9tail venant de France, le trafic est devenu tellement consid\u00e9rable ici que, pour diriger sur Mulhouse les marchandises qui s\u2019amoncellent, il faut organiser tous les jours plusieurs trains sp\u00e9ciaux.<\/p>\n\n\n\n<p>Sources&nbsp;: Express 22 f\u00e9vrier 1894<\/p>\n","protected":false},"excerpt":{"rendered":"<p>Montreux-Vieux. \u2014 On nous \u00e9crit : Malgr\u00e9 la cessation du transport de b\u00e9tail venant de France, le trafic est devenu tellement consid\u00e9rable ici que, pour diriger sur Mulhouse les marchandises qui s\u2019amoncellent, il faut organiser tous les jours plusieurs trains &hellip; <a href=\"https:\/\/montreux-vieux.net\/?page_id=21771\">Continuer la lecture <span class=\"meta-nav\">&rarr;<\/span><\/a><\/p>\n","protected":false},"author":1,"featured_media":0,"parent":13007,"menu_order":275,"comment_status":"closed","ping_status":"open","template":"","meta":{"footnotes":""},"class_list":["post-21771","page","type-page","status-publish","hentry"],"_links":{"self":[{"href":"https:\/\/montreux-vieux.net\/index.php?rest_route=\/wp\/v2\/pages\/21771","targetHints":{"allow":["GET"]}}],"collection":[{"href":"https:\/\/montreux-vieux.net\/index.php?rest_route=\/wp\/v2\/pages"}],"about":[{"href":"https:\/\/montreux-vieux.net\/index.php?rest_route=\/wp\/v2\/types\/page"}],"author":[{"embeddable":true,"href":"https:\/\/montreux-vieux.net\/index.php?rest_route=\/wp\/v2\/users\/1"}],"replies":[{"embeddable":true,"href":"https:\/\/montreux-vieux.net\/index.php?rest_route=%2Fwp%2Fv2%2Fcomments&post=21771"}],"version-history":[{"count":1,"href":"https:\/\/montreux-vieux.net\/index.php?rest_route=\/wp\/v2\/pages\/21771\/revisions"}],"predecessor-version":[{"id":21772,"href":"https:\/\/montreux-vieux.net\/index.php?rest_route=\/wp\/v2\/pages\/21771\/revisions\/21772"}],"up":[{"embeddable":true,"href":"https:\/\/montreux-vieux.net\/index.php?rest_route=\/wp\/v2\/pages\/13007"}],"wp:attachment":[{"href":"https:\/\/montreux-vieux.net\/index.php?rest_route=%2Fwp%2Fv2%2Fmedia&parent=21771"}],"curies":[{"name":"wp","href":"https:\/\/api.w.org\/{rel}","templated":true}]}}