{"id":21782,"date":"2020-10-29T16:18:10","date_gmt":"2020-10-29T15:18:10","guid":{"rendered":"http:\/\/montreux-vieux.net\/?page_id=21782"},"modified":"2020-10-29T16:18:10","modified_gmt":"2020-10-29T15:18:10","slug":"mesures-plus-rigoureuses-pour-les-voyageurs","status":"publish","type":"page","link":"https:\/\/montreux-vieux.net\/?page_id=21782","title":{"rendered":"Mesures plus rigoureuses pour les voyageurs"},"content":{"rendered":"\n<p>Les mesures appliqu\u00e9es par les autorit\u00e9s allemandes \u00e0 la fronti\u00e8re alsacienne-lorraine, deviennent plus rigoureuses que jamais. Jusqu\u2019\u00e0 pr\u00e9sent on n\u2019exigeait de passeport que des personnes qui entraient en Alsace ; on le demande maintenant aux voyageurs qui en sortent. Un grand industriel fran\u00e7ais passait jeudi matin \u00e0 la gare de Montreux-Vieux, pour rentrer en France. Le commissaire de police allemand lui demanda son passeport; le voyageur, qui avait mis cette pi\u00e8ce dans sa malle, ne croyant en avoir besoin qu\u2019\u00e0 son retour en Alsace, dut monter dans le fourgon des bagages pour chercher sa malle et, en retirer son passeport.<\/p>\n\n\n\n<p>Source L Autorit\u00e9\u20192 avril 1889<\/p>\n","protected":false},"excerpt":{"rendered":"<p>Les mesures appliqu\u00e9es par les autorit\u00e9s allemandes \u00e0 la fronti\u00e8re alsacienne-lorraine, deviennent plus rigoureuses que jamais. Jusqu\u2019\u00e0 pr\u00e9sent on n\u2019exigeait de passeport que des personnes qui entraient en Alsace ; on le demande maintenant aux voyageurs qui en sortent. Un &hellip; <a href=\"https:\/\/montreux-vieux.net\/?page_id=21782\">Continuer la lecture <span class=\"meta-nav\">&rarr;<\/span><\/a><\/p>\n","protected":false},"author":1,"featured_media":0,"parent":21780,"menu_order":30,"comment_status":"closed","ping_status":"open","template":"","meta":{"footnotes":""},"class_list":["post-21782","page","type-page","status-publish","hentry"],"_links":{"self":[{"href":"https:\/\/montreux-vieux.net\/index.php?rest_route=\/wp\/v2\/pages\/21782","targetHints":{"allow":["GET"]}}],"collection":[{"href":"https:\/\/montreux-vieux.net\/index.php?rest_route=\/wp\/v2\/pages"}],"about":[{"href":"https:\/\/montreux-vieux.net\/index.php?rest_route=\/wp\/v2\/types\/page"}],"author":[{"embeddable":true,"href":"https:\/\/montreux-vieux.net\/index.php?rest_route=\/wp\/v2\/users\/1"}],"replies":[{"embeddable":true,"href":"https:\/\/montreux-vieux.net\/index.php?rest_route=%2Fwp%2Fv2%2Fcomments&post=21782"}],"version-history":[{"count":1,"href":"https:\/\/montreux-vieux.net\/index.php?rest_route=\/wp\/v2\/pages\/21782\/revisions"}],"predecessor-version":[{"id":21783,"href":"https:\/\/montreux-vieux.net\/index.php?rest_route=\/wp\/v2\/pages\/21782\/revisions\/21783"}],"up":[{"embeddable":true,"href":"https:\/\/montreux-vieux.net\/index.php?rest_route=\/wp\/v2\/pages\/21780"}],"wp:attachment":[{"href":"https:\/\/montreux-vieux.net\/index.php?rest_route=%2Fwp%2Fv2%2Fmedia&parent=21782"}],"curies":[{"name":"wp","href":"https:\/\/api.w.org\/{rel}","templated":true}]}}