{"id":21789,"date":"2020-10-30T14:41:39","date_gmt":"2020-10-30T13:41:39","guid":{"rendered":"http:\/\/montreux-vieux.net\/?page_id=21789"},"modified":"2020-10-30T14:42:45","modified_gmt":"2020-10-30T13:42:45","slug":"acquittement-pour-laible-et-le-reedacteur-du-krei","status":"publish","type":"page","link":"https:\/\/montreux-vieux.net\/?page_id=21789","title":{"rendered":"Acquittement pour Laibl\u00e9 et le r\u00e9dacteur du Kreisblatt"},"content":{"rendered":"\n<p>&nbsp;Apr\u00e8s les \u00e9lections du Conseil d\u2019arrondissement, le Kreisblatt publiait un article reprochant au conseiller nouvellement \u00e9lu, M. Scherrer, de Dannemarie, de s\u2019\u00eatre rendu coupable de d\u00e9tournements pendant la guerre de 1870. M. Scherrer a poursuivi le r\u00e9dacteur du Kreisblatt et M. Laibl\u00e9, maire de Montreux-Vieux, pour diffamation. Les \u00e9chevins d\u2019Altkirch ont acquitt\u00e9 les deux pr\u00e9venus. Sources&nbsp;: Express 25 novembre 1903<\/p>\n","protected":false},"excerpt":{"rendered":"<p>&nbsp;Apr\u00e8s les \u00e9lections du Conseil d\u2019arrondissement, le Kreisblatt publiait un article reprochant au conseiller nouvellement \u00e9lu, M. Scherrer, de Dannemarie, de s\u2019\u00eatre rendu coupable de d\u00e9tournements pendant la guerre de 1870. M. Scherrer a poursuivi le r\u00e9dacteur du Kreisblatt et &hellip; <a href=\"https:\/\/montreux-vieux.net\/?page_id=21789\">Continuer la lecture <span class=\"meta-nav\">&rarr;<\/span><\/a><\/p>\n","protected":false},"author":1,"featured_media":0,"parent":21303,"menu_order":80,"comment_status":"closed","ping_status":"open","template":"","meta":{"footnotes":""},"class_list":["post-21789","page","type-page","status-publish","hentry"],"_links":{"self":[{"href":"https:\/\/montreux-vieux.net\/index.php?rest_route=\/wp\/v2\/pages\/21789","targetHints":{"allow":["GET"]}}],"collection":[{"href":"https:\/\/montreux-vieux.net\/index.php?rest_route=\/wp\/v2\/pages"}],"about":[{"href":"https:\/\/montreux-vieux.net\/index.php?rest_route=\/wp\/v2\/types\/page"}],"author":[{"embeddable":true,"href":"https:\/\/montreux-vieux.net\/index.php?rest_route=\/wp\/v2\/users\/1"}],"replies":[{"embeddable":true,"href":"https:\/\/montreux-vieux.net\/index.php?rest_route=%2Fwp%2Fv2%2Fcomments&post=21789"}],"version-history":[{"count":3,"href":"https:\/\/montreux-vieux.net\/index.php?rest_route=\/wp\/v2\/pages\/21789\/revisions"}],"predecessor-version":[{"id":21792,"href":"https:\/\/montreux-vieux.net\/index.php?rest_route=\/wp\/v2\/pages\/21789\/revisions\/21792"}],"up":[{"embeddable":true,"href":"https:\/\/montreux-vieux.net\/index.php?rest_route=\/wp\/v2\/pages\/21303"}],"wp:attachment":[{"href":"https:\/\/montreux-vieux.net\/index.php?rest_route=%2Fwp%2Fv2%2Fmedia&parent=21789"}],"curies":[{"name":"wp","href":"https:\/\/api.w.org\/{rel}","templated":true}]}}