{"id":21794,"date":"2020-10-30T14:46:40","date_gmt":"2020-10-30T13:46:40","guid":{"rendered":"http:\/\/montreux-vieux.net\/?page_id=21794"},"modified":"2020-10-30T14:46:40","modified_gmt":"2020-10-30T13:46:40","slug":"election-du-maire-laible-en-1897","status":"publish","type":"page","link":"https:\/\/montreux-vieux.net\/?page_id=21794","title":{"rendered":"Election du Maire Laibl\u00e9 en 1897"},"content":{"rendered":"\n<p>Dannemarie. \u2014 Sont \u00e9lus MM. Laible, maire de Montreux-Vieux et Dieten, marchand de vins \u00e0 Dannemarie.<\/p>\n\n\n\n<p>Sources Express 3 ao\u00fbt 1897<\/p>\n","protected":false},"excerpt":{"rendered":"<p>Dannemarie. \u2014 Sont \u00e9lus MM. Laible, maire de Montreux-Vieux et Dieten, marchand de vins \u00e0 Dannemarie. Sources Express 3 ao\u00fbt 1897<\/p>\n","protected":false},"author":1,"featured_media":0,"parent":21303,"menu_order":95,"comment_status":"closed","ping_status":"open","template":"","meta":{"footnotes":""},"class_list":["post-21794","page","type-page","status-publish","hentry"],"_links":{"self":[{"href":"https:\/\/montreux-vieux.net\/index.php?rest_route=\/wp\/v2\/pages\/21794","targetHints":{"allow":["GET"]}}],"collection":[{"href":"https:\/\/montreux-vieux.net\/index.php?rest_route=\/wp\/v2\/pages"}],"about":[{"href":"https:\/\/montreux-vieux.net\/index.php?rest_route=\/wp\/v2\/types\/page"}],"author":[{"embeddable":true,"href":"https:\/\/montreux-vieux.net\/index.php?rest_route=\/wp\/v2\/users\/1"}],"replies":[{"embeddable":true,"href":"https:\/\/montreux-vieux.net\/index.php?rest_route=%2Fwp%2Fv2%2Fcomments&post=21794"}],"version-history":[{"count":1,"href":"https:\/\/montreux-vieux.net\/index.php?rest_route=\/wp\/v2\/pages\/21794\/revisions"}],"predecessor-version":[{"id":21795,"href":"https:\/\/montreux-vieux.net\/index.php?rest_route=\/wp\/v2\/pages\/21794\/revisions\/21795"}],"up":[{"embeddable":true,"href":"https:\/\/montreux-vieux.net\/index.php?rest_route=\/wp\/v2\/pages\/21303"}],"wp:attachment":[{"href":"https:\/\/montreux-vieux.net\/index.php?rest_route=%2Fwp%2Fv2%2Fmedia&parent=21794"}],"curies":[{"name":"wp","href":"https:\/\/api.w.org\/{rel}","templated":true}]}}