{"id":21818,"date":"2020-11-01T16:11:05","date_gmt":"2020-11-01T15:11:05","guid":{"rendered":"http:\/\/montreux-vieux.net\/?page_id=21818"},"modified":"2020-11-01T16:11:05","modified_gmt":"2020-11-01T15:11:05","slug":"suppression-reciproque-des-agents-administratifs-de-frontiere-la-regime-des-passeports-adoucissement-prevu","status":"publish","type":"page","link":"https:\/\/montreux-vieux.net\/?page_id=21818","title":{"rendered":"Suppression r\u00e9ciproque des agents administratifs de fronti\u00e8re. \u2014 La r\u00e9gime des passeports : adoucissement pr\u00e9vu."},"content":{"rendered":"\n<p>A &nbsp;LA FRONTI\u00c8RE<\/p>\n\n\n\n<p>Suppression r\u00e9ciproque des agents administratifs de fronti\u00e8re. \u2014 La r\u00e9gime des passeports : adoucissement pr\u00e9vu.<\/p>\n\n\n\n<p>(DE NOTRE CORRESPONDANT PARTICULIER)<\/p>\n\n\n\n<p>Belfort, 30 janvier.<\/p>\n\n\n\n<p>M. Huffel, repr\u00e9sentant administratif da la compagnie des chemins de fer de l&rsquo;Est fran\u00e7ais, \u00e0 la gare fronti\u00e8re allemande de Montreux-Vieux, a \u00e9t\u00e9 rappel\u00e9 de ce poste et nomm\u00e9 chef de gare \u00e0 Petit-Croix.<\/p>\n\n\n\n<p>Le repr\u00e9sentant allemand \u00e0 cette derni\u00e8re gare, sur territoire fran\u00e7ais, a aussi \u00e9t\u00e9 rappel\u00e9 par l&rsquo;autorit\u00e9 allemande.<\/p>\n\n\n\n<p>Cette double mesure r\u00e9alise la suppression, probablement d\u00e9finitive, des repr\u00e9sentants administratifs sur les deux c\u00f4t\u00e9s de la fronti\u00e8re.<\/p>\n\n\n\n<p>Un membre du gouvernement de l&rsquo;Alsace Lorraine, que l&rsquo;on croit \u00eatre M. Studt, est venu \u00e0 Montreux-Vieux, en compagnie du directeur et de l&rsquo;inspecteur g\u00e9n\u00e9ral des chemins de fer imp\u00e9riaux d&rsquo;Alsace-Lorraine. Ce voyage se rattacherait \u00e0 la suppression projet\u00e9e, ou tout au moins \u00e0 l&rsquo;att\u00e9nuation \u00e9ventuelle du r\u00e9gime des passeports \u00e0 la fronti\u00e8re.<\/p>\n\n\n\n<p>Sources le XIX si\u00e8cle 1<sup>er<\/sup> f\u00e9vrier 1889<\/p>\n","protected":false},"excerpt":{"rendered":"<p>A &nbsp;LA FRONTI\u00c8RE Suppression r\u00e9ciproque des agents administratifs de fronti\u00e8re. \u2014 La r\u00e9gime des passeports : adoucissement pr\u00e9vu. (DE NOTRE CORRESPONDANT PARTICULIER) Belfort, 30 janvier. M. Huffel, repr\u00e9sentant administratif da la compagnie des chemins de fer de l&rsquo;Est fran\u00e7ais, \u00e0 &hellip; <a href=\"https:\/\/montreux-vieux.net\/?page_id=21818\">Continuer la lecture <span class=\"meta-nav\">&rarr;<\/span><\/a><\/p>\n","protected":false},"author":1,"featured_media":0,"parent":21780,"menu_order":35,"comment_status":"closed","ping_status":"open","template":"","meta":{"footnotes":""},"class_list":["post-21818","page","type-page","status-publish","hentry"],"_links":{"self":[{"href":"https:\/\/montreux-vieux.net\/index.php?rest_route=\/wp\/v2\/pages\/21818","targetHints":{"allow":["GET"]}}],"collection":[{"href":"https:\/\/montreux-vieux.net\/index.php?rest_route=\/wp\/v2\/pages"}],"about":[{"href":"https:\/\/montreux-vieux.net\/index.php?rest_route=\/wp\/v2\/types\/page"}],"author":[{"embeddable":true,"href":"https:\/\/montreux-vieux.net\/index.php?rest_route=\/wp\/v2\/users\/1"}],"replies":[{"embeddable":true,"href":"https:\/\/montreux-vieux.net\/index.php?rest_route=%2Fwp%2Fv2%2Fcomments&post=21818"}],"version-history":[{"count":1,"href":"https:\/\/montreux-vieux.net\/index.php?rest_route=\/wp\/v2\/pages\/21818\/revisions"}],"predecessor-version":[{"id":21819,"href":"https:\/\/montreux-vieux.net\/index.php?rest_route=\/wp\/v2\/pages\/21818\/revisions\/21819"}],"up":[{"embeddable":true,"href":"https:\/\/montreux-vieux.net\/index.php?rest_route=\/wp\/v2\/pages\/21780"}],"wp:attachment":[{"href":"https:\/\/montreux-vieux.net\/index.php?rest_route=%2Fwp%2Fv2%2Fmedia&parent=21818"}],"curies":[{"name":"wp","href":"https:\/\/api.w.org\/{rel}","templated":true}]}}