{"id":21831,"date":"2020-11-02T10:27:45","date_gmt":"2020-11-02T09:27:45","guid":{"rendered":"http:\/\/montreux-vieux.net\/?page_id=21831"},"modified":"2020-11-02T10:27:45","modified_gmt":"2020-11-02T09:27:45","slug":"nouvelles-dispositions-sur-les-passeports","status":"publish","type":"page","link":"https:\/\/montreux-vieux.net\/?page_id=21831","title":{"rendered":"Nouvelles dispositions sur les passeports"},"content":{"rendered":"\n<p>3 mars. Les nouvelles dispositions sur les passeports out \u00e9t\u00e9 appliqu\u00e9es ce matin, \u00e0 huit heures, aux gares fronti\u00e8res allemandes.<\/p>\n\n\n\n<p>A Norv\u00e9ant, tous les voyageurs \u00e9taient en r\u00e8gle.<\/p>\n\n\n\n<p>On assure que le minist\u00e8re d\u2019Alsace-Lorraine a d\u00e9cid\u00e9 que les voyageurs \u00e9trangers munis d\u2019un billet direct de Paris a Munich seraient dispens\u00e9s des formalit\u00e9s du passeport.<\/p>\n\n\n\n<p>Un fonctionnaire de police accompagnera l\u2019Orient-Express d&rsquo;Avricourt \u00e0 Carlsruhe.<\/p>\n\n\n\n<p>Les commissariats sp\u00e9ciaux d\u2019Avricourt et de Montreux-Vieux ont \u00e0 leur t\u00eate des assesseurs du gouvernement qui sont entr\u00e9s en fonctions ce matin.<\/p>\n\n\n\n<p>Dans quelque temps d\u2019ici seulement, on pourra appr\u00e9cier l\u2019effet complet des nouvelles mesures concernant les passeports.<\/p>\n\n\n\n<p>Actuellement le nombre des voyageurs munis de passeports est assez consid\u00e9rable. Mais, \u00e0 l\u2019avenir le visa ne sera plus accord\u00e9 que difficilement.<\/p>\n\n\n\n<p>Aucun changement n\u2019est apport\u00e9 dans les formalit\u00e9s \u00e0 remplira les Alsaciens-Lorrains.<\/p>\n\n\n\n<p>Sources Le Parisien 4 mars 1891<\/p>\n","protected":false},"excerpt":{"rendered":"<p>3 mars. Les nouvelles dispositions sur les passeports out \u00e9t\u00e9 appliqu\u00e9es ce matin, \u00e0 huit heures, aux gares fronti\u00e8res allemandes. A Norv\u00e9ant, tous les voyageurs \u00e9taient en r\u00e8gle. On assure que le minist\u00e8re d\u2019Alsace-Lorraine a d\u00e9cid\u00e9 que les voyageurs \u00e9trangers &hellip; <a href=\"https:\/\/montreux-vieux.net\/?page_id=21831\">Continuer la lecture <span class=\"meta-nav\">&rarr;<\/span><\/a><\/p>\n","protected":false},"author":1,"featured_media":0,"parent":21780,"menu_order":45,"comment_status":"closed","ping_status":"open","template":"","meta":{"footnotes":""},"class_list":["post-21831","page","type-page","status-publish","hentry"],"_links":{"self":[{"href":"https:\/\/montreux-vieux.net\/index.php?rest_route=\/wp\/v2\/pages\/21831","targetHints":{"allow":["GET"]}}],"collection":[{"href":"https:\/\/montreux-vieux.net\/index.php?rest_route=\/wp\/v2\/pages"}],"about":[{"href":"https:\/\/montreux-vieux.net\/index.php?rest_route=\/wp\/v2\/types\/page"}],"author":[{"embeddable":true,"href":"https:\/\/montreux-vieux.net\/index.php?rest_route=\/wp\/v2\/users\/1"}],"replies":[{"embeddable":true,"href":"https:\/\/montreux-vieux.net\/index.php?rest_route=%2Fwp%2Fv2%2Fcomments&post=21831"}],"version-history":[{"count":1,"href":"https:\/\/montreux-vieux.net\/index.php?rest_route=\/wp\/v2\/pages\/21831\/revisions"}],"predecessor-version":[{"id":21832,"href":"https:\/\/montreux-vieux.net\/index.php?rest_route=\/wp\/v2\/pages\/21831\/revisions\/21832"}],"up":[{"embeddable":true,"href":"https:\/\/montreux-vieux.net\/index.php?rest_route=\/wp\/v2\/pages\/21780"}],"wp:attachment":[{"href":"https:\/\/montreux-vieux.net\/index.php?rest_route=%2Fwp%2Fv2%2Fmedia&parent=21831"}],"curies":[{"name":"wp","href":"https:\/\/api.w.org\/{rel}","templated":true}]}}