{"id":21834,"date":"2020-11-02T10:31:47","date_gmt":"2020-11-02T09:31:47","guid":{"rendered":"http:\/\/montreux-vieux.net\/?page_id=21834"},"modified":"2020-11-02T10:31:47","modified_gmt":"2020-11-02T09:31:47","slug":"transport-de-raisins","status":"publish","type":"page","link":"https:\/\/montreux-vieux.net\/?page_id=21834","title":{"rendered":"Transport de raisins"},"content":{"rendered":"\n<p>ALTKIRCH, 20 sept. \u2014 L&rsquo;importation des raisins foul\u00e9s de France a commenc\u00e9. Les formalit\u00e9s de douane donnent beaucoup de travail aux employ\u00e9s des bureaux de Montreux Vieux et des environs. Malgr\u00e9 l\u2019\u00e9l\u00e9vation des droits, on pr\u00e9voit l\u2019importation de fortes quantit\u00e9s de raisins \u00e9trangers, attendu que les vendanges, dans le pays, ne s\u2019annoncent pas comme devant \u00eatre tr\u00e8s bonnes<\/p>\n\n\n\n<p>Sources&nbsp;: Express 21 septembre 1907<\/p>\n","protected":false},"excerpt":{"rendered":"<p>ALTKIRCH, 20 sept. \u2014 L&rsquo;importation des raisins foul\u00e9s de France a commenc\u00e9. Les formalit\u00e9s de douane donnent beaucoup de travail aux employ\u00e9s des bureaux de Montreux Vieux et des environs. Malgr\u00e9 l\u2019\u00e9l\u00e9vation des droits, on pr\u00e9voit l\u2019importation de fortes quantit\u00e9s &hellip; <a href=\"https:\/\/montreux-vieux.net\/?page_id=21834\">Continuer la lecture <span class=\"meta-nav\">&rarr;<\/span><\/a><\/p>\n","protected":false},"author":1,"featured_media":0,"parent":13007,"menu_order":280,"comment_status":"closed","ping_status":"open","template":"","meta":{"footnotes":""},"class_list":["post-21834","page","type-page","status-publish","hentry"],"_links":{"self":[{"href":"https:\/\/montreux-vieux.net\/index.php?rest_route=\/wp\/v2\/pages\/21834","targetHints":{"allow":["GET"]}}],"collection":[{"href":"https:\/\/montreux-vieux.net\/index.php?rest_route=\/wp\/v2\/pages"}],"about":[{"href":"https:\/\/montreux-vieux.net\/index.php?rest_route=\/wp\/v2\/types\/page"}],"author":[{"embeddable":true,"href":"https:\/\/montreux-vieux.net\/index.php?rest_route=\/wp\/v2\/users\/1"}],"replies":[{"embeddable":true,"href":"https:\/\/montreux-vieux.net\/index.php?rest_route=%2Fwp%2Fv2%2Fcomments&post=21834"}],"version-history":[{"count":1,"href":"https:\/\/montreux-vieux.net\/index.php?rest_route=\/wp\/v2\/pages\/21834\/revisions"}],"predecessor-version":[{"id":21835,"href":"https:\/\/montreux-vieux.net\/index.php?rest_route=\/wp\/v2\/pages\/21834\/revisions\/21835"}],"up":[{"embeddable":true,"href":"https:\/\/montreux-vieux.net\/index.php?rest_route=\/wp\/v2\/pages\/13007"}],"wp:attachment":[{"href":"https:\/\/montreux-vieux.net\/index.php?rest_route=%2Fwp%2Fv2%2Fmedia&parent=21834"}],"curies":[{"name":"wp","href":"https:\/\/api.w.org\/{rel}","templated":true}]}}