{"id":21837,"date":"2020-11-02T10:38:09","date_gmt":"2020-11-02T09:38:09","guid":{"rendered":"http:\/\/montreux-vieux.net\/?page_id=21837"},"modified":"2020-11-02T10:38:09","modified_gmt":"2020-11-02T09:38:09","slug":"abrogation-des-passeports","status":"publish","type":"page","link":"https:\/\/montreux-vieux.net\/?page_id=21837","title":{"rendered":"Abrogation des passeports"},"content":{"rendered":"\n<p>EN ALSACE-LORRAINE<\/p>\n\n\n\n<p>Abrogation des passeports<\/p>\n\n\n\n<p>Belfort, 25 septembre. \u2014 De m\u00eame qu&rsquo;\u00e0 la fronti\u00e8re lorraine, le passeport n&rsquo;est plus exig\u00e9 aux gares de Montreux-Vieux et de Deutsch-Avricourt, fronti\u00e8re d&rsquo;Alsace.,<\/p>\n\n\n\n<p>Il s&rsquo;agit donc d&rsquo;une mesure g\u00e9n\u00e9rale devan\u00e7ant la date officielle de l&rsquo;abrogation des passports,<\/p>\n\n\n\n<p>Sources&nbsp;: La Lanterne 27 septembre 1891<\/p>\n","protected":false},"excerpt":{"rendered":"<p>EN ALSACE-LORRAINE Abrogation des passeports Belfort, 25 septembre. \u2014 De m\u00eame qu&rsquo;\u00e0 la fronti\u00e8re lorraine, le passeport n&rsquo;est plus exig\u00e9 aux gares de Montreux-Vieux et de Deutsch-Avricourt, fronti\u00e8re d&rsquo;Alsace., Il s&rsquo;agit donc d&rsquo;une mesure g\u00e9n\u00e9rale devan\u00e7ant la date officielle de &hellip; <a href=\"https:\/\/montreux-vieux.net\/?page_id=21837\">Continuer la lecture <span class=\"meta-nav\">&rarr;<\/span><\/a><\/p>\n","protected":false},"author":1,"featured_media":0,"parent":21780,"menu_order":50,"comment_status":"closed","ping_status":"open","template":"","meta":{"footnotes":""},"class_list":["post-21837","page","type-page","status-publish","hentry"],"_links":{"self":[{"href":"https:\/\/montreux-vieux.net\/index.php?rest_route=\/wp\/v2\/pages\/21837","targetHints":{"allow":["GET"]}}],"collection":[{"href":"https:\/\/montreux-vieux.net\/index.php?rest_route=\/wp\/v2\/pages"}],"about":[{"href":"https:\/\/montreux-vieux.net\/index.php?rest_route=\/wp\/v2\/types\/page"}],"author":[{"embeddable":true,"href":"https:\/\/montreux-vieux.net\/index.php?rest_route=\/wp\/v2\/users\/1"}],"replies":[{"embeddable":true,"href":"https:\/\/montreux-vieux.net\/index.php?rest_route=%2Fwp%2Fv2%2Fcomments&post=21837"}],"version-history":[{"count":1,"href":"https:\/\/montreux-vieux.net\/index.php?rest_route=\/wp\/v2\/pages\/21837\/revisions"}],"predecessor-version":[{"id":21838,"href":"https:\/\/montreux-vieux.net\/index.php?rest_route=\/wp\/v2\/pages\/21837\/revisions\/21838"}],"up":[{"embeddable":true,"href":"https:\/\/montreux-vieux.net\/index.php?rest_route=\/wp\/v2\/pages\/21780"}],"wp:attachment":[{"href":"https:\/\/montreux-vieux.net\/index.php?rest_route=%2Fwp%2Fv2%2Fmedia&parent=21837"}],"curies":[{"name":"wp","href":"https:\/\/api.w.org\/{rel}","templated":true}]}}