{"id":21840,"date":"2020-11-02T10:41:19","date_gmt":"2020-11-02T09:41:19","guid":{"rendered":"http:\/\/montreux-vieux.net\/?page_id=21840"},"modified":"2020-11-02T10:42:35","modified_gmt":"2020-11-02T09:42:35","slug":"visite-inopinee-du-maire-catte","status":"publish","type":"page","link":"https:\/\/montreux-vieux.net\/?page_id=21840","title":{"rendered":"Visite inopin\u00e9e du maire Catt\u00e9"},"content":{"rendered":"\n<p>MONTREUX-VIEUX<\/p>\n\n\n\n<p>Il n est viril que lors &nbsp;d&rsquo;une visite inopin\u00e9e par le maire Catt\u00e9 dont on conna\u00eet le d\u00e9vouement aux int\u00e9r\u00eats de ses administr\u00e9s, dans une boucherie de la commune \u00e0 la suite des constatations faites par le magistral municipal, la gendarmerie a \u00e9t\u00e9 saisie. L affaire aura des suites.<\/p>\n\n\n\n<p>Sources&nbsp;: Le R\u00e9publicain de Belfort 23 juin 1926<\/p>\n","protected":false},"excerpt":{"rendered":"<p>MONTREUX-VIEUX Il n est viril que lors &nbsp;d&rsquo;une visite inopin\u00e9e par le maire Catt\u00e9 dont on conna\u00eet le d\u00e9vouement aux int\u00e9r\u00eats de ses administr\u00e9s, dans une boucherie de la commune \u00e0 la suite des constatations faites par le magistral municipal, &hellip; <a href=\"https:\/\/montreux-vieux.net\/?page_id=21840\">Continuer la lecture <span class=\"meta-nav\">&rarr;<\/span><\/a><\/p>\n","protected":false},"author":1,"featured_media":0,"parent":21303,"menu_order":100,"comment_status":"closed","ping_status":"open","template":"","meta":{"footnotes":""},"class_list":["post-21840","page","type-page","status-publish","hentry"],"_links":{"self":[{"href":"https:\/\/montreux-vieux.net\/index.php?rest_route=\/wp\/v2\/pages\/21840","targetHints":{"allow":["GET"]}}],"collection":[{"href":"https:\/\/montreux-vieux.net\/index.php?rest_route=\/wp\/v2\/pages"}],"about":[{"href":"https:\/\/montreux-vieux.net\/index.php?rest_route=\/wp\/v2\/types\/page"}],"author":[{"embeddable":true,"href":"https:\/\/montreux-vieux.net\/index.php?rest_route=\/wp\/v2\/users\/1"}],"replies":[{"embeddable":true,"href":"https:\/\/montreux-vieux.net\/index.php?rest_route=%2Fwp%2Fv2%2Fcomments&post=21840"}],"version-history":[{"count":1,"href":"https:\/\/montreux-vieux.net\/index.php?rest_route=\/wp\/v2\/pages\/21840\/revisions"}],"predecessor-version":[{"id":21841,"href":"https:\/\/montreux-vieux.net\/index.php?rest_route=\/wp\/v2\/pages\/21840\/revisions\/21841"}],"up":[{"embeddable":true,"href":"https:\/\/montreux-vieux.net\/index.php?rest_route=\/wp\/v2\/pages\/21303"}],"wp:attachment":[{"href":"https:\/\/montreux-vieux.net\/index.php?rest_route=%2Fwp%2Fv2%2Fmedia&parent=21840"}],"curies":[{"name":"wp","href":"https:\/\/api.w.org\/{rel}","templated":true}]}}