{"id":21871,"date":"2020-11-03T11:08:42","date_gmt":"2020-11-03T10:08:42","guid":{"rendered":"http:\/\/montreux-vieux.net\/?page_id=21871"},"modified":"2020-11-03T11:08:42","modified_gmt":"2020-11-03T10:08:42","slug":"la-monture-du-capitaine-courodin-accidentee","status":"publish","type":"page","link":"https:\/\/montreux-vieux.net\/?page_id=21871","title":{"rendered":"La monture du capitaine Courodin accident\u00e9e"},"content":{"rendered":"\n<p>THANN. Nous avions annonc\u00e9, il y a 8 jours, la pr\u00e9sente de troupes et d&rsquo;officiers, sup\u00e9rieurs \u00e0 Thann. Signalons que parmi les officiers g\u00e9n\u00e9raux se trouva M. le g\u00e9n\u00e9ral Nudant. \u00a0un de nos grands chefs pendant la guerre. En 1917 commandant du secteur de Montreux-Vieux, le g\u00e9n\u00e9ral Nudant a \u00e9t\u00e9 charg\u00e9 de la p\u00e9nible t\u00e2che de surveiller en Allemagne l\u2019ex\u00e9cution des clauses de l&rsquo;armistice. \u2014  Un f\u00e2cheux accident est arriv\u00e9 pendant le s\u00e9jour de nos, braves &lt; bleu-orizon :> \u00e0 Thann les ordonnances des officiers promenaient leurs chevaux sur la, route de Thann \u00e0 Cernay, quand un camion-automobile survint qui tua le pauvre \u00ab\u00a0Ram-d&rsquo;Or\u00a0\u00bb, monture du capitaine Courodin du 12e R.I La pauvre b\u00eate renvers\u00e9e sous les roues du camion, eut le canon de l\u2019ant\u00e9rieur gauche cass\u00e9 de sorte quelle a d\u00fb \u00eatre abattue bient\u00f4t apr\u00e8s le f\u00e2cheux accident. Une enqu\u00eate de la gendarmerie cherche \u00e0 \u00e9tablir les responsabilit\u00e9s.<\/p>\n\n\n\n<p>Sources&nbsp;: L\u2019Express de Mulhouse 3 novembre 1921<\/p>\n","protected":false},"excerpt":{"rendered":"<p>THANN. Nous avions annonc\u00e9, il y a 8 jours, la pr\u00e9sente de troupes et d&rsquo;officiers, sup\u00e9rieurs \u00e0 Thann. Signalons que parmi les officiers g\u00e9n\u00e9raux se trouva M. le g\u00e9n\u00e9ral Nudant. \u00a0un de nos grands chefs pendant la guerre. En 1917 &hellip; <a href=\"https:\/\/montreux-vieux.net\/?page_id=21871\">Continuer la lecture <span class=\"meta-nav\">&rarr;<\/span><\/a><\/p>\n","protected":false},"author":1,"featured_media":0,"parent":12673,"menu_order":200,"comment_status":"closed","ping_status":"open","template":"","meta":{"footnotes":""},"class_list":["post-21871","page","type-page","status-publish","hentry"],"_links":{"self":[{"href":"https:\/\/montreux-vieux.net\/index.php?rest_route=\/wp\/v2\/pages\/21871","targetHints":{"allow":["GET"]}}],"collection":[{"href":"https:\/\/montreux-vieux.net\/index.php?rest_route=\/wp\/v2\/pages"}],"about":[{"href":"https:\/\/montreux-vieux.net\/index.php?rest_route=\/wp\/v2\/types\/page"}],"author":[{"embeddable":true,"href":"https:\/\/montreux-vieux.net\/index.php?rest_route=\/wp\/v2\/users\/1"}],"replies":[{"embeddable":true,"href":"https:\/\/montreux-vieux.net\/index.php?rest_route=%2Fwp%2Fv2%2Fcomments&post=21871"}],"version-history":[{"count":1,"href":"https:\/\/montreux-vieux.net\/index.php?rest_route=\/wp\/v2\/pages\/21871\/revisions"}],"predecessor-version":[{"id":21872,"href":"https:\/\/montreux-vieux.net\/index.php?rest_route=\/wp\/v2\/pages\/21871\/revisions\/21872"}],"up":[{"embeddable":true,"href":"https:\/\/montreux-vieux.net\/index.php?rest_route=\/wp\/v2\/pages\/12673"}],"wp:attachment":[{"href":"https:\/\/montreux-vieux.net\/index.php?rest_route=%2Fwp%2Fv2%2Fmedia&parent=21871"}],"curies":[{"name":"wp","href":"https:\/\/api.w.org\/{rel}","templated":true}]}}