{"id":21875,"date":"2020-11-03T11:14:37","date_gmt":"2020-11-03T10:14:37","guid":{"rendered":"http:\/\/montreux-vieux.net\/?page_id=21875"},"modified":"2020-11-03T11:14:37","modified_gmt":"2020-11-03T10:14:37","slug":"les-manoeuvres-dautomne","status":"publish","type":"page","link":"https:\/\/montreux-vieux.net\/?page_id=21875","title":{"rendered":"LES MAN\u0152UVRES- D\u2019AUTOMNE"},"content":{"rendered":"\n<p>\u00a0LES MAN\u0152UVRES- D\u2019AUTOMNE du XlVe corps d&rsquo;arm\u00e9e auront lieu cette ann\u00e9e vers la fin du mois d\u2019ao\u00fbt. Elles dureront 15 jours, dit la \u00ab Neue Mulh.-Ztg \u00bb. La 29e division \u00e0 laquelle appartient la garnison de Mulhouse, manoeuvreura dans la r\u00e9gion qui s\u2019\u00e9tend au sud une ligne tir\u00e9e de Landser, lllfurth, Dannemarie et Montreux-Vieux ; la 39e division (Colmar, dans la r\u00e9gion au nord de cette ligne, jusqu&rsquo;\u00e0 Guebwiller. Les man\u0153uvres\u00a0 de ces divisions seront termin\u00e9es le 13 septembre.<\/p>\n\n\n\n<p>Les exercices de r\u00e9giment et de brigade de a garnison de Mulhouse auront lieu sur le terrain des manoeuvres.<\/p>\n\n\n\n<p>Sources&nbsp;: Express 12 mars 1912<\/p>\n","protected":false},"excerpt":{"rendered":"<p>\u00a0LES MAN\u0152UVRES- D\u2019AUTOMNE du XlVe corps d&rsquo;arm\u00e9e auront lieu cette ann\u00e9e vers la fin du mois d\u2019ao\u00fbt. Elles dureront 15 jours, dit la \u00ab Neue Mulh.-Ztg \u00bb. La 29e division \u00e0 laquelle appartient la garnison de Mulhouse, manoeuvreura dans la &hellip; <a href=\"https:\/\/montreux-vieux.net\/?page_id=21875\">Continuer la lecture <span class=\"meta-nav\">&rarr;<\/span><\/a><\/p>\n","protected":false},"author":1,"featured_media":0,"parent":12673,"menu_order":205,"comment_status":"closed","ping_status":"open","template":"","meta":{"footnotes":""},"class_list":["post-21875","page","type-page","status-publish","hentry"],"_links":{"self":[{"href":"https:\/\/montreux-vieux.net\/index.php?rest_route=\/wp\/v2\/pages\/21875","targetHints":{"allow":["GET"]}}],"collection":[{"href":"https:\/\/montreux-vieux.net\/index.php?rest_route=\/wp\/v2\/pages"}],"about":[{"href":"https:\/\/montreux-vieux.net\/index.php?rest_route=\/wp\/v2\/types\/page"}],"author":[{"embeddable":true,"href":"https:\/\/montreux-vieux.net\/index.php?rest_route=\/wp\/v2\/users\/1"}],"replies":[{"embeddable":true,"href":"https:\/\/montreux-vieux.net\/index.php?rest_route=%2Fwp%2Fv2%2Fcomments&post=21875"}],"version-history":[{"count":1,"href":"https:\/\/montreux-vieux.net\/index.php?rest_route=\/wp\/v2\/pages\/21875\/revisions"}],"predecessor-version":[{"id":21876,"href":"https:\/\/montreux-vieux.net\/index.php?rest_route=\/wp\/v2\/pages\/21875\/revisions\/21876"}],"up":[{"embeddable":true,"href":"https:\/\/montreux-vieux.net\/index.php?rest_route=\/wp\/v2\/pages\/12673"}],"wp:attachment":[{"href":"https:\/\/montreux-vieux.net\/index.php?rest_route=%2Fwp%2Fv2%2Fmedia&parent=21875"}],"curies":[{"name":"wp","href":"https:\/\/api.w.org\/{rel}","templated":true}]}}