{"id":21908,"date":"2020-11-05T09:32:44","date_gmt":"2020-11-05T08:32:44","guid":{"rendered":"https:\/\/montreux-vieux.net\/?page_id=21908"},"modified":"2020-11-05T09:32:44","modified_gmt":"2020-11-05T08:32:44","slug":"laeroplane-de-montreux-vieux","status":"publish","type":"page","link":"https:\/\/montreux-vieux.net\/?page_id=21908","title":{"rendered":"L\u2019AEROPLANE DE MONTREUX-VIEUX."},"content":{"rendered":"\n<p>L\u2019AEROPLANE DE MONTREUX-VIEUX. \u2014 Le caporal-pilote Mudon et le sapeur Coulonge, du centre de Belfort, qui montaient l\u2019a\u00e9roplane aper\u00e7u l&rsquo;autre jour au-dessus de Montreux-Vieux, \u00e0 plus de 1.000 m\u00e8tres d\u2019altitude, ont expliqu\u00e9 leur erreur.<\/p>\n\n\n\n<p>Forc\u00e9s de traverser un \u00e9pais nuage de neige, ils d\u00e9pass\u00e8rent la ligne fronti\u00e8re sans s\u2019en apercevoir.<\/p>\n\n\n\n<p>Les autorit\u00e9s allemandes \u00e9tablirent un rapport qui fut transmis \u00e0 Belfort.<\/p>\n\n\n\n<p>Les deux aviateurs ont \u00e9t\u00e9 punis<\/p>\n\n\n\n<p>Sources&nbsp;: Express 16 mars 1914<\/p>\n","protected":false},"excerpt":{"rendered":"<p>L\u2019AEROPLANE DE MONTREUX-VIEUX. \u2014 Le caporal-pilote Mudon et le sapeur Coulonge, du centre de Belfort, qui montaient l\u2019a\u00e9roplane aper\u00e7u l&rsquo;autre jour au-dessus de Montreux-Vieux, \u00e0 plus de 1.000 m\u00e8tres d\u2019altitude, ont expliqu\u00e9 leur erreur. Forc\u00e9s de traverser un \u00e9pais nuage &hellip; <a href=\"https:\/\/montreux-vieux.net\/?page_id=21908\">Continuer la lecture <span class=\"meta-nav\">&rarr;<\/span><\/a><\/p>\n","protected":false},"author":1,"featured_media":0,"parent":12673,"menu_order":215,"comment_status":"closed","ping_status":"open","template":"","meta":{"footnotes":""},"class_list":["post-21908","page","type-page","status-publish","hentry"],"_links":{"self":[{"href":"https:\/\/montreux-vieux.net\/index.php?rest_route=\/wp\/v2\/pages\/21908","targetHints":{"allow":["GET"]}}],"collection":[{"href":"https:\/\/montreux-vieux.net\/index.php?rest_route=\/wp\/v2\/pages"}],"about":[{"href":"https:\/\/montreux-vieux.net\/index.php?rest_route=\/wp\/v2\/types\/page"}],"author":[{"embeddable":true,"href":"https:\/\/montreux-vieux.net\/index.php?rest_route=\/wp\/v2\/users\/1"}],"replies":[{"embeddable":true,"href":"https:\/\/montreux-vieux.net\/index.php?rest_route=%2Fwp%2Fv2%2Fcomments&post=21908"}],"version-history":[{"count":1,"href":"https:\/\/montreux-vieux.net\/index.php?rest_route=\/wp\/v2\/pages\/21908\/revisions"}],"predecessor-version":[{"id":21909,"href":"https:\/\/montreux-vieux.net\/index.php?rest_route=\/wp\/v2\/pages\/21908\/revisions\/21909"}],"up":[{"embeddable":true,"href":"https:\/\/montreux-vieux.net\/index.php?rest_route=\/wp\/v2\/pages\/12673"}],"wp:attachment":[{"href":"https:\/\/montreux-vieux.net\/index.php?rest_route=%2Fwp%2Fv2%2Fmedia&parent=21908"}],"curies":[{"name":"wp","href":"https:\/\/api.w.org\/{rel}","templated":true}]}}