{"id":2191,"date":"2011-11-04T08:19:01","date_gmt":"2011-11-04T07:19:01","guid":{"rendered":"http:\/\/montreux-vieux.org\/?page_id=2191"},"modified":"2019-01-02T09:19:42","modified_gmt":"2019-01-02T08:19:42","slug":"un-tremblement-de-terre","status":"publish","type":"page","link":"https:\/\/montreux-vieux.net\/?page_id=2191","title":{"rendered":"Un tremblement de terre \u00e0 Montreux-Vieux"},"content":{"rendered":"<h3 style=\"text-align: center;\"><span style=\"color: #000000;\">Un tremblement de terre<\/span><\/h3>\n<h4 style=\"text-align: justify;\">Un tremblement de terre<\/h4>\n<h4 style=\"text-align: justify;\">&nbsp;28\/05\/1910<\/h4>\n<h4 style=\"text-align: justify;\">D\u2019apr\u00e8s les renseignements provenant de la station sismologique centrale de Strasbourg, on a constat\u00e9 hier matin des secousses de tremblement de terre non seulement en Suisse, mais aussi en Alsace \u00e0 Montreux-Vieux.<\/h4>\n<h4 style=\"text-align: justify;\">Dans cette localit\u00e9 les secousses ont \u00e9t\u00e9 si fortes que les gens en train de nouer les lacets de leurs souliers ont \u00e9t\u00e9 renvers\u00e9s et que les lits ont \u00e9t\u00e9 d\u00e9plac\u00e9s.<\/h4>\n<h4 style=\"text-align: justify;\">Il y a eu des secousses encore plus fortes de l\u2019autre c\u00f4t\u00e9 de la fronti\u00e8re \u00e0 Montreux-Ch\u00e2teau, pr\u00e8s de Belfort<\/h4>\n","protected":false},"excerpt":{"rendered":"<p>Un tremblement de terre Un tremblement de terre &nbsp;28\/05\/1910 D\u2019apr\u00e8s les renseignements provenant de la station sismologique centrale de Strasbourg, on a constat\u00e9 hier matin des secousses de tremblement de terre non seulement en Suisse, mais aussi en Alsace \u00e0 &hellip; <a href=\"https:\/\/montreux-vieux.net\/?page_id=2191\">Continuer la lecture <span class=\"meta-nav\">&rarr;<\/span><\/a><\/p>\n","protected":false},"author":1,"featured_media":0,"parent":13044,"menu_order":10,"comment_status":"open","ping_status":"open","template":"","meta":{"footnotes":""},"class_list":["post-2191","page","type-page","status-publish","hentry"],"_links":{"self":[{"href":"https:\/\/montreux-vieux.net\/index.php?rest_route=\/wp\/v2\/pages\/2191","targetHints":{"allow":["GET"]}}],"collection":[{"href":"https:\/\/montreux-vieux.net\/index.php?rest_route=\/wp\/v2\/pages"}],"about":[{"href":"https:\/\/montreux-vieux.net\/index.php?rest_route=\/wp\/v2\/types\/page"}],"author":[{"embeddable":true,"href":"https:\/\/montreux-vieux.net\/index.php?rest_route=\/wp\/v2\/users\/1"}],"replies":[{"embeddable":true,"href":"https:\/\/montreux-vieux.net\/index.php?rest_route=%2Fwp%2Fv2%2Fcomments&post=2191"}],"version-history":[{"count":5,"href":"https:\/\/montreux-vieux.net\/index.php?rest_route=\/wp\/v2\/pages\/2191\/revisions"}],"predecessor-version":[{"id":13245,"href":"https:\/\/montreux-vieux.net\/index.php?rest_route=\/wp\/v2\/pages\/2191\/revisions\/13245"}],"up":[{"embeddable":true,"href":"https:\/\/montreux-vieux.net\/index.php?rest_route=\/wp\/v2\/pages\/13044"}],"wp:attachment":[{"href":"https:\/\/montreux-vieux.net\/index.php?rest_route=%2Fwp%2Fv2%2Fmedia&parent=2191"}],"curies":[{"name":"wp","href":"https:\/\/api.w.org\/{rel}","templated":true}]}}