{"id":21911,"date":"2020-11-05T09:41:24","date_gmt":"2020-11-05T08:41:24","guid":{"rendered":"https:\/\/montreux-vieux.net\/?page_id=21911"},"modified":"2020-11-05T09:41:24","modified_gmt":"2020-11-05T08:41:24","slug":"le-saha-de-persea-montreux-vieux","status":"publish","type":"page","link":"https:\/\/montreux-vieux.net\/?page_id=21911","title":{"rendered":"Le Saha de Perse\u00e0 Montreux-Vieux"},"content":{"rendered":"\n<p>DEPART DU SHAH DE PERSE Belfort, 30 ao\u00fbt.<\/p>\n\n\n\n<p>Il a quitt\u00e9 Vichy pour St Petersbourg le 30 ao\u00fbt avec sa suite en train sp\u00e9cial. Il est arriv\u00e9 \u00e0 Belfort \u00e0 7h 32, il est&nbsp; rest\u00e9 10 minutes puis est reparti direction &nbsp;Montreux-Vieux, douane allemande<\/p>\n\n\n\n<p>A Petit-Croix, gare fronti\u00e8re, au moment ou le shah de Perse quittait le sol fran\u00e7ais, de nouveaux honneurs lui ont \u00e9t\u00e9 rendus par une compagnie du 35\u00e8 de &nbsp;ligne, avec drapeau et musique, command\u00e9e par le colonel Leture.<\/p>\n\n\n\n<p>Le g\u00e9n\u00e9ral Lefort, gouverneur de Belfort, et M. Schmidt, pr\u00e9fet du Haut-Rhin, ont \u00e9t\u00e9 alors re\u00e7us par le souverain persan. Le pr\u00e9fet l&rsquo;a salu\u00e9 une derni\u00e8re fois an nom du gouvernement. Le shah a r\u00e9pondu qu&rsquo;il emportait de son s\u00e9jour en France le meilleur souvenir et a charg\u00e9 M. Schmidt de transmettre ses plus vils remerciements au gouvernement fran\u00e7ais; puis te train a repris sa marche sur Montreux-Vieux, premi\u00e8re garde alsacienne, o\u00f9 M. Paoli qui accompagnait le souverain en a remis la garde \u00e0 la police allemande:<\/p>\n\n\n\n<p>Sources&nbsp;: Le Petit Parisien 31 ao\u00fbt 1905<\/p>\n","protected":false},"excerpt":{"rendered":"<p>DEPART DU SHAH DE PERSE Belfort, 30 ao\u00fbt. Il a quitt\u00e9 Vichy pour St Petersbourg le 30 ao\u00fbt avec sa suite en train sp\u00e9cial. Il est arriv\u00e9 \u00e0 Belfort \u00e0 7h 32, il est&nbsp; rest\u00e9 10 minutes puis est reparti &hellip; <a href=\"https:\/\/montreux-vieux.net\/?page_id=21911\">Continuer la lecture <span class=\"meta-nav\">&rarr;<\/span><\/a><\/p>\n","protected":false},"author":1,"featured_media":0,"parent":4909,"menu_order":20,"comment_status":"closed","ping_status":"open","template":"","meta":{"footnotes":""},"class_list":["post-21911","page","type-page","status-publish","hentry"],"_links":{"self":[{"href":"https:\/\/montreux-vieux.net\/index.php?rest_route=\/wp\/v2\/pages\/21911","targetHints":{"allow":["GET"]}}],"collection":[{"href":"https:\/\/montreux-vieux.net\/index.php?rest_route=\/wp\/v2\/pages"}],"about":[{"href":"https:\/\/montreux-vieux.net\/index.php?rest_route=\/wp\/v2\/types\/page"}],"author":[{"embeddable":true,"href":"https:\/\/montreux-vieux.net\/index.php?rest_route=\/wp\/v2\/users\/1"}],"replies":[{"embeddable":true,"href":"https:\/\/montreux-vieux.net\/index.php?rest_route=%2Fwp%2Fv2%2Fcomments&post=21911"}],"version-history":[{"count":1,"href":"https:\/\/montreux-vieux.net\/index.php?rest_route=\/wp\/v2\/pages\/21911\/revisions"}],"predecessor-version":[{"id":21912,"href":"https:\/\/montreux-vieux.net\/index.php?rest_route=\/wp\/v2\/pages\/21911\/revisions\/21912"}],"up":[{"embeddable":true,"href":"https:\/\/montreux-vieux.net\/index.php?rest_route=\/wp\/v2\/pages\/4909"}],"wp:attachment":[{"href":"https:\/\/montreux-vieux.net\/index.php?rest_route=%2Fwp%2Fv2%2Fmedia&parent=21911"}],"curies":[{"name":"wp","href":"https:\/\/api.w.org\/{rel}","templated":true}]}}