{"id":21914,"date":"2020-11-05T09:57:42","date_gmt":"2020-11-05T08:57:42","guid":{"rendered":"https:\/\/montreux-vieux.net\/?page_id=21914"},"modified":"2020-11-05T09:57:42","modified_gmt":"2020-11-05T08:57:42","slug":"espion-de-nancy","status":"publish","type":"page","link":"https:\/\/montreux-vieux.net\/?page_id=21914","title":{"rendered":"ESPION DE NANCY"},"content":{"rendered":"\n<p>ESPION DE NANCY &nbsp;<\/p>\n\n\n\n<p>&nbsp;Belfort, 23 octobre.<\/p>\n\n\n\n<p>L&rsquo;instruction ouverte au sujet de l&rsquo;affaire Dietrich a relev\u00e9 aujourd&rsquo;hui des faits assez graves.<\/p>\n\n\n\n<p>Ainsi le passeport permettant au casernier de p\u00e9n\u00e9trer en Alsace portait un visa du 29 septembre \u00e0 Montreux-Vieux, ce qui indiquait qu&rsquo;il alla ce jour-l\u00e0 dans les pays annex\u00e9s, et assez probablement en compagnie de Bonnet et Spahr puisque ces deux derniers ont \u00e9t\u00e9 signal\u00e9s ce jour-l\u00e0 \u00e0 Belfort.<\/p>\n\n\n\n<p>D&rsquo;un autre c\u00f4t\u00e9, on a encore trouv\u00e9 dans son logement une pass-carte, comme on en d\u00e9livre uniquement aux Alsaciens habitant les pays annex\u00e9s ; elle portait le nom de la fille Dietrich qui a opt\u00e9 pour la nationalit\u00e9 fran\u00e7aise.<\/p>\n\n\n\n<p>D&rsquo;autre part on \u00e9crit de Nancy : 9;<\/p>\n\n\n\n<p>Ainsi que nous l&rsquo;avons dit, l&rsquo;espion Bonnet est parti de Nancy mardi, par le train d&rsquo;une heure du matin, pour \u00eatre transf\u00e9r\u00e9 \u00e0 la prison de Fontevrault (Maine-et Loire), o\u00f9 il doit subi.sa .peine.<\/p>\n\n\n\n<p>La commission rogatoire que vient de recevoir de Belfort le parquet de Nancy, a donc \u00e9t\u00e9 transmise au parquet de Saumur aux fins de recevoir les d\u00e9clarations de Bonnet en ce qui concerne ses rapports avec le Hanovrien Spahr, Dietrich et sa s\u0153ur.<\/p>\n\n\n\n<p>Au re\u00e7u de cette commission rogatoire, le procureur de la R\u00e9publique de Nancy, qui, chose assez bizarre, n&rsquo;avait pas \u00e9t\u00e9 avis\u00e9 de l&rsquo;ordre de transf\u00e8rement, s&rsquo;\u00e9tait pr\u00e9sent\u00e9 \u00e0 la prison pour interroger le condamn\u00e9. C&rsquo;est. la seulement qu&rsquo;il a appris son d\u00e9part.<\/p>\n\n\n\n<p>: Sources&nbsp;: Le Radical 25 octobre 1890<\/p>\n","protected":false},"excerpt":{"rendered":"<p>ESPION DE NANCY &nbsp; &nbsp;Belfort, 23 octobre. L&rsquo;instruction ouverte au sujet de l&rsquo;affaire Dietrich a relev\u00e9 aujourd&rsquo;hui des faits assez graves. Ainsi le passeport permettant au casernier de p\u00e9n\u00e9trer en Alsace portait un visa du 29 septembre \u00e0 Montreux-Vieux, ce &hellip; <a href=\"https:\/\/montreux-vieux.net\/?page_id=21914\">Continuer la lecture <span class=\"meta-nav\">&rarr;<\/span><\/a><\/p>\n","protected":false},"author":1,"featured_media":0,"parent":13130,"menu_order":85,"comment_status":"closed","ping_status":"open","template":"","meta":{"footnotes":""},"class_list":["post-21914","page","type-page","status-publish","hentry"],"_links":{"self":[{"href":"https:\/\/montreux-vieux.net\/index.php?rest_route=\/wp\/v2\/pages\/21914","targetHints":{"allow":["GET"]}}],"collection":[{"href":"https:\/\/montreux-vieux.net\/index.php?rest_route=\/wp\/v2\/pages"}],"about":[{"href":"https:\/\/montreux-vieux.net\/index.php?rest_route=\/wp\/v2\/types\/page"}],"author":[{"embeddable":true,"href":"https:\/\/montreux-vieux.net\/index.php?rest_route=\/wp\/v2\/users\/1"}],"replies":[{"embeddable":true,"href":"https:\/\/montreux-vieux.net\/index.php?rest_route=%2Fwp%2Fv2%2Fcomments&post=21914"}],"version-history":[{"count":1,"href":"https:\/\/montreux-vieux.net\/index.php?rest_route=\/wp\/v2\/pages\/21914\/revisions"}],"predecessor-version":[{"id":21915,"href":"https:\/\/montreux-vieux.net\/index.php?rest_route=\/wp\/v2\/pages\/21914\/revisions\/21915"}],"up":[{"embeddable":true,"href":"https:\/\/montreux-vieux.net\/index.php?rest_route=\/wp\/v2\/pages\/13130"}],"wp:attachment":[{"href":"https:\/\/montreux-vieux.net\/index.php?rest_route=%2Fwp%2Fv2%2Fmedia&parent=21914"}],"curies":[{"name":"wp","href":"https:\/\/api.w.org\/{rel}","templated":true}]}}