{"id":21918,"date":"2020-11-05T14:21:18","date_gmt":"2020-11-05T13:21:18","guid":{"rendered":"https:\/\/montreux-vieux.net\/?page_id=21918"},"modified":"2020-11-05T14:21:18","modified_gmt":"2020-11-05T13:21:18","slug":"le-retour-de-deroulede","status":"publish","type":"page","link":"https:\/\/montreux-vieux.net\/?page_id=21918","title":{"rendered":"Le retour de D\u00e9roul\u00e8de"},"content":{"rendered":"\n<p>Le retour de D\u00e9roul\u00e8de *<\/p>\n\n\n\n<p>A Vienne. \u2014 Pr\u00e9paratifs de d\u00e9part Vienne, 1er novembre. M. D\u00e9roul\u00e8de a pass\u00e9 la journ\u00e9e chez lui achevant ses pr\u00e9paratifs de d\u00e9part. Depuis hier sont arriv\u00e9s de tr\u00e8s nombreux t\u00e9l\u00e9grammes de f\u00e9licitations d\u2019amis et d&rsquo;inconnus de France. La circonstance que l\u2019amnistie a \u00e9t\u00e9 vot\u00e9e par T&gt;M voix contre 5 a beaucoup \u00e9mu M. D\u00e9roul\u00f9de, qui t\u00e9moigne sa joie de pouvoir s\u2019occuper de nouveau des affaires de son pays. Il a consacr\u00e9 les heures de l\u2019exil \u00e0 \u00e9crire un livre contenant ses m\u00e9moires, surtout sur la partie de sa vie de soldai. Son s\u00e9jour \u00e0 Vienne, lui a fait conna\u00eetre \u00e0 fond la politique int\u00e9rieure de l\u2019Autriche-Hongrie et les relations de L\u2019 Autriche-Hongrie avec l\u2019Allemagne sans qu\u2019il ait jamais voulu assister \u00e0 des manifestations nationales, ne voulant pas s\u2019immiscer dans les affaires du pays, comme il n\u2019admet pas non plus que les \u00e9trangers s&rsquo;immiscent dans les affaires int\u00e9rieures de la France. Vienne, 1er novembre. M. Marcel Habert est arriv\u00e9 \u00e0 Vienne par l\u2019Orient-Express. M. D\u00e9roul\u00f9de l\u2019attendait \u00e0 la gare. Leur d\u00e9part aura lieu demain soir, via Lausanne et Gen\u00e8ve. et a Belfort, le 1er novembre. A la nouvelle que M. D\u00e9roul\u00f9de passait hier soir, un grand nombre de personnes all\u00e8rent \u00e0 sa rencontre \u00e0 Montreux-Vieux, gare de la fronti\u00e8re d\u2019Alsace, et Petit-Croix, premi\u00e8re station du territoire fran\u00e7ais. Une foule consid\u00e9rable l\u2019attendait aussi sur le quai de la gare de Belfort. On remarquait les membres de plusieurs Soci\u00e9t\u00e9s de la ville.<\/p>\n\n\n\n<p>Sources\u00a0: La Libre Parole 2 novembre 1905<\/p>\n\n\n\n<p><strong>* <\/strong>Paul D\u00e9roul\u00e8de (1846-1914), homme de lettres, officier d&rsquo;infanterie (1870-1874), homme politique, fondateur de la ligue des patriotes en 1882, d\u00e9put\u00e9 de la Charente (1889-1893 et 1898-1901), est surtout rest\u00e9 comme l&rsquo;auteur des (1872) et l&rsquo;incarnation de la Revanche contre l&rsquo;Allemagne.&nbsp;<\/p>\n","protected":false},"excerpt":{"rendered":"<p>Le retour de D\u00e9roul\u00e8de * A Vienne. \u2014 Pr\u00e9paratifs de d\u00e9part Vienne, 1er novembre. M. D\u00e9roul\u00e8de a pass\u00e9 la journ\u00e9e chez lui achevant ses pr\u00e9paratifs de d\u00e9part. Depuis hier sont arriv\u00e9s de tr\u00e8s nombreux t\u00e9l\u00e9grammes de f\u00e9licitations d\u2019amis et d&rsquo;inconnus &hellip; <a href=\"https:\/\/montreux-vieux.net\/?page_id=21918\">Continuer la lecture <span class=\"meta-nav\">&rarr;<\/span><\/a><\/p>\n","protected":false},"author":1,"featured_media":0,"parent":4909,"menu_order":25,"comment_status":"closed","ping_status":"open","template":"","meta":{"footnotes":""},"class_list":["post-21918","page","type-page","status-publish","hentry"],"_links":{"self":[{"href":"https:\/\/montreux-vieux.net\/index.php?rest_route=\/wp\/v2\/pages\/21918","targetHints":{"allow":["GET"]}}],"collection":[{"href":"https:\/\/montreux-vieux.net\/index.php?rest_route=\/wp\/v2\/pages"}],"about":[{"href":"https:\/\/montreux-vieux.net\/index.php?rest_route=\/wp\/v2\/types\/page"}],"author":[{"embeddable":true,"href":"https:\/\/montreux-vieux.net\/index.php?rest_route=\/wp\/v2\/users\/1"}],"replies":[{"embeddable":true,"href":"https:\/\/montreux-vieux.net\/index.php?rest_route=%2Fwp%2Fv2%2Fcomments&post=21918"}],"version-history":[{"count":1,"href":"https:\/\/montreux-vieux.net\/index.php?rest_route=\/wp\/v2\/pages\/21918\/revisions"}],"predecessor-version":[{"id":21919,"href":"https:\/\/montreux-vieux.net\/index.php?rest_route=\/wp\/v2\/pages\/21918\/revisions\/21919"}],"up":[{"embeddable":true,"href":"https:\/\/montreux-vieux.net\/index.php?rest_route=\/wp\/v2\/pages\/4909"}],"wp:attachment":[{"href":"https:\/\/montreux-vieux.net\/index.php?rest_route=%2Fwp%2Fv2%2Fmedia&parent=21918"}],"curies":[{"name":"wp","href":"https:\/\/api.w.org\/{rel}","templated":true}]}}