{"id":21923,"date":"2020-11-05T14:34:44","date_gmt":"2020-11-05T13:34:44","guid":{"rendered":"https:\/\/montreux-vieux.net\/?page_id=21923"},"modified":"2020-11-05T14:34:44","modified_gmt":"2020-11-05T13:34:44","slug":"le-ministre-es-postes-se-rend-a-montreux-vieux","status":"publish","type":"page","link":"https:\/\/montreux-vieux.net\/?page_id=21923","title":{"rendered":"Le Ministre es Postes se rend \u00e0 Montreux-Vieux"},"content":{"rendered":"\n<p>LES MINISTRES QUI PASSENT&#8230; \u00e0 la gare de Mulhouse. \u2014 Ce matin, M. Kraetke, ministre des postes, a pass\u00e9 \u00e0 Mulhouse en train sp\u00e9cial, pour se rendre \u00e0 Montreux Vieux. De l\u00e0, il ira directement \u00e0 Strasbourg.<\/p>\n\n\n\n<p>LES RETARDS DU COURRIER DE PARIS. \u2014 L\u2019administration des postes nous fournit des renseignements sur les retards que subit depuis deux jours le courrier de Paris du matin. Les employ\u00e9s de Mulhouse n\u2019en sont nullement responsables. A cette \u00e9poque de l\u2019ann\u00e9e, nous explique l\u2019administration, le wagon postal venant de Paris est tellement encombr\u00e9 de bagages qu\u2019il est impossible aux employ\u00e9s de retirer le sac de correspondance \u00e0 son arriv\u00e9e \u00e0 Montreux-Vieux. A cette gare fronti\u00e8re, la douane plombe le wagon qui ne peut plus \u00eatre ouvert ensuite qu\u2019\u00e0 B\u00e2le. C\u2019est la raison pour laquelle le courrier de Paris br\u00fble la station de Mulhouse, a en va \u00e0 B\u00e2le, d\u2019o\u00f9 il revient par le train suivant. Cette explication d\u00e9gage en effet la responsabilit\u00e9 des employ\u00e9s des postes, mais en revanche &nbsp;donne pas satisfaction aux personnes qui attendent leur courrier et qui sont en droit de trouver mauvais que les correspondances destin\u00e9es \u00e0 une grande ville industrielle comme Mulhouse souffrent des retards aussi contis\u00e9rables pour on ne sait quelles chinoiseries bureaucratiques<\/p>\n\n\n\n<p>Sources\u00a0: Express 2 ao\u00fbt 1907<\/p>\n","protected":false},"excerpt":{"rendered":"<p>LES MINISTRES QUI PASSENT&#8230; \u00e0 la gare de Mulhouse. \u2014 Ce matin, M. Kraetke, ministre des postes, a pass\u00e9 \u00e0 Mulhouse en train sp\u00e9cial, pour se rendre \u00e0 Montreux Vieux. De l\u00e0, il ira directement \u00e0 Strasbourg. LES RETARDS DU &hellip; <a href=\"https:\/\/montreux-vieux.net\/?page_id=21923\">Continuer la lecture <span class=\"meta-nav\">&rarr;<\/span><\/a><\/p>\n","protected":false},"author":1,"featured_media":0,"parent":4909,"menu_order":30,"comment_status":"closed","ping_status":"open","template":"","meta":{"footnotes":""},"class_list":["post-21923","page","type-page","status-publish","hentry"],"_links":{"self":[{"href":"https:\/\/montreux-vieux.net\/index.php?rest_route=\/wp\/v2\/pages\/21923","targetHints":{"allow":["GET"]}}],"collection":[{"href":"https:\/\/montreux-vieux.net\/index.php?rest_route=\/wp\/v2\/pages"}],"about":[{"href":"https:\/\/montreux-vieux.net\/index.php?rest_route=\/wp\/v2\/types\/page"}],"author":[{"embeddable":true,"href":"https:\/\/montreux-vieux.net\/index.php?rest_route=\/wp\/v2\/users\/1"}],"replies":[{"embeddable":true,"href":"https:\/\/montreux-vieux.net\/index.php?rest_route=%2Fwp%2Fv2%2Fcomments&post=21923"}],"version-history":[{"count":1,"href":"https:\/\/montreux-vieux.net\/index.php?rest_route=\/wp\/v2\/pages\/21923\/revisions"}],"predecessor-version":[{"id":21924,"href":"https:\/\/montreux-vieux.net\/index.php?rest_route=\/wp\/v2\/pages\/21923\/revisions\/21924"}],"up":[{"embeddable":true,"href":"https:\/\/montreux-vieux.net\/index.php?rest_route=\/wp\/v2\/pages\/4909"}],"wp:attachment":[{"href":"https:\/\/montreux-vieux.net\/index.php?rest_route=%2Fwp%2Fv2%2Fmedia&parent=21923"}],"curies":[{"name":"wp","href":"https:\/\/api.w.org\/{rel}","templated":true}]}}