{"id":21925,"date":"2020-11-05T14:37:42","date_gmt":"2020-11-05T13:37:42","guid":{"rendered":"https:\/\/montreux-vieux.net\/?page_id=21925"},"modified":"2020-11-05T14:37:42","modified_gmt":"2020-11-05T13:37:42","slug":"au-journal-officiel","status":"publish","type":"page","link":"https:\/\/montreux-vieux.net\/?page_id=21925","title":{"rendered":"Au journal officiel"},"content":{"rendered":"\n<p>Sont naturalis\u00e9s fran\u00e7ais le 5 mars 1939&nbsp;: RET (Jean-Baptiste), ma\u00e7on, n\u00e9 le 9 octobre 1902 \u00e0 Gastelnuovo-del-Friuli- &nbsp;(Italie), ayant trois enfants mineurs: 1\u00b0 Gis\u00e8le, n\u00e9e le 26 mars 1928 \u00e0 Montreux-Vieux (Haut Rhin); 2 Isabelle-Antoinette, n\u00e9e le 30 janvier 1930 \u00e0 Montreux-Jeune (Haut-Rhin) ; 3 Rino-Joseph, n\u00e9 le 23 juillet 1933 \u00e0 Montreux Jeune (Haut-Rhin), et BONATO (Th\u00e9r\u00e8se), sa femme, n\u00e9e le 18 mai 1904 \u00e0 Loreggio (Italie), demeurant \u00e0 Montreux-Jeune (Haut-Rhin).<\/p>\n\n\n\n<p>Sources&nbsp;: J.O. 5 mars 1939<\/p>\n\n\n\n<p>&nbsp;&nbsp;M. B. \u2014 M. Antoine (Jules), cantonnier retrait\u00e9 de la Soci\u00e9t\u00e9 nationale des chemins de fer fran\u00e7ais A Montreux-Vieux.<\/p>\n\n\n\n<p>Sources&nbsp;: JO 23 novembre 1947<\/p>\n\n\n\n<p>Meyer (Jacques), aiguilleur de 2* classe \u00e0 Montreux-vieux ; 29 ans de services.<\/p>\n\n\n\n<p>JO 13 janvier 1936<\/p>\n\n\n\n<p>Pension civile A Montreux-Vieux, ,M- .Briqu\u00e9 d\u00e9cision du 1er juillet 1939).<\/p>\n\n\n\n<p>JO&nbsp; 25 ao\u00fbt 1939<\/p>\n\n\n\n<p>Barbier (Ernest), ex-facteur \u00e0 Montreux-Vieux; 30 ans de services.<\/p>\n\n\n\n<p>JO 9 ao\u00fbt 1934<\/p>\n\n\n\n<p> <\/p>\n\n\n\n<p><\/p>\n","protected":false},"excerpt":{"rendered":"<p>Sont naturalis\u00e9s fran\u00e7ais le 5 mars 1939&nbsp;: RET (Jean-Baptiste), ma\u00e7on, n\u00e9 le 9 octobre 1902 \u00e0 Gastelnuovo-del-Friuli- &nbsp;(Italie), ayant trois enfants mineurs: 1\u00b0 Gis\u00e8le, n\u00e9e le 26 mars 1928 \u00e0 Montreux-Vieux (Haut Rhin); 2 Isabelle-Antoinette, n\u00e9e le 30 janvier 1930 &hellip; <a href=\"https:\/\/montreux-vieux.net\/?page_id=21925\">Continuer la lecture <span class=\"meta-nav\">&rarr;<\/span><\/a><\/p>\n","protected":false},"author":1,"featured_media":0,"parent":13095,"menu_order":240,"comment_status":"closed","ping_status":"open","template":"","meta":{"footnotes":""},"class_list":["post-21925","page","type-page","status-publish","hentry"],"_links":{"self":[{"href":"https:\/\/montreux-vieux.net\/index.php?rest_route=\/wp\/v2\/pages\/21925","targetHints":{"allow":["GET"]}}],"collection":[{"href":"https:\/\/montreux-vieux.net\/index.php?rest_route=\/wp\/v2\/pages"}],"about":[{"href":"https:\/\/montreux-vieux.net\/index.php?rest_route=\/wp\/v2\/types\/page"}],"author":[{"embeddable":true,"href":"https:\/\/montreux-vieux.net\/index.php?rest_route=\/wp\/v2\/users\/1"}],"replies":[{"embeddable":true,"href":"https:\/\/montreux-vieux.net\/index.php?rest_route=%2Fwp%2Fv2%2Fcomments&post=21925"}],"version-history":[{"count":1,"href":"https:\/\/montreux-vieux.net\/index.php?rest_route=\/wp\/v2\/pages\/21925\/revisions"}],"predecessor-version":[{"id":21926,"href":"https:\/\/montreux-vieux.net\/index.php?rest_route=\/wp\/v2\/pages\/21925\/revisions\/21926"}],"up":[{"embeddable":true,"href":"https:\/\/montreux-vieux.net\/index.php?rest_route=\/wp\/v2\/pages\/13095"}],"wp:attachment":[{"href":"https:\/\/montreux-vieux.net\/index.php?rest_route=%2Fwp%2Fv2%2Fmedia&parent=21925"}],"curies":[{"name":"wp","href":"https:\/\/api.w.org\/{rel}","templated":true}]}}