{"id":21927,"date":"2020-11-05T14:44:51","date_gmt":"2020-11-05T13:44:51","guid":{"rendered":"https:\/\/montreux-vieux.net\/?page_id=21927"},"modified":"2020-11-05T14:44:51","modified_gmt":"2020-11-05T13:44:51","slug":"laboratoire-friez","status":"publish","type":"page","link":"https:\/\/montreux-vieux.net\/?page_id=21927","title":{"rendered":"Laboratoire Friez"},"content":{"rendered":"\n<p>Registre de commerce A 10.690: Laboratoire Absa, produits v\u00e9t\u00e9rinaires et hygi\u00e9niques a Montreux-Vieux, propri\u00e9taire: Paul Friez.<\/p>\n\n\n\n<p>Express 12 janvier 1935<\/p>\n","protected":false},"excerpt":{"rendered":"<p>Registre de commerce A 10.690: Laboratoire Absa, produits v\u00e9t\u00e9rinaires et hygi\u00e9niques a Montreux-Vieux, propri\u00e9taire: Paul Friez. Express 12 janvier 1935<\/p>\n","protected":false},"author":1,"featured_media":0,"parent":1502,"menu_order":130,"comment_status":"closed","ping_status":"open","template":"","meta":{"footnotes":""},"class_list":["post-21927","page","type-page","status-publish","hentry"],"_links":{"self":[{"href":"https:\/\/montreux-vieux.net\/index.php?rest_route=\/wp\/v2\/pages\/21927","targetHints":{"allow":["GET"]}}],"collection":[{"href":"https:\/\/montreux-vieux.net\/index.php?rest_route=\/wp\/v2\/pages"}],"about":[{"href":"https:\/\/montreux-vieux.net\/index.php?rest_route=\/wp\/v2\/types\/page"}],"author":[{"embeddable":true,"href":"https:\/\/montreux-vieux.net\/index.php?rest_route=\/wp\/v2\/users\/1"}],"replies":[{"embeddable":true,"href":"https:\/\/montreux-vieux.net\/index.php?rest_route=%2Fwp%2Fv2%2Fcomments&post=21927"}],"version-history":[{"count":1,"href":"https:\/\/montreux-vieux.net\/index.php?rest_route=\/wp\/v2\/pages\/21927\/revisions"}],"predecessor-version":[{"id":21928,"href":"https:\/\/montreux-vieux.net\/index.php?rest_route=\/wp\/v2\/pages\/21927\/revisions\/21928"}],"up":[{"embeddable":true,"href":"https:\/\/montreux-vieux.net\/index.php?rest_route=\/wp\/v2\/pages\/1502"}],"wp:attachment":[{"href":"https:\/\/montreux-vieux.net\/index.php?rest_route=%2Fwp%2Fv2%2Fmedia&parent=21927"}],"curies":[{"name":"wp","href":"https:\/\/api.w.org\/{rel}","templated":true}]}}