{"id":21932,"date":"2020-11-05T15:11:17","date_gmt":"2020-11-05T14:11:17","guid":{"rendered":"https:\/\/montreux-vieux.net\/?page_id=21932"},"modified":"2020-11-05T15:11:17","modified_gmt":"2020-11-05T14:11:17","slug":"apres-guerre-en-entrant-au-village","status":"publish","type":"page","link":"https:\/\/montreux-vieux.net\/?page_id=21932","title":{"rendered":"Apr\u00e8s guerre en entrant au village"},"content":{"rendered":"\n<p>Poteau fronti\u00e8re. On l&rsquo;a port\u00e9 chez le gouverneur de Belfort, aux acclamations des habitants \u00e9lectris\u00e9s, et le gouverneur, tout \u00e9mu, a donn\u00e9 un Louis \u00e0 l\u2019homme qui l&rsquo;avait arrach\u00e9. Derri\u00e8re le poteau, il y avait une auberge tenue par un immigr\u00e9, elle s&rsquo;appelait Gasthaus zum Grehze ; elle est toujours debout, vide ; les fen\u00eatres sont saccag\u00e9es. Plus loin, c&rsquo;est Montreux-Vieux, qu&rsquo;on ne nomme plus Alt. Miinsterol. Nous nous arr\u00eatons pour contempler les effets de la guerre. L&rsquo;arm\u00e9e fran\u00e7aise occupait le village et la gare. La mitraille allemande pleuvait ; l&rsquo;ennemi \u00e9tait en face, retranch\u00e9 vers un petit bois. Bient\u00f4t il partit en d\u00e9route, mar quant sa route de cadavres. Montreux-Vieux avait pay\u00e9 le succ\u00e8s: il n&rsquo;a souffert que des armes prussiennes. Dans la gare, toutes les vitres sont trou\u00e9es par les balles ; on a couvert leurs plaies \u00e9toil\u00e9es avec des papiers verts qui semblent de gros confettis; les rails s&rsquo;allongent au loin ; les disques et les signaux font autant de bizarres squelettes dans ce d\u00e9sert \u00e9troit. La Kaiserliches Post n&rsquo;est plus que d\u00e9combres. Plus de loit sur la maison ; l&rsquo;escalier est tout noirci par les flammes ; j&rsquo;ai voulu cepertdant le gravir et j&rsquo;ai d\u00e9couvert dans la chambre, qui \u00e9tait celle du receveur, parmi des d\u00e9combres, et les souillures, deux bicyclettes tordues, amas de ferraille rouill\u00e9e.. &nbsp;A c\u00f4t\u00e9, il y a un caf\u00e9 allemand. il est; tenu par une femme blonde, raconte notre guide ; son mari \u00e9tait un espion que nous avons d\u00fb fusiller. P\u00ebut-\u00ealre allez-vous la voir. &nbsp;Mais la fertlme blonde ne s est pas montr\u00e9e.<\/p>\n\n\n\n<p>Sources&nbsp;: Journal Politiques et Litt\u00e9raires 20 novembre 1914<\/p>\n","protected":false},"excerpt":{"rendered":"<p>Poteau fronti\u00e8re. On l&rsquo;a port\u00e9 chez le gouverneur de Belfort, aux acclamations des habitants \u00e9lectris\u00e9s, et le gouverneur, tout \u00e9mu, a donn\u00e9 un Louis \u00e0 l\u2019homme qui l&rsquo;avait arrach\u00e9. Derri\u00e8re le poteau, il y avait une auberge tenue par un &hellip; <a href=\"https:\/\/montreux-vieux.net\/?page_id=21932\">Continuer la lecture <span class=\"meta-nav\">&rarr;<\/span><\/a><\/p>\n","protected":false},"author":1,"featured_media":0,"parent":12673,"menu_order":220,"comment_status":"closed","ping_status":"open","template":"","meta":{"footnotes":""},"class_list":["post-21932","page","type-page","status-publish","hentry"],"_links":{"self":[{"href":"https:\/\/montreux-vieux.net\/index.php?rest_route=\/wp\/v2\/pages\/21932","targetHints":{"allow":["GET"]}}],"collection":[{"href":"https:\/\/montreux-vieux.net\/index.php?rest_route=\/wp\/v2\/pages"}],"about":[{"href":"https:\/\/montreux-vieux.net\/index.php?rest_route=\/wp\/v2\/types\/page"}],"author":[{"embeddable":true,"href":"https:\/\/montreux-vieux.net\/index.php?rest_route=\/wp\/v2\/users\/1"}],"replies":[{"embeddable":true,"href":"https:\/\/montreux-vieux.net\/index.php?rest_route=%2Fwp%2Fv2%2Fcomments&post=21932"}],"version-history":[{"count":1,"href":"https:\/\/montreux-vieux.net\/index.php?rest_route=\/wp\/v2\/pages\/21932\/revisions"}],"predecessor-version":[{"id":21933,"href":"https:\/\/montreux-vieux.net\/index.php?rest_route=\/wp\/v2\/pages\/21932\/revisions\/21933"}],"up":[{"embeddable":true,"href":"https:\/\/montreux-vieux.net\/index.php?rest_route=\/wp\/v2\/pages\/12673"}],"wp:attachment":[{"href":"https:\/\/montreux-vieux.net\/index.php?rest_route=%2Fwp%2Fv2%2Fmedia&parent=21932"}],"curies":[{"name":"wp","href":"https:\/\/api.w.org\/{rel}","templated":true}]}}