{"id":21936,"date":"2020-11-05T15:27:37","date_gmt":"2020-11-05T14:27:37","guid":{"rendered":"https:\/\/montreux-vieux.net\/?page_id=21936"},"modified":"2020-11-05T15:27:37","modified_gmt":"2020-11-05T14:27:37","slug":"me-trafic-de-marchandises-en-fevrier-1892","status":"publish","type":"page","link":"https:\/\/montreux-vieux.net\/?page_id=21936","title":{"rendered":"Me trafic de marchandises en f\u00e9vrier 1892"},"content":{"rendered":"\n<p>Montreux-vieux, 14 f\u00e9vrier.\u2014Le trafic des marchandises a consid\u00e9rablement diminu\u00e9 depuis le Ier f\u00e9vrier, aussi les trains ordinaires suffisent-ils pleinement \u00e0 faire le service par la gare de Montreux-Vieux. Les recettes provenant du transport des marchandises ont \u00e9t\u00e9 pour le mois du d\u00e9cembre dernier de 84,023 mark contre 71,001 mark pour novembre. Le nombre des voyageurs qui ont pass\u00e9 par notre gare a \u00e9t\u00e9 en d\u00e9cembre de 2 447 soit &nbsp;1000 de plus que pendant le mois correspon dant de l\u2019ann\u00e9e derni\u00e8re, sous le r\u00e9gime du passeport.<\/p>\n\n\n\n<p>Sources&nbsp;: Express 14 f\u00e9vrier 1892<\/p>\n","protected":false},"excerpt":{"rendered":"<p>Montreux-vieux, 14 f\u00e9vrier.\u2014Le trafic des marchandises a consid\u00e9rablement diminu\u00e9 depuis le Ier f\u00e9vrier, aussi les trains ordinaires suffisent-ils pleinement \u00e0 faire le service par la gare de Montreux-Vieux. Les recettes provenant du transport des marchandises ont \u00e9t\u00e9 pour le mois &hellip; <a href=\"https:\/\/montreux-vieux.net\/?page_id=21936\">Continuer la lecture <span class=\"meta-nav\">&rarr;<\/span><\/a><\/p>\n","protected":false},"author":1,"featured_media":0,"parent":13007,"menu_order":295,"comment_status":"closed","ping_status":"open","template":"","meta":{"footnotes":""},"class_list":["post-21936","page","type-page","status-publish","hentry"],"_links":{"self":[{"href":"https:\/\/montreux-vieux.net\/index.php?rest_route=\/wp\/v2\/pages\/21936","targetHints":{"allow":["GET"]}}],"collection":[{"href":"https:\/\/montreux-vieux.net\/index.php?rest_route=\/wp\/v2\/pages"}],"about":[{"href":"https:\/\/montreux-vieux.net\/index.php?rest_route=\/wp\/v2\/types\/page"}],"author":[{"embeddable":true,"href":"https:\/\/montreux-vieux.net\/index.php?rest_route=\/wp\/v2\/users\/1"}],"replies":[{"embeddable":true,"href":"https:\/\/montreux-vieux.net\/index.php?rest_route=%2Fwp%2Fv2%2Fcomments&post=21936"}],"version-history":[{"count":1,"href":"https:\/\/montreux-vieux.net\/index.php?rest_route=\/wp\/v2\/pages\/21936\/revisions"}],"predecessor-version":[{"id":21937,"href":"https:\/\/montreux-vieux.net\/index.php?rest_route=\/wp\/v2\/pages\/21936\/revisions\/21937"}],"up":[{"embeddable":true,"href":"https:\/\/montreux-vieux.net\/index.php?rest_route=\/wp\/v2\/pages\/13007"}],"wp:attachment":[{"href":"https:\/\/montreux-vieux.net\/index.php?rest_route=%2Fwp%2Fv2%2Fmedia&parent=21936"}],"curies":[{"name":"wp","href":"https:\/\/api.w.org\/{rel}","templated":true}]}}