{"id":2195,"date":"2011-11-04T20:51:13","date_gmt":"2011-11-04T19:51:13","guid":{"rendered":"http:\/\/montreux-vieux.org\/?page_id=2195"},"modified":"2019-01-02T09:21:53","modified_gmt":"2019-01-02T08:21:53","slug":"fin-de-lincident-de-montreux-vieux","status":"publish","type":"page","link":"https:\/\/montreux-vieux.net\/?page_id=2195","title":{"rendered":"Fin de l\u2019incident de Montreux-Vieux"},"content":{"rendered":"<p>&nbsp;<\/p>\n<h3 style=\"text-align: center;\"><span style=\"color: #000000;\">Fin de l\u2019incident de Montreux-Vieux<\/span><\/h3>\n<h4 style=\"text-align: justify;\"><span style=\"color: #000000;\">07\/08\/1887<\/span><\/h4>\n<h4 style=\"text-align: justify;\">MM. Schmitt et Reinbold&nbsp; employ\u00e9s auxiliaires \u00e0 la Compagnie de l\u2019Est qui avaient \u00e9t\u00e9 arr\u00eat\u00e9s on se le rappelle le 17 mai par&nbsp; des gendarmes allemands \u00e0 Montreux-Vieux et conduits \u00e0 la prison de Mulhouse viennent d\u2019\u00eatre relax\u00e9s.<\/h4>\n<h4 style=\"text-align: justify;\">On sait qu\u2019ils \u00e9taient accus\u00e9s d\u2019avoir arrach\u00e9 le poteau allemand de d\u00e9limitation de la fronti\u00e8re. Aucune preuve n\u2019a pu \u00eatre fournie contre eux.<\/h4>\n","protected":false},"excerpt":{"rendered":"<p>&nbsp; Fin de l\u2019incident de Montreux-Vieux 07\/08\/1887 MM. Schmitt et Reinbold&nbsp; employ\u00e9s auxiliaires \u00e0 la Compagnie de l\u2019Est qui avaient \u00e9t\u00e9 arr\u00eat\u00e9s on se le rappelle le 17 mai par&nbsp; des gendarmes allemands \u00e0 Montreux-Vieux et conduits \u00e0 la prison &hellip; <a href=\"https:\/\/montreux-vieux.net\/?page_id=2195\">Continuer la lecture <span class=\"meta-nav\">&rarr;<\/span><\/a><\/p>\n","protected":false},"author":1,"featured_media":0,"parent":13044,"menu_order":14,"comment_status":"open","ping_status":"open","template":"","meta":{"footnotes":""},"class_list":["post-2195","page","type-page","status-publish","hentry"],"_links":{"self":[{"href":"https:\/\/montreux-vieux.net\/index.php?rest_route=\/wp\/v2\/pages\/2195","targetHints":{"allow":["GET"]}}],"collection":[{"href":"https:\/\/montreux-vieux.net\/index.php?rest_route=\/wp\/v2\/pages"}],"about":[{"href":"https:\/\/montreux-vieux.net\/index.php?rest_route=\/wp\/v2\/types\/page"}],"author":[{"embeddable":true,"href":"https:\/\/montreux-vieux.net\/index.php?rest_route=\/wp\/v2\/users\/1"}],"replies":[{"embeddable":true,"href":"https:\/\/montreux-vieux.net\/index.php?rest_route=%2Fwp%2Fv2%2Fcomments&post=2195"}],"version-history":[{"count":4,"href":"https:\/\/montreux-vieux.net\/index.php?rest_route=\/wp\/v2\/pages\/2195\/revisions"}],"predecessor-version":[{"id":13246,"href":"https:\/\/montreux-vieux.net\/index.php?rest_route=\/wp\/v2\/pages\/2195\/revisions\/13246"}],"up":[{"embeddable":true,"href":"https:\/\/montreux-vieux.net\/index.php?rest_route=\/wp\/v2\/pages\/13044"}],"wp:attachment":[{"href":"https:\/\/montreux-vieux.net\/index.php?rest_route=%2Fwp%2Fv2%2Fmedia&parent=2195"}],"curies":[{"name":"wp","href":"https:\/\/api.w.org\/{rel}","templated":true}]}}