{"id":22099,"date":"2020-11-12T15:04:57","date_gmt":"2020-11-12T14:04:57","guid":{"rendered":"https:\/\/montreux-vieux.net\/?page_id=22099"},"modified":"2020-11-12T15:04:57","modified_gmt":"2020-11-12T14:04:57","slug":"la-plus-belle-messe-de-minuit-a-montreux-vieux-apres-la-liberation-de-montreux-vieux-du-27-au-28-novembre-1944","status":"publish","type":"page","link":"https:\/\/montreux-vieux.net\/?page_id=22099","title":{"rendered":"La plus belle messe de minuit \u00e0 Montreux-Vieux apr\u00e8s la lib\u00e9ration de Montreux-Vieux du 27 au 28 novembre 1944"},"content":{"rendered":"\n<p>Dans un article du 15 d\u00e9cembre 1999, il y a donc 20 ans, Ren\u00e9 Pierre raconte l\u2019histoire de la lib\u00e9ration de Montreux-Vieux du 27 et 28 novembre 1944 par des lib\u00e9rateurs fran\u00e7ais. Il raconte notamment que le 30 novembre des mines pos\u00e9es en traitrise par les derniers occupants faisaient quatre bless\u00e9s graves dont des jeunes d\u2019une vingtaine d\u2019ann\u00e9es Andr\u00e9 Bloch, Lucien De Vittori, un autre qui lui \u00e9tait cheminot. S\u2019\u00e9tant port\u00e9s volontaires pour aller en for\u00eat couper des troncs d\u2019arbres destin\u00e9s \u00e0 tenir lieu de pont provisoire sur la Saint Nicolas, vers Montreux-Ch\u00e2teau tous trois longeaient la voie ferr\u00e9e lorsque l\u2019un d\u2019entre eux a march\u00e9 sur une mine antipersonnel qui a explos\u00e9. Lucien De Vittori a eu le corps cribl\u00e9 d\u2019\u00e9clats mais est parvenu n\u00e9anmoins \u00e0 en alerter les secours alors qu\u2019Andr\u00e9 Bloch et son compagnon avaient chacun un pied arrach\u00e9. Th\u00e9ophile Huggenberger chef des pompiers de l\u2019\u00e9poque en voulant, au p\u00e9ril de sa vie leur porter secours, sauta \u00e9galement sur une mine et a du par la suite \u00eatre amput\u00e9 d\u2019une jambe.<\/p>\n\n\n\n<p>Les Allemands avaient d\u00e9truits par explosifs toutes les infrastructures, ponts, routes, installations ferroviaires etc\u2026 Une administration provisoire a \u00e9t\u00e9 mis en place avec le r\u00e9tablissement du maire Catt\u00e9 C\u00e9lestin. Les groupes locaux de FFIA command\u00e9s \u00e0 Montreux-Vieux par Lucien Charbonnier collaboraient pour assurer l\u2019ordre, et assurer diverses t\u00e2ches Les objectifs prioritaires \u00e9taient nombreux, pourvoir \u00e0 la survie des familles les plus d\u00e9munies, mises hors d\u2019eau des immeubles touch\u00e9s par les bombardements. Plus de courrier, plus de t\u00e9l\u00e9phone et surtout plus d\u2019\u00e9lectricit\u00e9. Il fallait s\u2019\u00e9clairer \u00e0 la lampe de p\u00e9trole ou des cierges d\u2019\u00e9glise. Le chauffage \u00e9tait au bois il y en avait suffisamment.<\/p>\n\n\n\n<p>Il dit pour conclure que malgr\u00e9 toutes les difficult\u00e9s connues \u00e0 l\u2019\u00e9poque la messe de minuit du 24 d\u00e9cembre 1944 fut peut-\u00eatre la plus belle messe de minuit de tous les temps.<\/p>\n","protected":false},"excerpt":{"rendered":"<p>Dans un article du 15 d\u00e9cembre 1999, il y a donc 20 ans, Ren\u00e9 Pierre raconte l\u2019histoire de la lib\u00e9ration de Montreux-Vieux du 27 et 28 novembre 1944 par des lib\u00e9rateurs fran\u00e7ais. Il raconte notamment que le 30 novembre des &hellip; <a href=\"https:\/\/montreux-vieux.net\/?page_id=22099\">Continuer la lecture <span class=\"meta-nav\">&rarr;<\/span><\/a><\/p>\n","protected":false},"author":1,"featured_media":0,"parent":12675,"menu_order":30,"comment_status":"closed","ping_status":"open","template":"","meta":{"footnotes":""},"class_list":["post-22099","page","type-page","status-publish","hentry"],"_links":{"self":[{"href":"https:\/\/montreux-vieux.net\/index.php?rest_route=\/wp\/v2\/pages\/22099","targetHints":{"allow":["GET"]}}],"collection":[{"href":"https:\/\/montreux-vieux.net\/index.php?rest_route=\/wp\/v2\/pages"}],"about":[{"href":"https:\/\/montreux-vieux.net\/index.php?rest_route=\/wp\/v2\/types\/page"}],"author":[{"embeddable":true,"href":"https:\/\/montreux-vieux.net\/index.php?rest_route=\/wp\/v2\/users\/1"}],"replies":[{"embeddable":true,"href":"https:\/\/montreux-vieux.net\/index.php?rest_route=%2Fwp%2Fv2%2Fcomments&post=22099"}],"version-history":[{"count":1,"href":"https:\/\/montreux-vieux.net\/index.php?rest_route=\/wp\/v2\/pages\/22099\/revisions"}],"predecessor-version":[{"id":22100,"href":"https:\/\/montreux-vieux.net\/index.php?rest_route=\/wp\/v2\/pages\/22099\/revisions\/22100"}],"up":[{"embeddable":true,"href":"https:\/\/montreux-vieux.net\/index.php?rest_route=\/wp\/v2\/pages\/12675"}],"wp:attachment":[{"href":"https:\/\/montreux-vieux.net\/index.php?rest_route=%2Fwp%2Fv2%2Fmedia&parent=22099"}],"curies":[{"name":"wp","href":"https:\/\/api.w.org\/{rel}","templated":true}]}}