{"id":2231,"date":"2011-11-05T22:04:57","date_gmt":"2011-11-05T21:04:57","guid":{"rendered":"http:\/\/montreux-vieux.org\/?page_id=2231"},"modified":"2019-01-02T10:14:09","modified_gmt":"2019-01-02T09:14:09","slug":"sept-notables-de-montreux-vieux-pris-en-otages","status":"publish","type":"page","link":"https:\/\/montreux-vieux.net\/?page_id=2231","title":{"rendered":"Sept notables de Montreux-Vieux pris en otages"},"content":{"rendered":"<h3 style=\"text-align: center;\"><span style=\"color: #000000;\">Sept notables de Montreux-Vieux pris en otages<\/span><\/h3>\n<h4 style=\"text-align: justify;\">&nbsp;Belfort le 10 ao\u00fbt 1914<\/h4>\n<h4 style=\"text-align: justify;\">Un train blind\u00e9, qui r\u00e9tablit la voie entre Belfort et Mulhouse a ramen\u00e9 ici deux locomotives allemandes.<\/h4>\n<h4 style=\"text-align: justify;\">En raison de l\u2019ex\u00e9cution injustifi\u00e9e de sujets fran\u00e7ais par les allemands, on a pris comme otages sept notables de Montreux-Vieux<\/h4>\n","protected":false},"excerpt":{"rendered":"<p>Sept notables de Montreux-Vieux pris en otages &nbsp;Belfort le 10 ao\u00fbt 1914 Un train blind\u00e9, qui r\u00e9tablit la voie entre Belfort et Mulhouse a ramen\u00e9 ici deux locomotives allemandes. En raison de l\u2019ex\u00e9cution injustifi\u00e9e de sujets fran\u00e7ais par les allemands, &hellip; <a href=\"https:\/\/montreux-vieux.net\/?page_id=2231\">Continuer la lecture <span class=\"meta-nav\">&rarr;<\/span><\/a><\/p>\n","protected":false},"author":1,"featured_media":0,"parent":12673,"menu_order":42,"comment_status":"open","ping_status":"open","template":"","meta":{"footnotes":""},"class_list":["post-2231","page","type-page","status-publish","hentry"],"_links":{"self":[{"href":"https:\/\/montreux-vieux.net\/index.php?rest_route=\/wp\/v2\/pages\/2231","targetHints":{"allow":["GET"]}}],"collection":[{"href":"https:\/\/montreux-vieux.net\/index.php?rest_route=\/wp\/v2\/pages"}],"about":[{"href":"https:\/\/montreux-vieux.net\/index.php?rest_route=\/wp\/v2\/types\/page"}],"author":[{"embeddable":true,"href":"https:\/\/montreux-vieux.net\/index.php?rest_route=\/wp\/v2\/users\/1"}],"replies":[{"embeddable":true,"href":"https:\/\/montreux-vieux.net\/index.php?rest_route=%2Fwp%2Fv2%2Fcomments&post=2231"}],"version-history":[{"count":4,"href":"https:\/\/montreux-vieux.net\/index.php?rest_route=\/wp\/v2\/pages\/2231\/revisions"}],"predecessor-version":[{"id":13264,"href":"https:\/\/montreux-vieux.net\/index.php?rest_route=\/wp\/v2\/pages\/2231\/revisions\/13264"}],"up":[{"embeddable":true,"href":"https:\/\/montreux-vieux.net\/index.php?rest_route=\/wp\/v2\/pages\/12673"}],"wp:attachment":[{"href":"https:\/\/montreux-vieux.net\/index.php?rest_route=%2Fwp%2Fv2%2Fmedia&parent=2231"}],"curies":[{"name":"wp","href":"https:\/\/api.w.org\/{rel}","templated":true}]}}