{"id":2247,"date":"2011-11-06T17:35:27","date_gmt":"2011-11-06T16:35:27","guid":{"rendered":"http:\/\/montreux-vieux.org\/?page_id=2247"},"modified":"2020-06-18T14:52:00","modified_gmt":"2020-06-18T13:52:00","slug":"un-coup-de-fusil-sur-le-train-a-montreux-vieux","status":"publish","type":"page","link":"https:\/\/montreux-vieux.net\/?page_id=2247","title":{"rendered":"Un coup de fusil sur le train \u00e0 Montreux-Vieux"},"content":{"rendered":"<h3 style=\"text-align: center;\"><span style=\"color: #000000;\">Un coup de fusil sur le train \u00e0 Montreux-Vieux<\/span><\/h3>\n<h4 style=\"text-align: justify;\">\u00a029 octobre 1872<\/h4>\n<h4 style=\"text-align: justify;\">Un coup de fusil a \u00e9t\u00e9 tir\u00e9 avant-hier, pr\u00e8s de Lyon, sur la locomotive d\u2019un train venant de Gen\u00e8ve. La balle a perc\u00e9 la lunette en fer qui prot\u00e8ge le m\u00e9canicien. Des pierres \u00e9taient lanc\u00e9es en m\u00eame temps dans la m\u00eame direction. Heureusement personne n\u2019a \u00e9t\u00e9 atteint.<\/h4>\n<h4 style=\"text-align: justify;\">Un fait analogue a eu lieu pr\u00e8s de Mulhouse. On a tir\u00e9 sur un train de voyageurs.<\/h4>\n<h4 style=\"text-align: justify;\">La balle a travers\u00e9 la vitre d\u2019un coup\u00e9 de seconde classe dans lequel se trouvait un contr\u00f4leur des contributions de Montreux-Vieux. Celui-ci \u00e9tait pench\u00e9 en avant, la balle passe derri\u00e8re lui\u00a0: sans cette circonstance il \u00e9tait tu\u00e9 raide.<\/h4>\n<p style=\"text-align: justify; line-height: 18.0pt; background: white; margin: 6.0pt 0cm 6.0pt 0cm;\"><span style=\"font-family: 'Arial','sans-serif'; color: #4d4d4d; background: white;\">On \u00e9crit de Mulhouse au Courrier du BasRhin, \u00e0 la date du 22 octobre : Hier on a tir\u00e9, entre Dornach et Mulhouse, sur le train de voyageurs qui arrive ici \u00e0 7 heures 54 minutes. La balle a travers\u00e9 la vitre d&rsquo;un coup\u00e9 de seconde classe dans lequel se trouvait un contr\u00f4leur des contributions d\u2019Altm\u00fcnsterol, Celui ci \u00e9tait occup\u00e9 \u00e0 ramasser quelques effets plac\u00e9s sur le si\u00e8ge vis-\u00e0-vis de lui, et pendant qu\u2019il \u00e9tait ainsi pench\u00e9 en avant, la balle passa \u00e0 une tr\u00e8s courte distance de son dos et sortit par la vitre oppos\u00e9e. S\u2019il avait \u00e9t\u00e9 assis tout droit, elle l\u2019aurait immanquablement frapp\u00e9. On ne conna\u00eet pas encore l\u2019auteur de cette attaque.\u00a0<\/span><\/p>\n<p style=\"text-align: justify; line-height: 18.0pt; background: white; margin: 6.0pt 0cm 6.0pt 0cm;\"><span style=\"font-family: 'Arial','sans-serif'; color: #4d4d4d; background: white;\">Sources\u00a0: Le Temps 26 octobre 1872<\/span><\/p>\n","protected":false},"excerpt":{"rendered":"<p>Un coup de fusil sur le train \u00e0 Montreux-Vieux \u00a029 octobre 1872 Un coup de fusil a \u00e9t\u00e9 tir\u00e9 avant-hier, pr\u00e8s de Lyon, sur la locomotive d\u2019un train venant de Gen\u00e8ve. La balle a perc\u00e9 la lunette en fer qui &hellip; <a href=\"https:\/\/montreux-vieux.net\/?page_id=2247\">Continuer la lecture <span class=\"meta-nav\">&rarr;<\/span><\/a><\/p>\n","protected":false},"author":1,"featured_media":0,"parent":13044,"menu_order":28,"comment_status":"open","ping_status":"open","template":"","meta":{"footnotes":""},"class_list":["post-2247","page","type-page","status-publish","hentry"],"_links":{"self":[{"href":"https:\/\/montreux-vieux.net\/index.php?rest_route=\/wp\/v2\/pages\/2247","targetHints":{"allow":["GET"]}}],"collection":[{"href":"https:\/\/montreux-vieux.net\/index.php?rest_route=\/wp\/v2\/pages"}],"about":[{"href":"https:\/\/montreux-vieux.net\/index.php?rest_route=\/wp\/v2\/types\/page"}],"author":[{"embeddable":true,"href":"https:\/\/montreux-vieux.net\/index.php?rest_route=\/wp\/v2\/users\/1"}],"replies":[{"embeddable":true,"href":"https:\/\/montreux-vieux.net\/index.php?rest_route=%2Fwp%2Fv2%2Fcomments&post=2247"}],"version-history":[{"count":5,"href":"https:\/\/montreux-vieux.net\/index.php?rest_route=\/wp\/v2\/pages\/2247\/revisions"}],"predecessor-version":[{"id":19754,"href":"https:\/\/montreux-vieux.net\/index.php?rest_route=\/wp\/v2\/pages\/2247\/revisions\/19754"}],"up":[{"embeddable":true,"href":"https:\/\/montreux-vieux.net\/index.php?rest_route=\/wp\/v2\/pages\/13044"}],"wp:attachment":[{"href":"https:\/\/montreux-vieux.net\/index.php?rest_route=%2Fwp%2Fv2%2Fmedia&parent=2247"}],"curies":[{"name":"wp","href":"https:\/\/api.w.org\/{rel}","templated":true}]}}