{"id":2263,"date":"2011-11-07T15:07:59","date_gmt":"2011-11-07T14:07:59","guid":{"rendered":"http:\/\/montreux-vieux.org\/?page_id=2263"},"modified":"2018-12-31T15:38:37","modified_gmt":"2018-12-31T14:38:37","slug":"suicide-a-la-frontiere","status":"publish","type":"page","link":"https:\/\/montreux-vieux.net\/?page_id=2263","title":{"rendered":"Suicide \u00e0 la fronti\u00e8re"},"content":{"rendered":"<h3 style=\"text-align: center;\"><span style=\"color: #000000;\">Apr\u00e8s avoir bless\u00e9 2 jeunes filles, Camille Arbettier se suicide<\/span><\/h3>\n<h4 style=\"text-align: left;\"><span style=\"color: #000000;\">24-02-1909<\/span><\/h4>\n<h4 style=\"text-align: left;\"><span style=\"color: #000000;\">Le chauffeur de g\u00e9n\u00e9rateur de la gare de Petit-Croix, Camille Arbettier, poursuivait depuis longtemps sans succ\u00e8s de ses assiduit\u00e9s les demoiselles Corne, de Montreux-Ch\u00e2teau.<\/span><\/h4>\n<h4 style=\"text-align: left;\"><span style=\"color: #000000;\">Ce matin vers 6 heures, ayant vu ces derni\u00e8res prendre le chemin de Montreux-Vieux, commune situ\u00e9e sur le territoire annex\u00e9, Arbetier, \u00ab&nbsp;pouss\u00e9&nbsp;\u00bb par la jalousie les suivit et &nbsp;d\u00e9pass\u00e9 la fronti\u00e8re allemande, dans but d\u2019avoir avec elles une derni\u00e8re explication.<\/span><\/h4>\n<h4 style=\"text-align: left;\"><span style=\"color: #000000;\">Les demoiselles Corne s\u2019enfuirent \u00e0 la vue d\u2019Arbettier, qui alors compl\u00e8tement affol\u00e9, tira sur elles des coups de r\u00e9volver. Atteintes par les projectiles, les jeunes filles pouss\u00e8rent des cris de douleur et d\u2019effroi, et Arbettier,&nbsp; croyant les avoir tu\u00e9es, rebroussa chemin pour rentrer en France. Mais, \u00e0 vingt m\u00e8tres de la fronti\u00e8re, en proie avec une crise de d\u00e9sespoir, il tourna son arme contre lui et se br\u00fbla la cervelle.<\/span><\/h4>\n<h4 style=\"text-align: left;\"><span style=\"color: #000000;\">La mort fut instantan\u00e9e.<\/span><\/h4>\n<h4 style=\"text-align: left;\"><span style=\"color: #000000;\">Les autorit\u00e9s allemandes pr\u00e9vinrent les autorit\u00e9s fran\u00e7aises et leur remirent le cadavre d\u2019Arbettier.<\/span><\/h4>\n","protected":false},"excerpt":{"rendered":"<p>Apr\u00e8s avoir bless\u00e9 2 jeunes filles, Camille Arbettier se suicide 24-02-1909 Le chauffeur de g\u00e9n\u00e9rateur de la gare de Petit-Croix, Camille Arbettier, poursuivait depuis longtemps sans succ\u00e8s de ses assiduit\u00e9s les demoiselles Corne, de Montreux-Ch\u00e2teau. Ce matin vers 6 heures, &hellip; <a href=\"https:\/\/montreux-vieux.net\/?page_id=2263\">Continuer la lecture <span class=\"meta-nav\">&rarr;<\/span><\/a><\/p>\n","protected":false},"author":1,"featured_media":0,"parent":13130,"menu_order":14,"comment_status":"open","ping_status":"open","template":"","meta":{"footnotes":""},"class_list":["post-2263","page","type-page","status-publish","hentry"],"_links":{"self":[{"href":"https:\/\/montreux-vieux.net\/index.php?rest_route=\/wp\/v2\/pages\/2263","targetHints":{"allow":["GET"]}}],"collection":[{"href":"https:\/\/montreux-vieux.net\/index.php?rest_route=\/wp\/v2\/pages"}],"about":[{"href":"https:\/\/montreux-vieux.net\/index.php?rest_route=\/wp\/v2\/types\/page"}],"author":[{"embeddable":true,"href":"https:\/\/montreux-vieux.net\/index.php?rest_route=\/wp\/v2\/users\/1"}],"replies":[{"embeddable":true,"href":"https:\/\/montreux-vieux.net\/index.php?rest_route=%2Fwp%2Fv2%2Fcomments&post=2263"}],"version-history":[{"count":4,"href":"https:\/\/montreux-vieux.net\/index.php?rest_route=\/wp\/v2\/pages\/2263\/revisions"}],"predecessor-version":[{"id":13229,"href":"https:\/\/montreux-vieux.net\/index.php?rest_route=\/wp\/v2\/pages\/2263\/revisions\/13229"}],"up":[{"embeddable":true,"href":"https:\/\/montreux-vieux.net\/index.php?rest_route=\/wp\/v2\/pages\/13130"}],"wp:attachment":[{"href":"https:\/\/montreux-vieux.net\/index.php?rest_route=%2Fwp%2Fv2%2Fmedia&parent=2263"}],"curies":[{"name":"wp","href":"https:\/\/api.w.org\/{rel}","templated":true}]}}