{"id":22745,"date":"2021-03-16T09:15:32","date_gmt":"2021-03-16T08:15:32","guid":{"rendered":"https:\/\/montreux-vieux.net\/?page_id=22745"},"modified":"2026-03-30T15:28:40","modified_gmt":"2026-03-30T14:28:40","slug":"une-ancienne-photo-de-montreux-sports","status":"publish","type":"page","link":"https:\/\/montreux-vieux.net\/?page_id=22745","title":{"rendered":"Une ancienne photo de Montreux-Sports"},"content":{"rendered":"\n<figure class=\"wp-block-image size-large\"><img decoding=\"async\" src=\"blob:https:\/\/montreux-vieux.net\/15415b44-7039-4789-a965-b0cbdaf353c0\" alt=\"\"\/><\/figure>\n\n\n\n<figure class=\"wp-block-image size-large is-resized\"><img loading=\"lazy\" decoding=\"async\" width=\"807\" height=\"559\" src=\"https:\/\/montreux-vieux.net\/montreux-vieux.net\/wp-content\/uploads\/2021\/03\/160771856_3840957432638289_200959546268504611_n.jpg\" alt=\"\" class=\"wp-image-22747\" style=\"width:673px;height:466px\" srcset=\"https:\/\/montreux-vieux.net\/montreux-vieux.net\/wp-content\/uploads\/2021\/03\/160771856_3840957432638289_200959546268504611_n.jpg 807w, https:\/\/montreux-vieux.net\/montreux-vieux.net\/wp-content\/uploads\/2021\/03\/160771856_3840957432638289_200959546268504611_n-300x208.jpg 300w, https:\/\/montreux-vieux.net\/montreux-vieux.net\/wp-content\/uploads\/2021\/03\/160771856_3840957432638289_200959546268504611_n-768x532.jpg 768w\" sizes=\"auto, (max-width: 807px) 100vw, 807px\" \/><figcaption class=\"wp-element-caption\">En haut de gauche a droite Schott \u00c9mile Barbier Marcel Garessus Jean Marie Fermbach Andre Buttet Pierre Braunstedter Richard Haebig Louis Eck Raymond en bas de gauche \u00e0 droite Calmelet Virgile Thomann Armand Bonato Marcel M\u00e9n\u00e9tr\u00e9 Raymond<\/figcaption><\/figure>\n\n\n\n<p>Montreux-Sports 1970<\/p>\n\n\n\n<figure class=\"wp-block-image size-large\"><img loading=\"lazy\" decoding=\"async\" width=\"1024\" height=\"319\" src=\"https:\/\/montreux-vieux.net\/montreux-vieux.net\/wp-content\/uploads\/2026\/03\/image-2-1024x319.png\" alt=\"\" class=\"wp-image-28598\" srcset=\"https:\/\/montreux-vieux.net\/montreux-vieux.net\/wp-content\/uploads\/2026\/03\/image-2-1024x319.png 1024w, https:\/\/montreux-vieux.net\/montreux-vieux.net\/wp-content\/uploads\/2026\/03\/image-2-300x93.png 300w, https:\/\/montreux-vieux.net\/montreux-vieux.net\/wp-content\/uploads\/2026\/03\/image-2-768x239.png 768w, https:\/\/montreux-vieux.net\/montreux-vieux.net\/wp-content\/uploads\/2026\/03\/image-2-1536x478.png 1536w, https:\/\/montreux-vieux.net\/montreux-vieux.net\/wp-content\/uploads\/2026\/03\/image-2-2048x638.png 2048w\" sizes=\"auto, (max-width: 1024px) 100vw, 1024px\" \/><\/figure>\n\n\n\n<p><a href=\"https:\/\/www.facebook.com\/groups\/186739191349503\/user\/100000602477403\/?__cft__[0]=AZbXQuoQjpYo73i2Up-HHxjLnokVhSRbTi-A8V-JVG2hpyYHr3znDuZI0BUDeoBBt8m83G6yeidYOdWpuu8g06QhAtUzWdD6H8zsfXQ7GczETUXyBKQZpSwK5bMHiO4sx-YSeeZQ8EldszjVpO_vJJtV8mtTNP_XmDz7ZyrROeFixSPl6SWPOfHpiutOp7TNBdP6l3owX-g6icDcMON2bJ1z&amp;__tn__=R*F\">Jean-jacques Calmelet<\/a><\/p>\n\n\n\n<p>De gauche \u00e0 droite : Jeannot Holbein, G\u00e9rard Bilger (Monsieur Garessus entre les deux), Francis Eck, Jean-Marie Limacher, Jean-Pierre Bilger, Christian Garessus, Norbert Bourquard, Fran\u00e7ois H\u00e9gel\u00e9, Jean-Paul Garessus, Jean-Louis Specht<\/p>\n\n\n<div class=\"wp-block-image\">\n<figure class=\"aligncenter size-large\"><img loading=\"lazy\" decoding=\"async\" width=\"1024\" height=\"625\" src=\"https:\/\/montreux-vieux.net\/montreux-vieux.net\/wp-content\/uploads\/2026\/03\/image-24-1024x625.png\" alt=\"\" class=\"wp-image-28634\" srcset=\"https:\/\/montreux-vieux.net\/montreux-vieux.net\/wp-content\/uploads\/2026\/03\/image-24-1024x625.png 1024w, https:\/\/montreux-vieux.net\/montreux-vieux.net\/wp-content\/uploads\/2026\/03\/image-24-300x183.png 300w, https:\/\/montreux-vieux.net\/montreux-vieux.net\/wp-content\/uploads\/2026\/03\/image-24-768x468.png 768w, https:\/\/montreux-vieux.net\/montreux-vieux.net\/wp-content\/uploads\/2026\/03\/image-24-1536x937.png 1536w, https:\/\/montreux-vieux.net\/montreux-vieux.net\/wp-content\/uploads\/2026\/03\/image-24.png 2048w\" sizes=\"auto, (max-width: 1024px) 100vw, 1024px\" \/><\/figure>\n<\/div>\n\n\n<p>Foot 1970<\/p>\n","protected":false},"excerpt":{"rendered":"<p>Montreux-Sports 1970 Jean-jacques Calmelet De gauche \u00e0 droite : Jeannot Holbein, G\u00e9rard Bilger (Monsieur Garessus entre les deux), Francis Eck, Jean-Marie Limacher, Jean-Pierre Bilger, Christian Garessus, Norbert Bourquard, Fran\u00e7ois H\u00e9gel\u00e9, Jean-Paul Garessus, Jean-Louis Specht Foot 1970<\/p>\n","protected":false},"author":1,"featured_media":0,"parent":14472,"menu_order":55,"comment_status":"closed","ping_status":"open","template":"","meta":{"footnotes":""},"class_list":["post-22745","page","type-page","status-publish","hentry"],"_links":{"self":[{"href":"https:\/\/montreux-vieux.net\/index.php?rest_route=\/wp\/v2\/pages\/22745","targetHints":{"allow":["GET"]}}],"collection":[{"href":"https:\/\/montreux-vieux.net\/index.php?rest_route=\/wp\/v2\/pages"}],"about":[{"href":"https:\/\/montreux-vieux.net\/index.php?rest_route=\/wp\/v2\/types\/page"}],"author":[{"embeddable":true,"href":"https:\/\/montreux-vieux.net\/index.php?rest_route=\/wp\/v2\/users\/1"}],"replies":[{"embeddable":true,"href":"https:\/\/montreux-vieux.net\/index.php?rest_route=%2Fwp%2Fv2%2Fcomments&post=22745"}],"version-history":[{"count":3,"href":"https:\/\/montreux-vieux.net\/index.php?rest_route=\/wp\/v2\/pages\/22745\/revisions"}],"predecessor-version":[{"id":28635,"href":"https:\/\/montreux-vieux.net\/index.php?rest_route=\/wp\/v2\/pages\/22745\/revisions\/28635"}],"up":[{"embeddable":true,"href":"https:\/\/montreux-vieux.net\/index.php?rest_route=\/wp\/v2\/pages\/14472"}],"wp:attachment":[{"href":"https:\/\/montreux-vieux.net\/index.php?rest_route=%2Fwp%2Fv2%2Fmedia&parent=22745"}],"curies":[{"name":"wp","href":"https:\/\/api.w.org\/{rel}","templated":true}]}}