{"id":2276,"date":"2011-11-08T09:48:13","date_gmt":"2011-11-08T08:48:13","guid":{"rendered":"http:\/\/montreux-vieux.org\/?page_id=2276"},"modified":"2019-01-02T10:15:33","modified_gmt":"2019-01-02T09:15:33","slug":"vive-la-france","status":"publish","type":"page","link":"https:\/\/montreux-vieux.net\/?page_id=2276","title":{"rendered":"\u00ab\u00a0Vive la France\u00a0\u00bb"},"content":{"rendered":"<h3 style=\"text-align: center;\"><span style=\"color: #000000;\">\u00ab&nbsp;Vive la France&nbsp;\u00bb<\/span><\/h3>\n<h4 style=\"text-align: justify;\">&nbsp;24-06-1889<\/h4>\n<h4 style=\"text-align: justify;\">M. Perey, le jeune \u00e9tudiant en m\u00e9decine vaudois, arr\u00eat\u00e9 r\u00e9cemment \u00e0 Montreux-Vieux pour avoir cri\u00e9 \u00ab&nbsp;Vive la France&nbsp;\u00bb a \u00e9t\u00e9 condamn\u00e9 par le Tribunal de Mulhouse \u00e0 trois mois de prison. Le p\u00e8re s\u2019\u00e9tait rendu en Alsace, pour interc\u00e9der en sa faveur&nbsp;; il n\u2019a pas \u00e9t\u00e9 admis \u00e0 le voir.<\/h4>\n","protected":false},"excerpt":{"rendered":"<p>\u00ab&nbsp;Vive la France&nbsp;\u00bb &nbsp;24-06-1889 M. Perey, le jeune \u00e9tudiant en m\u00e9decine vaudois, arr\u00eat\u00e9 r\u00e9cemment \u00e0 Montreux-Vieux pour avoir cri\u00e9 \u00ab&nbsp;Vive la France&nbsp;\u00bb a \u00e9t\u00e9 condamn\u00e9 par le Tribunal de Mulhouse \u00e0 trois mois de prison. Le p\u00e8re s\u2019\u00e9tait rendu en &hellip; <a href=\"https:\/\/montreux-vieux.net\/?page_id=2276\">Continuer la lecture <span class=\"meta-nav\">&rarr;<\/span><\/a><\/p>\n","protected":false},"author":1,"featured_media":0,"parent":12673,"menu_order":44,"comment_status":"open","ping_status":"open","template":"","meta":{"footnotes":""},"class_list":["post-2276","page","type-page","status-publish","hentry"],"_links":{"self":[{"href":"https:\/\/montreux-vieux.net\/index.php?rest_route=\/wp\/v2\/pages\/2276","targetHints":{"allow":["GET"]}}],"collection":[{"href":"https:\/\/montreux-vieux.net\/index.php?rest_route=\/wp\/v2\/pages"}],"about":[{"href":"https:\/\/montreux-vieux.net\/index.php?rest_route=\/wp\/v2\/types\/page"}],"author":[{"embeddable":true,"href":"https:\/\/montreux-vieux.net\/index.php?rest_route=\/wp\/v2\/users\/1"}],"replies":[{"embeddable":true,"href":"https:\/\/montreux-vieux.net\/index.php?rest_route=%2Fwp%2Fv2%2Fcomments&post=2276"}],"version-history":[{"count":6,"href":"https:\/\/montreux-vieux.net\/index.php?rest_route=\/wp\/v2\/pages\/2276\/revisions"}],"predecessor-version":[{"id":13265,"href":"https:\/\/montreux-vieux.net\/index.php?rest_route=\/wp\/v2\/pages\/2276\/revisions\/13265"}],"up":[{"embeddable":true,"href":"https:\/\/montreux-vieux.net\/index.php?rest_route=\/wp\/v2\/pages\/12673"}],"wp:attachment":[{"href":"https:\/\/montreux-vieux.net\/index.php?rest_route=%2Fwp%2Fv2%2Fmedia&parent=2276"}],"curies":[{"name":"wp","href":"https:\/\/api.w.org\/{rel}","templated":true}]}}