{"id":2323,"date":"2011-11-09T08:55:59","date_gmt":"2011-11-09T07:55:59","guid":{"rendered":"http:\/\/montreux-vieux.org\/?page_id=2323"},"modified":"2019-01-02T10:17:14","modified_gmt":"2019-01-02T09:17:14","slug":"montreux-vieux-premiere-station-prussienne","status":"publish","type":"page","link":"https:\/\/montreux-vieux.net\/?page_id=2323","title":{"rendered":"Montreux-Vieux premi\u00e8re station prussienne"},"content":{"rendered":"<h3 style=\"text-align: center;\"><span style=\"color: #000000;\">Montreux-Vieux 1<sup>\u00e8re<\/sup> station prussienne<\/span><\/h3>\n<h4 style=\"text-align: justify;\">06-10-1883<\/h4>\n<h4 style=\"text-align: justify;\">M. Vincent du Claux a \u00e9crit, dans le n\u00b0 du 1<sup>er<\/sup> octobre de la Jeune France, la physionomie actuelle de la cit\u00e9 manufacturi\u00e8re qui, le 29 janvier 1798, se donna librement \u00e0 nous, et que les malheurs de 1870 ne nous ont arrach\u00e9e que de fait. Le c\u0153ur de Mulhouse est rest\u00e9 fran\u00e7ais, d\u2019apr\u00e8s M. Vincent du Claux. Montreux-Vieux, aujourd\u2019hui Alt-Monisteroll, est ma premi\u00e8re station prussienne qu\u2019on rencontre sur la ligne de Paris \u00e0 B\u00e2le. Montreux-Vieux est \u00e0 14 kilom\u00e8tres de Belfort. L\u00e0, on fait connaissance avec des proc\u00e9d\u00e9s des rogues germains du Nord, qui contr\u00f4lent les bagages avec arrogance et les visitent sans m\u00e9nagements. On salue Dannemarie aussi d\u00e9baptis\u00e9 Dammar-Kirch &#8211; Altkirch, l\u2019ancienne sous-pr\u00e9fecture de notre Haut-Rhin. On entend enfin le cri de \u00ab&nbsp;Mulhausen&nbsp;! austeingen&nbsp;!&nbsp;\u00bb Et l\u2019on d\u00e9scend.<\/h4>\n","protected":false},"excerpt":{"rendered":"<p>Montreux-Vieux 1\u00e8re station prussienne 06-10-1883 M. Vincent du Claux a \u00e9crit, dans le n\u00b0 du 1er octobre de la Jeune France, la physionomie actuelle de la cit\u00e9 manufacturi\u00e8re qui, le 29 janvier 1798, se donna librement \u00e0 nous, et que &hellip; <a href=\"https:\/\/montreux-vieux.net\/?page_id=2323\">Continuer la lecture <span class=\"meta-nav\">&rarr;<\/span><\/a><\/p>\n","protected":false},"author":1,"featured_media":0,"parent":12673,"menu_order":46,"comment_status":"open","ping_status":"open","template":"","meta":{"footnotes":""},"class_list":["post-2323","page","type-page","status-publish","hentry"],"_links":{"self":[{"href":"https:\/\/montreux-vieux.net\/index.php?rest_route=\/wp\/v2\/pages\/2323","targetHints":{"allow":["GET"]}}],"collection":[{"href":"https:\/\/montreux-vieux.net\/index.php?rest_route=\/wp\/v2\/pages"}],"about":[{"href":"https:\/\/montreux-vieux.net\/index.php?rest_route=\/wp\/v2\/types\/page"}],"author":[{"embeddable":true,"href":"https:\/\/montreux-vieux.net\/index.php?rest_route=\/wp\/v2\/users\/1"}],"replies":[{"embeddable":true,"href":"https:\/\/montreux-vieux.net\/index.php?rest_route=%2Fwp%2Fv2%2Fcomments&post=2323"}],"version-history":[{"count":4,"href":"https:\/\/montreux-vieux.net\/index.php?rest_route=\/wp\/v2\/pages\/2323\/revisions"}],"predecessor-version":[{"id":13266,"href":"https:\/\/montreux-vieux.net\/index.php?rest_route=\/wp\/v2\/pages\/2323\/revisions\/13266"}],"up":[{"embeddable":true,"href":"https:\/\/montreux-vieux.net\/index.php?rest_route=\/wp\/v2\/pages\/12673"}],"wp:attachment":[{"href":"https:\/\/montreux-vieux.net\/index.php?rest_route=%2Fwp%2Fv2%2Fmedia&parent=2323"}],"curies":[{"name":"wp","href":"https:\/\/api.w.org\/{rel}","templated":true}]}}