{"id":2362,"date":"2011-11-11T08:42:17","date_gmt":"2011-11-11T07:42:17","guid":{"rendered":"http:\/\/montreux-vieux.org\/?page_id=2362"},"modified":"2019-01-02T10:18:44","modified_gmt":"2019-01-02T09:18:44","slug":"un-convoi-de-munitions-en-panne-a-la-douane-de-montreux-vieux","status":"publish","type":"page","link":"https:\/\/montreux-vieux.net\/?page_id=2362","title":{"rendered":"Un convoi de munitions en panne \u00e0 la douane de Montreux-Vieux"},"content":{"rendered":"<h3 style=\"text-align: center;\"><span style=\"color: #000000;\">Un convoi de munitions en panne \u00e0 la douane<\/span><\/h3>\n<h4 style=\"text-align: justify;\"><span style=\"color: #000000;\">&nbsp;10-4-1910<\/span><\/h4>\n<h4 style=\"text-align: justify;\">La douane allemande de Montreux-Vieux \u00e0 arr\u00eat\u00e9 sept wagons fran\u00e7ais de soixante cinq tonnes de munitions de guerre destin\u00e9es \u00e0 la Bulgarie.<\/h4>\n<h4 style=\"text-align: justify;\">L\u2019affaire est soumise au gouvernement de Berlin qui est qualifi\u00e9 pour donner la permission de faire transiter ces marchandises.<\/h4>\n<p style=\"text-align: left;\">\n","protected":false},"excerpt":{"rendered":"<p>Un convoi de munitions en panne \u00e0 la douane &nbsp;10-4-1910 La douane allemande de Montreux-Vieux \u00e0 arr\u00eat\u00e9 sept wagons fran\u00e7ais de soixante cinq tonnes de munitions de guerre destin\u00e9es \u00e0 la Bulgarie. L\u2019affaire est soumise au gouvernement de Berlin qui &hellip; <a href=\"https:\/\/montreux-vieux.net\/?page_id=2362\">Continuer la lecture <span class=\"meta-nav\">&rarr;<\/span><\/a><\/p>\n","protected":false},"author":1,"featured_media":0,"parent":12673,"menu_order":48,"comment_status":"open","ping_status":"open","template":"","meta":{"footnotes":""},"class_list":["post-2362","page","type-page","status-publish","hentry"],"_links":{"self":[{"href":"https:\/\/montreux-vieux.net\/index.php?rest_route=\/wp\/v2\/pages\/2362","targetHints":{"allow":["GET"]}}],"collection":[{"href":"https:\/\/montreux-vieux.net\/index.php?rest_route=\/wp\/v2\/pages"}],"about":[{"href":"https:\/\/montreux-vieux.net\/index.php?rest_route=\/wp\/v2\/types\/page"}],"author":[{"embeddable":true,"href":"https:\/\/montreux-vieux.net\/index.php?rest_route=\/wp\/v2\/users\/1"}],"replies":[{"embeddable":true,"href":"https:\/\/montreux-vieux.net\/index.php?rest_route=%2Fwp%2Fv2%2Fcomments&post=2362"}],"version-history":[{"count":4,"href":"https:\/\/montreux-vieux.net\/index.php?rest_route=\/wp\/v2\/pages\/2362\/revisions"}],"predecessor-version":[{"id":13267,"href":"https:\/\/montreux-vieux.net\/index.php?rest_route=\/wp\/v2\/pages\/2362\/revisions\/13267"}],"up":[{"embeddable":true,"href":"https:\/\/montreux-vieux.net\/index.php?rest_route=\/wp\/v2\/pages\/12673"}],"wp:attachment":[{"href":"https:\/\/montreux-vieux.net\/index.php?rest_route=%2Fwp%2Fv2%2Fmedia&parent=2362"}],"curies":[{"name":"wp","href":"https:\/\/api.w.org\/{rel}","templated":true}]}}