{"id":2375,"date":"2011-11-12T10:45:31","date_gmt":"2011-11-12T09:45:31","guid":{"rendered":"http:\/\/montreux-vieux.org\/?page_id=2375"},"modified":"2020-06-10T15:07:09","modified_gmt":"2020-06-10T14:07:09","slug":"lenterrement-du-chef-de-gare-allemand","status":"publish","type":"page","link":"https:\/\/montreux-vieux.net\/?page_id=2375","title":{"rendered":"L&rsquo;Enterrement du chef de gare allemand"},"content":{"rendered":"\n<div class=\"wp-block-group\"><div class=\"wp-block-group__inner-container is-layout-flow wp-block-group-is-layout-flow\">\n<h3 style=\"text-align: center;\"><span style=\"color: #000000;\">L\u2019Enterrement du chef de gare<\/span><\/h3>\n<h4 style=\"text-align: justify;\"><span style=\"color: #000000;\">24-10-1890<\/span><\/h4>\n<h4 style=\"text-align: justify;\"><span style=\"color: #000000;\">Le 21 octobre 1890 a eu lieu l\u2019enterrement du chef de gare allemand de Montreux-Vieux.<\/span><\/h4>\n<h4 style=\"text-align: justify;\"><span style=\"color: #000000;\">Une d\u00e9l\u00e9gation des employ\u00e9s de la gare de Petit-Croix assistait aux obs\u00e8ques.<\/span><\/h4>\n<h4 style=\"text-align: justify;\"><span style=\"color: #000000;\">Apr\u00e8s la c\u00e9r\u00e9monie, les employ\u00e9s allemands ont accompagn\u00e9, musique en t\u00eate, les employ\u00e9s fran\u00e7ais jusqu\u2019\u00e0 la fronti\u00e8re.<\/span><\/h4>\n<h4 style=\"text-align: justify;\"><span style=\"color: #000000;\">Au moment de la s\u00e9paration, les Allemands ont cri\u00e9 dans leur langue\u00a0: \u00ab\u00a0Vivent les employ\u00e9s de chemins de fer\u00a0\u00bb<\/span><\/h4>\n<h4 style=\"text-align: justify;\"><span style=\"color: #000000;\">Cet incident est vivement comment\u00e9.<\/span><\/h4>\n<p style=\"text-align: justify; line-height: 18.0pt; background: white; margin: 6.0pt 0cm 6.0pt 0cm;\"><span style=\"font-family: 'Arial','sans-serif'; color: #4d4d4d; background: white;\">Sources : Le Petit Caporal du 3 novembre 1890<\/span><\/p>\n<p style=\"text-align: justify; line-height: 18.0pt; background: white; margin: 6.0pt 0cm 6.0pt 0cm;\"><span style=\"font-family: 'Arial','sans-serif'; color: #4d4d4d; background: white;\"><img decoding=\"async\" src=\"http:\/\/montreux-vieux.net\/montreux-vieux.net\/wp-content\/uploads\/2020\/06\/ScreenShot247-1-1024x606.jpg\" \/>\u00a0<\/span><\/p>\n<p>\u00a0<\/p>\n<\/div><\/div>\n","protected":false},"excerpt":{"rendered":"<p>L\u2019Enterrement du chef de gare 24-10-1890 Le 21 octobre 1890 a eu lieu l\u2019enterrement du chef de gare allemand de Montreux-Vieux. Une d\u00e9l\u00e9gation des employ\u00e9s de la gare de Petit-Croix assistait aux obs\u00e8ques. Apr\u00e8s la c\u00e9r\u00e9monie, les employ\u00e9s allemands ont &hellip; <a href=\"https:\/\/montreux-vieux.net\/?page_id=2375\">Continuer la lecture <span class=\"meta-nav\">&rarr;<\/span><\/a><\/p>\n","protected":false},"author":1,"featured_media":0,"parent":13013,"menu_order":10,"comment_status":"open","ping_status":"open","template":"","meta":{"footnotes":""},"class_list":["post-2375","page","type-page","status-publish","hentry"],"_links":{"self":[{"href":"https:\/\/montreux-vieux.net\/index.php?rest_route=\/wp\/v2\/pages\/2375","targetHints":{"allow":["GET"]}}],"collection":[{"href":"https:\/\/montreux-vieux.net\/index.php?rest_route=\/wp\/v2\/pages"}],"about":[{"href":"https:\/\/montreux-vieux.net\/index.php?rest_route=\/wp\/v2\/types\/page"}],"author":[{"embeddable":true,"href":"https:\/\/montreux-vieux.net\/index.php?rest_route=\/wp\/v2\/users\/1"}],"replies":[{"embeddable":true,"href":"https:\/\/montreux-vieux.net\/index.php?rest_route=%2Fwp%2Fv2%2Fcomments&post=2375"}],"version-history":[{"count":6,"href":"https:\/\/montreux-vieux.net\/index.php?rest_route=\/wp\/v2\/pages\/2375\/revisions"}],"predecessor-version":[{"id":19650,"href":"https:\/\/montreux-vieux.net\/index.php?rest_route=\/wp\/v2\/pages\/2375\/revisions\/19650"}],"up":[{"embeddable":true,"href":"https:\/\/montreux-vieux.net\/index.php?rest_route=\/wp\/v2\/pages\/13013"}],"wp:attachment":[{"href":"https:\/\/montreux-vieux.net\/index.php?rest_route=%2Fwp%2Fv2%2Fmedia&parent=2375"}],"curies":[{"name":"wp","href":"https:\/\/api.w.org\/{rel}","templated":true}]}}