{"id":23796,"date":"2021-07-26T22:23:28","date_gmt":"2021-07-26T21:23:28","guid":{"rendered":"https:\/\/montreux-vieux.net\/?page_id=23796"},"modified":"2021-07-26T22:23:28","modified_gmt":"2021-07-26T21:23:28","slug":"une-histoire-presque-oubliee-a-montreux-vieux","status":"publish","type":"page","link":"https:\/\/montreux-vieux.net\/?page_id=23796","title":{"rendered":"Une histoire presque oubli\u00e9e \u00e0 Montreux-Vieux"},"content":{"rendered":"\n<p>Une histoire presque oubli\u00e9e.<\/p>\n\n\n\n<p>\u00c0 la Lib\u00e9ration, des r\u00e9gions enti\u00e8res du territoire fran\u00e7ais sont infest\u00e9es de mines que les Allemands, les Alli\u00e9s et la R\u00e9sistance ont pos\u00e9es durant le conflit. La population tremble et n&rsquo;ose reprendre ses activit\u00e9s. Il faut d\u00e9miner la France. Or, en 1945, le d\u00e9minage est \u00e0 inventer : personne ne sait comment neutraliser ces engins de mort ! Qui aura la lourde responsabilit\u00e9 de mener \u00e0 bien cette t\u00e2che ? Et comment s&rsquo;y prendra-t-on ?&nbsp;<\/p>\n\n\n\n<p>Dans le cadre d\u2019une r\u00e9organisation, le Minist\u00e8re de la Reconstruction prit en charge le 21 f\u00e9vrier 1945 la mission de l\u2019\u00e9limination des champs de mines, la subordonnant \u00e0 sa Direction du Service du D\u00e9minage. Les effectifs furent port\u00e9s \u00e0 3 200 volontaires, auxquels vinrent s\u2019ajouter 30 000 prisonniers de guerre allemands, dont certains r\u00e9alis\u00e8rent un travail important par pur engagement personnel.<\/p>\n\n\n\n<p>A la fin de la guerre, Georges Schultz de Montreux-Vieux ayant alors 6 enfants \u00e0 charge et ne trouvant pas de travail, s\u2019engagea au service de d\u00e9minage ou il fut &nbsp;&nbsp;remarqu\u00e9 par son travail mais surtout par son courage. N\u2019ayant peur de rien, un peu kamikaze, &nbsp;il avait m\u00eame entrepos\u00e9 ses dangereux objets dans la cave de sa maison ou il habitait avec sa famille.<\/p>\n\n\n\n<p>Le mercredi 18 juillet 1945 dans une for\u00eat pr\u00e8s d\u2019Ueberstrass en transportant une mine qu\u2019il venait de d\u00e9couvrir, il a malheureusement tr\u00e9buch\u00e9. En tombant l\u2019engin a explos\u00e9 et tua ce p\u00e8re de famille \u00e2g\u00e9 de 36 ans.&nbsp; Mort pour la France, son nom figure sur le monument aux morts de la commune de Montreux-Vieux.<\/p>\n\n\n\n<p>Georges Schultz laissa derri\u00e8re lui 6 orphelins, Georges, Hubert, Huguette, Raymonde, C\u00e9cile et &nbsp;Andr\u00e9e. Sa veuve Madame Karm C\u00e9cile, pour nourrir, cette grande famille s\u2019est install\u00e9e en tant que Modiste (conceptrice de chapeaux) C\u2019\u00e9tait un m\u00e9tier relevant du domaine de la cr\u00e9ation et artistique. Elle cr\u00e9ait des chapeaux uniques pour femmes et hommes car autrefois tout le monde portait un chapeau. Le dimanche \u00e0 la messe toutes les femmes \u00e9taient coiff\u00e9es de leur chapeau.<\/p>\n\n\n\n<p>Malgr\u00e9 cela, avec beaucoup de courage, madame Schultz C\u00e9cile, alors seule \u00e0 la t\u00eate de cette importante famille&nbsp; a \u00e9duqu\u00e9 ses six enfants qui ont tous eu un bel avenir professionnel. Malheureusement, aujourd\u2019hui d\u00e9j\u00e0 quatre de ces enfants son d\u00e9c\u00e9d\u00e9s, il n\u2019en reste plus que deux dont Andr\u00e9e n\u00e9e le 21 novembre 1944 dans la cave d\u2019une maison situ\u00e9e Grand\u2019Rue (La maison de M. A.Trabold). Elle n\u2019avait que 8 mois lorsque son p\u00e8re est d\u00e9c\u00e9d\u00e9.<\/p>\n\n\n\n<p>Aujourd\u2019hui nous ne pouvons qu\u2019dresser un grand merci \u00e0 tous ces d\u00e9mineurs qui,&nbsp; avec leur courage et leur d\u00e9termination au p\u00e9ril de leur vie, ont nettoy\u00e9s nos bois, plaines etc.. afin que nous puisions \u00e9voluer en toute tranquillit\u00e9.<\/p>\n","protected":false},"excerpt":{"rendered":"<p>Une histoire presque oubli\u00e9e. \u00c0 la Lib\u00e9ration, des r\u00e9gions enti\u00e8res du territoire fran\u00e7ais sont infest\u00e9es de mines que les Allemands, les Alli\u00e9s et la R\u00e9sistance ont pos\u00e9es durant le conflit. La population tremble et n&rsquo;ose reprendre ses activit\u00e9s. Il faut &hellip; <a href=\"https:\/\/montreux-vieux.net\/?page_id=23796\">Continuer la lecture <span class=\"meta-nav\">&rarr;<\/span><\/a><\/p>\n","protected":false},"author":1,"featured_media":0,"parent":12671,"menu_order":35,"comment_status":"closed","ping_status":"open","template":"","meta":{"footnotes":""},"class_list":["post-23796","page","type-page","status-publish","hentry"],"_links":{"self":[{"href":"https:\/\/montreux-vieux.net\/index.php?rest_route=\/wp\/v2\/pages\/23796","targetHints":{"allow":["GET"]}}],"collection":[{"href":"https:\/\/montreux-vieux.net\/index.php?rest_route=\/wp\/v2\/pages"}],"about":[{"href":"https:\/\/montreux-vieux.net\/index.php?rest_route=\/wp\/v2\/types\/page"}],"author":[{"embeddable":true,"href":"https:\/\/montreux-vieux.net\/index.php?rest_route=\/wp\/v2\/users\/1"}],"replies":[{"embeddable":true,"href":"https:\/\/montreux-vieux.net\/index.php?rest_route=%2Fwp%2Fv2%2Fcomments&post=23796"}],"version-history":[{"count":1,"href":"https:\/\/montreux-vieux.net\/index.php?rest_route=\/wp\/v2\/pages\/23796\/revisions"}],"predecessor-version":[{"id":23797,"href":"https:\/\/montreux-vieux.net\/index.php?rest_route=\/wp\/v2\/pages\/23796\/revisions\/23797"}],"up":[{"embeddable":true,"href":"https:\/\/montreux-vieux.net\/index.php?rest_route=\/wp\/v2\/pages\/12671"}],"wp:attachment":[{"href":"https:\/\/montreux-vieux.net\/index.php?rest_route=%2Fwp%2Fv2%2Fmedia&parent=23796"}],"curies":[{"name":"wp","href":"https:\/\/api.w.org\/{rel}","templated":true}]}}