{"id":2391,"date":"2011-11-13T08:48:05","date_gmt":"2011-11-13T07:48:05","guid":{"rendered":"http:\/\/montreux-vieux.org\/?page_id=2391"},"modified":"2019-01-02T10:22:15","modified_gmt":"2019-01-02T09:22:15","slug":"amenite-prussienne","status":"publish","type":"page","link":"https:\/\/montreux-vieux.net\/?page_id=2391","title":{"rendered":"Am\u00e9nit\u00e9 prussienne"},"content":{"rendered":"<h3 style=\"text-align: center;\"><span style=\"color: #000000;\">Am\u00e9nit\u00e9 prussienne<\/span><\/h3>\n<h4 style=\"text-align: justify;\">02-12-1888<\/h4>\n<h4 style=\"text-align: justify;\">Une jeune fille, Mlle Guinot, modiste \u00e0 Belfort dont la famille habite l\u2019Alsace, ayant \u00e9t\u00e9 avis\u00e9e par d\u00e9p\u00eache de la mort de son p\u00e8re, voulut se rendre aupr\u00e8s du lit mortuaire et assister aux fun\u00e9railles \u00e0 Montreux-Vieux.<\/h4>\n<h4 style=\"text-align: justify;\">Mais \u00e0 Montreux-Vieux, malgr\u00e9 les supplications touchantes de la jeune fille toute en larmes, refusa de la laisser passer, et finalement, la fit brutalement saisir par les gendarmes, qui la jet\u00e8rent dans le premier compartiment venu du train qui se dirigeait sur Belfort.<\/h4>\n","protected":false},"excerpt":{"rendered":"<p>Am\u00e9nit\u00e9 prussienne 02-12-1888 Une jeune fille, Mlle Guinot, modiste \u00e0 Belfort dont la famille habite l\u2019Alsace, ayant \u00e9t\u00e9 avis\u00e9e par d\u00e9p\u00eache de la mort de son p\u00e8re, voulut se rendre aupr\u00e8s du lit mortuaire et assister aux fun\u00e9railles \u00e0 Montreux-Vieux. &hellip; <a href=\"https:\/\/montreux-vieux.net\/?page_id=2391\">Continuer la lecture <span class=\"meta-nav\">&rarr;<\/span><\/a><\/p>\n","protected":false},"author":1,"featured_media":0,"parent":13013,"menu_order":12,"comment_status":"open","ping_status":"open","template":"","meta":{"footnotes":""},"class_list":["post-2391","page","type-page","status-publish","hentry"],"_links":{"self":[{"href":"https:\/\/montreux-vieux.net\/index.php?rest_route=\/wp\/v2\/pages\/2391","targetHints":{"allow":["GET"]}}],"collection":[{"href":"https:\/\/montreux-vieux.net\/index.php?rest_route=\/wp\/v2\/pages"}],"about":[{"href":"https:\/\/montreux-vieux.net\/index.php?rest_route=\/wp\/v2\/types\/page"}],"author":[{"embeddable":true,"href":"https:\/\/montreux-vieux.net\/index.php?rest_route=\/wp\/v2\/users\/1"}],"replies":[{"embeddable":true,"href":"https:\/\/montreux-vieux.net\/index.php?rest_route=%2Fwp%2Fv2%2Fcomments&post=2391"}],"version-history":[{"count":3,"href":"https:\/\/montreux-vieux.net\/index.php?rest_route=\/wp\/v2\/pages\/2391\/revisions"}],"predecessor-version":[{"id":4693,"href":"https:\/\/montreux-vieux.net\/index.php?rest_route=\/wp\/v2\/pages\/2391\/revisions\/4693"}],"up":[{"embeddable":true,"href":"https:\/\/montreux-vieux.net\/index.php?rest_route=\/wp\/v2\/pages\/13013"}],"wp:attachment":[{"href":"https:\/\/montreux-vieux.net\/index.php?rest_route=%2Fwp%2Fv2%2Fmedia&parent=2391"}],"curies":[{"name":"wp","href":"https:\/\/api.w.org\/{rel}","templated":true}]}}