{"id":2417,"date":"2011-11-14T17:05:27","date_gmt":"2011-11-14T16:05:27","guid":{"rendered":"http:\/\/montreux-vieux.org\/?page_id=2417"},"modified":"2019-01-02T09:23:02","modified_gmt":"2019-01-02T08:23:02","slug":"violent-orage-le-01-aout-1900","status":"publish","type":"page","link":"https:\/\/montreux-vieux.net\/?page_id=2417","title":{"rendered":"Violent orage le 01 Ao\u00fbt 1900"},"content":{"rendered":"<h3 style=\"text-align: center;\"><span style=\"color: #000000;\">Violent orage<\/span><\/h3>\n<h4 style=\"text-align: justify;\"><span style=\"color: #000000;\">01-08-1900<\/span><\/h4>\n<h4 style=\"text-align: justify;\"><span style=\"color: #000000;\">Dimanche un violent orage s\u2019est abattu sur les villages situ\u00e9s pr\u00e8s de la fronti\u00e8re franco-allemande. D\u2019\u00e9normes gr\u00ealons sont tomb\u00e9s.&nbsp;<\/span><\/h4>\n<h4 style=\"text-align: justify;\"><span style=\"color: #000000;\">Nombre de vitres ont \u00e9t\u00e9 bris\u00e9es. Notamment \u00e0 l\u2019\u00e9glise de Montreux-Vieux et \u00e0 celle de Brebotte ainsi qu\u2019\u00e0 la maison d\u2019\u00e9cole et \u00e0 la gare de Petit Croix.<\/span><\/h4>\n<h4 style=\"text-align: justify;\"><span style=\"color: #000000;\">Des arbres ont \u00e9t\u00e9 d\u00e9racin\u00e9s par le vent, surtout entre Bretagne et Montreux&nbsp;; des branches s\u00e9par\u00e9es de leur tronc, ont \u00e9t\u00e9 projet\u00e9s \u00e0 plus de 10 m\u00e8tres.<\/span><\/h4>\n<h4 style=\"text-align: justify;\"><span style=\"color: #000000;\">Quelques animaux de basse-cour ont \u00e9t\u00e9 tu\u00e9s par les gr\u00ealons. Les r\u00e9coltes sont enti\u00e8rement perdues<\/span><\/h4>\n","protected":false},"excerpt":{"rendered":"<p>Violent orage 01-08-1900 Dimanche un violent orage s\u2019est abattu sur les villages situ\u00e9s pr\u00e8s de la fronti\u00e8re franco-allemande. D\u2019\u00e9normes gr\u00ealons sont tomb\u00e9s.&nbsp; Nombre de vitres ont \u00e9t\u00e9 bris\u00e9es. Notamment \u00e0 l\u2019\u00e9glise de Montreux-Vieux et \u00e0 celle de Brebotte ainsi qu\u2019\u00e0 &hellip; <a href=\"https:\/\/montreux-vieux.net\/?page_id=2417\">Continuer la lecture <span class=\"meta-nav\">&rarr;<\/span><\/a><\/p>\n","protected":false},"author":1,"featured_media":0,"parent":13044,"menu_order":16,"comment_status":"open","ping_status":"open","template":"","meta":{"footnotes":""},"class_list":["post-2417","page","type-page","status-publish","hentry"],"_links":{"self":[{"href":"https:\/\/montreux-vieux.net\/index.php?rest_route=\/wp\/v2\/pages\/2417","targetHints":{"allow":["GET"]}}],"collection":[{"href":"https:\/\/montreux-vieux.net\/index.php?rest_route=\/wp\/v2\/pages"}],"about":[{"href":"https:\/\/montreux-vieux.net\/index.php?rest_route=\/wp\/v2\/types\/page"}],"author":[{"embeddable":true,"href":"https:\/\/montreux-vieux.net\/index.php?rest_route=\/wp\/v2\/users\/1"}],"replies":[{"embeddable":true,"href":"https:\/\/montreux-vieux.net\/index.php?rest_route=%2Fwp%2Fv2%2Fcomments&post=2417"}],"version-history":[{"count":3,"href":"https:\/\/montreux-vieux.net\/index.php?rest_route=\/wp\/v2\/pages\/2417\/revisions"}],"predecessor-version":[{"id":13247,"href":"https:\/\/montreux-vieux.net\/index.php?rest_route=\/wp\/v2\/pages\/2417\/revisions\/13247"}],"up":[{"embeddable":true,"href":"https:\/\/montreux-vieux.net\/index.php?rest_route=\/wp\/v2\/pages\/13044"}],"wp:attachment":[{"href":"https:\/\/montreux-vieux.net\/index.php?rest_route=%2Fwp%2Fv2%2Fmedia&parent=2417"}],"curies":[{"name":"wp","href":"https:\/\/api.w.org\/{rel}","templated":true}]}}