{"id":24532,"date":"2022-01-27T15:43:33","date_gmt":"2022-01-27T14:43:33","guid":{"rendered":"https:\/\/montreux-vieux.net\/?page_id=24532"},"modified":"2022-01-27T15:43:33","modified_gmt":"2022-01-27T14:43:33","slug":"un-chantier-de-rigueur-pour-le-chateau-deau-du-village-de-montreux-vieux","status":"publish","type":"page","link":"https:\/\/montreux-vieux.net\/?page_id=24532","title":{"rendered":"Un chantier de rigueur pour le ch\u00e2teau d\u2019eau du village de Montreux-Vieux"},"content":{"rendered":"\n<p>La commune de Montreux-Vieux engage une vaste op\u00e9ration de r\u00e9novation de son ch\u00e2teau d\u2019eau, dont la cuve b\u00e9ton et la structure accusent le poids des d\u00e9cennies. Trois mois de travaux en hauteur qui devraient surtout permettre au village de gagner en qualit\u00e9 de l\u2019eau .<\/p>\n\n\n\n<figure class=\"wp-block-image\"><img decoding=\"async\" src=\"https:\/\/cdn-s-www.lalsace.fr\/images\/3969FBD4-5FAA-4EE4-A851-F19160A1E033\/NW_detail\/title-1614614113.jpg\" alt=\"L\u2019attribut alt de cette image est vide, son nom de fichier est title-1614614113.jpg.\"\/><figcaption>Patrick Antoine, conseiller municipal de Montreux-Vieux, juste en dessous de la cuve du ch\u00e2teau d\u2019eau du village dont l\u2019\u00e9tanch\u00e9it\u00e9 doit \u00eatre refaite d\u2019ici le printemps.\u00a0 Photo L\u2019Alsace \/Vivian MILLET<\/figcaption><\/figure>\n\n\n\n<p>C\u2019\u00e9tait\u00a0l\u2019une des priorit\u00e9s affich\u00e9es\u00a0de la nouvelle \u00e9quipe emmen\u00e9e par le maire, Jean-Claude Ringwald\u00a0: la \u00ab\u00a0n\u00e9cessaire\u00a0\u00bb remise en conformit\u00e9 du ch\u00e2teau d\u2019eau, dont la construction remonte aux ann\u00e9es 1930. Quatre mois de travaux sont pr\u00e9vus \u00e0 partir de ce d\u00e9but mars pour r\u00e9nover l\u2019int\u00e9rieur, remplacer la tuyauterie et surtout restaurer la cuve de l\u2019\u00e9difice, aujourd\u2019hui en piteux \u00e9tat.<\/p>\n\n\n\n<figure class=\"wp-block-image\"><img decoding=\"async\" src=\"https:\/\/cdn-s-www.lalsace.fr\/images\/9e97d931-1542-4f5f-8b02-be46f4a72cd7\/NW_listA\/le-chateau-d-eau-de-montreux-vieux-avait-deja-fait-l-objet-d-une-renovation-exterieure-au-printemps-2011-photo-l-alsace-vivian-millet-1614614116.jpg\" alt=\" Le ch\u00e2teau d\u2019eau de Montreux-Vieux avait d\u00e9j\u00e0 fait l\u2019objet d\u2019une r\u00e9novation ext\u00e9rieure au printemps 2011. \u00a0 Photo L\u2019Alsace \/Vivian MILLET \"\/><\/figure>\n\n\n\n<p>Lanterne rouge de la qualit\u00e9 de l\u2019eau<\/p>\n\n\n\n<p>\u00ab\u00a0Il est temps de faire quelque chose\u00a0\u00bb, r\u00e9sume Patrick Antoine, conseiller municipal qui suit de pr\u00e8s ce chantier en pr\u00e9paration depuis l\u2019\u00e9t\u00e9 dernier \u00e0 la mairie. Vu de l\u2019ext\u00e9rieur, le b\u00e2timent aux briques rouges et aux 33 m\u00e8tres de haut a toujours fi\u00e8re allure au centre du village\u00a0: apr\u00e8s des travaux en 1997, il avait d\u00e9j\u00e0 eu droit \u00e0 un bon ravalement de fa\u00e7ade au printemps 2011. Mais l\u2019\u00e9tat interne, les r\u00e9seaux et la cuve b\u00e9ton de 200 m3\u00a0\u00a0accusent clairement le poids des d\u00e9cennies. R\u00e9fection de la cuve et reprise de l\u2019\u00e9tanch\u00e9it\u00e9, r\u00e9fection de la tuyauterie et du syst\u00e8me de vannes, reprise de la structure interne du ch\u00e2teau\u00a0qui pr\u00e9sente \u00ab\u00a0des points de fragilit\u00e9\u00a0\u00bb dus \u00e0 l\u2019oxydation de ferrures au niveau des ponts thermiques\u00a0: il s\u2019agit cette fois de restaurer l\u2019\u00e9quipement en profondeur.<\/p>\n\n\n\n<p>\u00ab\u00a0Travailler sur la qualit\u00e9 de l\u2019eau\u00a0\u00bb\u00a0: c\u2019est l\u2019objectif num\u00e9ro un de ce chantier pour la municipalit\u00e9. Si l\u2019eau qui sort du robinet\u00a0\u00e0 Montreux-Vieux\u00a0est \u00e9videmment potable, le village fait depuis trop longtemps office de mauvais \u00e9l\u00e8ve \u00e0\u00a0l\u2019Agence de l\u2019eau. \u00ab\u00a0On clignote en rouge depuis un moment\u00a0\u00bb, plaisante-t-on en mairie.<\/p>\n\n\n\n<p>\u00ab\u00a0On a d\u00e9j\u00e0 une nappe phr\u00e9atique qui nous apporte une eau tr\u00e8s acide, tr\u00e8s agressive\u00a0\u00bb, rel\u00e8ve\u00a0Patrick Antoine. Une eau qui est aussi \u00ab\u00a0charg\u00e9e en m\u00e9taux, nickel, chrome voire plomb\u00a0\u00bb, dans des niveaux certes conformes \u00e0 la r\u00e9glementation, mais qui pourraient \u00eatre nettement am\u00e9lior\u00e9s. \u00ab\u00a0Ces derni\u00e8res ann\u00e9es, diff\u00e9rents rapports, en particulier de l\u2019ARS, donnaient obligation de faire ces travaux\u00a0\u00bb, explique-t-on \u00e0 la mairie de Montreux-Vieux. La \u00ab\u00a0d\u00e9gradation importante\u00a0\u00bb de la cuve et notamment ses d\u00e9fauts d\u2019\u00e9tanch\u00e9it\u00e9 auraient ainsi fait l\u2019objet de \u00ab\u00a0signalements r\u00e9guliers\u00a0\u00bb de l\u2019agence r\u00e9gionale de sant\u00e9. Un probl\u00e8me que les nouveaux \u00e9lus ont voulu prendre \u00e0 bras le corps.<\/p>\n\n\n\n<p>Pas de coupure \u00e0 redouter au robinet<\/p>\n\n\n\n<p>\u00ab\u00a0Le traitement d\u2019isolation de la cuve date de plus de trente ans et se d\u00e9colle de la paroi, d\u00e9taille Patrick Antoine. Par m\u00e8tres carr\u00e9s, pas par petits bouts.\u00a0\u00bb Reprise de l\u2019\u00e9tanch\u00e9it\u00e9 des parois et surtout de la cuve avec un nouveau rev\u00eatement, r\u00e9paration des \u00e9ventuelles fissures\u00a0: ces travaux n\u00e9cessiteront l\u2019installation d\u2019un \u00e9chafaudage tournant, d\u00e9but avril.<\/p>\n\n\n\n<p>Outre la cuve, une quinzaine de m\u00e8tres de tuyaux seront remplac\u00e9s. Toute comme les vannes vieillissantes \u00ab\u00a0qui, pour certaines, doivent dater de la construction du ch\u00e2teau\u00a0\u00bb et peuvent contenir des mat\u00e9riaux type jointures en plombs \u00ab\u00a0visibles dans les analyses\u00a0\u00bb \u00e0 l\u2019autre bout du tuyau. Vannes en fonte et tuyauterie en inox viendront remplacer le tout. D\u00e9samiantage pr\u00e9alable (lire ci-contre), travail en espace confin\u00e9 et en hauteur\u00a0: ce chantier tr\u00e8s particulier fera l\u2019objet d\u2019une attention toute particuli\u00e8re sur le plan de la s\u00e9curit\u00e9.<\/p>\n\n\n\n<p>Avant d\u2019entrer dans le vif du sujet, l\u2019op\u00e9ration s\u2019\u00e9tait \u00e9labor\u00e9e en contacts avec les villages voisins de Montreux-Jeune et surtout Chavannes-sur-l\u2019\u00c9tang, avec lequel Montreux-Vieux est d\u00e9j\u00e0 maill\u00e9 pour l\u2019approvisionnement en eau potable. La phase de travaux pr\u00e9paratoires a consist\u00e9 \u00e0 assurer le service d\u2019approvisionnement pendant tout le chantier. \u00ab\u00a0On sera aliment\u00e9 trois jours par Chavannes-sur-l\u2019\u00c9tang\u00a0\u00bb, pr\u00e9cise le maire Jean-Claude Ringwald. Au-del\u00e0, la mise en place d\u2019un bypass au ch\u00e2teau d\u2019eau permettra une alimentation directe depuis la station de pompage, sans passer par la cuve en travaux. Si aucune coupure d\u2019eau n\u2019est annonc\u00e9e, d\u2019\u00e9ventuelles baisses de pression sont possibles. La remise en service du ch\u00e2teau d\u2019eau est pr\u00e9vue pour fin mai-d\u00e9but juin, apr\u00e8s le contr\u00f4le de potabilit\u00e9 de rigueur.<\/p>\n\n\n\n<div class=\"wp-block-image\"><figure class=\"aligncenter\"><img decoding=\"async\" src=\"https:\/\/cdn-s-www.lalsace.fr\/images\/6873a17e-243a-46bd-8c09-e71825bf2533\/NW_listE\/le-chateau-d-eau-de-montreux-vieux-culmine-a-33-metres-de-haut-photo-l-alsace-vivian-millet-1614614111.jpg\" alt=\"Le ch\u00e2teau d'eau de Montreux-Vieux culmine \u00e0 33 m\u00e8tres de haut.\u00a0 Photo L'Alsace \/Vivian MILLET\"\/><\/figure><\/div>\n\n\n\n<p>D\u00e9samiantage \u00e0 trente m\u00e8tres du sol\u2026 et coupure r\u00e9seau<\/p>\n\n\n\n<p>Premi\u00e8re op\u00e9ration indispensable\u00a0: trois semaines de travaux de d\u00e9samiantage \u00e0 trente m\u00e8tres du sol. \u00c0 partir de la semaine prochaine, il s\u2019agira de retirer les tuyauteries calfeutr\u00e9es dans lesquels des traces d\u2019amiante avaient \u00e9t\u00e9 d\u00e9cel\u00e9es lors du diagnostic \u00e9tabli l\u2019an dernier. Confinement et protocole sp\u00e9cial de rigueur, avec installation d\u2019une zone de d\u00e9contamination \u00e0 l\u2019int\u00e9rieur du b\u00e2timent.<\/p>\n\n\n\n<p>Une grue sera ensuite install\u00e9e \u00e0 c\u00f4t\u00e9 du ch\u00e2teau d\u2019eau pour l\u2019\u00e9vacuation des tuyaux tron\u00e7onn\u00e9s et d\u00e9chets amiant\u00e9s, perturbant la circulation au centre du village durant quelques jours. Un arr\u00eat\u00e9 municipal en pr\u00e9cisera les dates et conditions. Le ch\u00e2teau d\u2019eau abritant les antennes relais de plusieurs op\u00e9rateurs de t\u00e9l\u00e9phonie mobile, il faudra \u00e9galement s\u2019attendre \u00e0 quelques heures de coupure r\u00e9seau ce jour-l\u00e0 dans le secteur de Montreux-Vieux&#8230; Le chantier ne pourra pas reprendre tant que les mesures n\u2019auront pas confirm\u00e9 l\u2019absence de tout r\u00e9sidu d\u2019amiante.<\/p>\n\n\n\n<div class=\"wp-block-image\"><figure class=\"aligncenter\"><img decoding=\"async\" src=\"https:\/\/cdn-s-www.lalsace.fr\/images\/9e97d931-1542-4f5f-8b02-be46f4a72cd7\/NW_listE\/le-chateau-d-eau-de-montreux-vieux-photo-l-alsace-1614614116.jpg\" alt=\"Le ch\u00e2teau d\u2019eau de Montreux-Vieux.\u00a0 Photo L\u2019Alsace\"\/><\/figure><\/div>\n\n\n\n<p>En chiffres<\/p>\n\n\n\n<p>\u25a0\u00a0<strong>170\u00a0894\u00a0euros\u00a0:<\/strong>\u00a0c\u2019est le co\u00fbt global (TTC) de ces travaux de r\u00e9novation, qui doivent s\u2019\u00e9tendre de d\u00e9but mars \u00e0 fin mai. La commune de Montreux-Vieux a recours \u00e0 un emprunt de 120\u00a0000\u00a0euros et esp\u00e8re b\u00e9n\u00e9ficier d\u2019environ 30\u00a0% de subventions de l\u2019Agence de l\u2019Eau Rhin-Meuse.<\/p>\n\n\n\n<p>\u25a0\u00a0<strong>33 m\u00e8tres\u00a0:\u00a0<\/strong>la hauteur du ch\u00e2teau d\u2019eau de Montreux-Vieux, qui poss\u00e8de un r\u00e9servoir de 200\u00a0m\u00b3. L\u2019\u00e9difice a \u00e9t\u00e9 b\u00e2ti en 1937. Il est m\u00eame connu dans l\u2019histoire pour avoir servi de poste de tir aux artilleurs de la Wehrmacht en novembre 1944, avant d\u2019\u00eatre vis\u00e9 par l\u2019arm\u00e9e fran\u00e7aise et d\u2019\u00eatre fortement endommag\u00e9 par trois obus.<\/p>\n\n\n\n<p>\u25a0\u00a0<strong>130\u00a0m \u00b3\/jour\u00a0:<\/strong>\u00a0c\u2019est la consommation moyenne d\u2019eau des 360 foyers de Montreux-Vieux<\/p>\n\n\n\n<p>Texte et photos L&rsquo;Alsace du 2 mars 2021 <\/p>\n","protected":false},"excerpt":{"rendered":"<p>La commune de Montreux-Vieux engage une vaste op\u00e9ration de r\u00e9novation de son ch\u00e2teau d\u2019eau, dont la cuve b\u00e9ton et la structure accusent le poids des d\u00e9cennies. Trois mois de travaux en hauteur qui devraient surtout permettre au village de gagner &hellip; <a href=\"https:\/\/montreux-vieux.net\/?page_id=24532\">Continuer la lecture <span class=\"meta-nav\">&rarr;<\/span><\/a><\/p>\n","protected":false},"author":1,"featured_media":0,"parent":13097,"menu_order":18,"comment_status":"closed","ping_status":"open","template":"","meta":{"footnotes":""},"class_list":["post-24532","page","type-page","status-publish","hentry"],"_links":{"self":[{"href":"https:\/\/montreux-vieux.net\/index.php?rest_route=\/wp\/v2\/pages\/24532","targetHints":{"allow":["GET"]}}],"collection":[{"href":"https:\/\/montreux-vieux.net\/index.php?rest_route=\/wp\/v2\/pages"}],"about":[{"href":"https:\/\/montreux-vieux.net\/index.php?rest_route=\/wp\/v2\/types\/page"}],"author":[{"embeddable":true,"href":"https:\/\/montreux-vieux.net\/index.php?rest_route=\/wp\/v2\/users\/1"}],"replies":[{"embeddable":true,"href":"https:\/\/montreux-vieux.net\/index.php?rest_route=%2Fwp%2Fv2%2Fcomments&post=24532"}],"version-history":[{"count":1,"href":"https:\/\/montreux-vieux.net\/index.php?rest_route=\/wp\/v2\/pages\/24532\/revisions"}],"predecessor-version":[{"id":24533,"href":"https:\/\/montreux-vieux.net\/index.php?rest_route=\/wp\/v2\/pages\/24532\/revisions\/24533"}],"up":[{"embeddable":true,"href":"https:\/\/montreux-vieux.net\/index.php?rest_route=\/wp\/v2\/pages\/13097"}],"wp:attachment":[{"href":"https:\/\/montreux-vieux.net\/index.php?rest_route=%2Fwp%2Fv2%2Fmedia&parent=24532"}],"curies":[{"name":"wp","href":"https:\/\/api.w.org\/{rel}","templated":true}]}}