{"id":2454,"date":"2011-11-18T08:24:28","date_gmt":"2011-11-18T07:24:28","guid":{"rendered":"http:\/\/montreux-vieux.org\/?page_id=2454"},"modified":"2019-01-02T10:25:50","modified_gmt":"2019-01-02T09:25:50","slug":"les-passeports","status":"publish","type":"page","link":"https:\/\/montreux-vieux.net\/?page_id=2454","title":{"rendered":"Les passeports"},"content":{"rendered":"<h3 style=\"text-align: center;\"><span style=\"color: #000000;\">Les passeports<\/span><\/h3>\n<h4 style=\"text-align: justify;\">14-03-1891<\/h4>\n<h4 style=\"text-align: justify;\">&nbsp;Par suite de la r\u00e9introduction de la mesure des passeports, les belles esp\u00e9rances qu\u2019on avait con\u00e7ues au sujet des trains express que l\u2019administration des chemins de fer d\u2019Alsace Lorraine s\u2019\u00e9tait propos\u00e9 d\u2019intercaler dans l\u2019horaire du service d\u2019\u00e9t\u00e9, pour la section de Mulhouse \u00e0 Montreux-Vieux, ne paraissent pas devoir se r\u00e9aliser, du moins jusqu\u2019\u00e0 nouvel ordre&nbsp;; car nous apprenons de sources certaines que le service d\u00e9j\u00e0 projet\u00e9 des trains express entre B\u00e2le et Paris (par Mulhouse) ne sera pas organis\u00e9.<\/h4>\n<h4 style=\"text-align: justify;\">Mais par apr\u00e8s en juillet on pouvait lire dans la Revue Annuaire Catholique de juillet-septembre 1891 Tome III&nbsp; -, les voyageurs munis de billets directs pour la Suisse, peuvent traverser le territoire de l\u2019Alsace-Lorraine de Montreux-Vieux \u00e0 B\u00e2le sans passeport.<\/h4>\n","protected":false},"excerpt":{"rendered":"<p>Les passeports 14-03-1891 &nbsp;Par suite de la r\u00e9introduction de la mesure des passeports, les belles esp\u00e9rances qu\u2019on avait con\u00e7ues au sujet des trains express que l\u2019administration des chemins de fer d\u2019Alsace Lorraine s\u2019\u00e9tait propos\u00e9 d\u2019intercaler dans l\u2019horaire du service d\u2019\u00e9t\u00e9, &hellip; <a href=\"https:\/\/montreux-vieux.net\/?page_id=2454\">Continuer la lecture <span class=\"meta-nav\">&rarr;<\/span><\/a><\/p>\n","protected":false},"author":1,"featured_media":0,"parent":13013,"menu_order":16,"comment_status":"open","ping_status":"open","template":"","meta":{"footnotes":""},"class_list":["post-2454","page","type-page","status-publish","hentry"],"_links":{"self":[{"href":"https:\/\/montreux-vieux.net\/index.php?rest_route=\/wp\/v2\/pages\/2454","targetHints":{"allow":["GET"]}}],"collection":[{"href":"https:\/\/montreux-vieux.net\/index.php?rest_route=\/wp\/v2\/pages"}],"about":[{"href":"https:\/\/montreux-vieux.net\/index.php?rest_route=\/wp\/v2\/types\/page"}],"author":[{"embeddable":true,"href":"https:\/\/montreux-vieux.net\/index.php?rest_route=\/wp\/v2\/users\/1"}],"replies":[{"embeddable":true,"href":"https:\/\/montreux-vieux.net\/index.php?rest_route=%2Fwp%2Fv2%2Fcomments&post=2454"}],"version-history":[{"count":5,"href":"https:\/\/montreux-vieux.net\/index.php?rest_route=\/wp\/v2\/pages\/2454\/revisions"}],"predecessor-version":[{"id":13271,"href":"https:\/\/montreux-vieux.net\/index.php?rest_route=\/wp\/v2\/pages\/2454\/revisions\/13271"}],"up":[{"embeddable":true,"href":"https:\/\/montreux-vieux.net\/index.php?rest_route=\/wp\/v2\/pages\/13013"}],"wp:attachment":[{"href":"https:\/\/montreux-vieux.net\/index.php?rest_route=%2Fwp%2Fv2%2Fmedia&parent=2454"}],"curies":[{"name":"wp","href":"https:\/\/api.w.org\/{rel}","templated":true}]}}