{"id":24558,"date":"2022-02-03T15:51:48","date_gmt":"2022-02-03T14:51:48","guid":{"rendered":"https:\/\/montreux-vieux.net\/?page_id=24558"},"modified":"2022-02-03T15:51:48","modified_gmt":"2022-02-03T14:51:48","slug":"mademoiselle-wioland-elisabeth","status":"publish","type":"page","link":"https:\/\/montreux-vieux.net\/?page_id=24558","title":{"rendered":"Mademoiselle Wioland Elisabeth"},"content":{"rendered":"\n<div class=\"wp-block-image\"><figure class=\"aligncenter\"><img decoding=\"async\" src=\"http:\/\/montreux-vieux.net\/montreux-vieux.net\/wp-content\/uploads\/2019\/03\/ScreenShot1567.jpg\" alt=\"L\u2019attribut alt de cette image est vide, son nom de fichier est ScreenShot1567.jpg.\"\/><\/figure><\/div>\n\n\n\n<p><strong> 18 mars 2019<\/strong> de Mademoiselle Elisabeth Wioland, ancienne directrice d&rsquo;\u00e9cole de Montreux-Vieux \u00e0 l&rsquo;\u00e2ge de 96 ans. <font color=\"#191e23\"><span style=\"background-color: rgb(232, 234, 235);\"><b> <\/b><\/span><\/font> <strong>Extraits du Bulletin d&rsquo;informations de la commune de Br\u00e9chaumont de 2016<\/strong> concernant Mademoiselle \u00c9lisabeth WIOLAND est plus connue sous le petit nom de \u00ab Mimi\u00a0\u00bb depuis toute petite on la pr\u00e9nomme ainsi.<br>Elle est n\u00e9e le 13 Novembre 1922 \u00e0 Br\u00e9chaumont, deuxi\u00e8me d\u2019une fratrie de 10 enfants (6 filles et 4 gar\u00e7ons).<br>Elle fr\u00e9quente l&rsquo;\u00e9cole du village puis part faire ses \u00e9tudes \u00e0 Mulhouse pour pr\u00e9parer l&rsquo;\u00e9cole normale et devenir institutrice Pendant la guerre, elle a obtenu un poste d&rsquo;institutrice \u00e0 Lutterbach puis \u00e0 Sausheim Elle est partie pour Digne les Bains pour obtenir un dipl\u00f4me de l&rsquo;\u00e9ducation sup\u00e9rieure.<br>Apr\u00e8s, elle fut nomm\u00e9e \u00e0 Chavannes-sur-l&rsquo;Etang puis directrice de l&rsquo;\u00e9cole de filles de Montreux-Vieux puis<br>des deux \u00e9coles (filles gar\u00e7ons) Apr\u00e8s avoir vu d\u00e9filer de nombreuses t\u00eates blondes, elle a fait valoir ses droits \u00e0 une retraite bien m\u00e9rit\u00e9e !<br>Elle a coul\u00e9 des jours heureux toujours \u00e0 Br\u00e9chaumont dans la maison familiale o\u00f9 elle s&rsquo;adonne \u00e0 ses passions : lecture et marche entre autres&#8230;Apr\u00e8s son 90 anniversaire, elle d\u00e9cide de s&rsquo;installer \u00e0 la MARPA bien connue \u00e0 Br\u00e9chaumont. Elle profite du joli parc et des nombreuses visites de sa famille.<br>Pour la petite anecdote, elle a revu avec plaisir une ancienne \u00e9l\u00e8ve de Montreux-Vieux : Marie-Odile qui vient faire du b\u00e9n\u00e9volat au sein de la MARPA (bricolage et arrangements floraux) Marie-Odile \u00e9tait tr\u00e8s \u00e9mue de revoir \u00ab sa ma\u00eetresse d&rsquo;\u00e9cole \u00bb !!Nous souhaitons \u00e0 Madame \u00c9lisabeth WIOLAND \u00ab Mimi \u00bb encore de belles ann\u00e9es parmi nous !  <\/p>\n","protected":false},"excerpt":{"rendered":"<p>18 mars 2019 de Mademoiselle Elisabeth Wioland, ancienne directrice d&rsquo;\u00e9cole de Montreux-Vieux \u00e0 l&rsquo;\u00e2ge de 96 ans. Extraits du Bulletin d&rsquo;informations de la commune de Br\u00e9chaumont de 2016 concernant Mademoiselle \u00c9lisabeth WIOLAND est plus connue sous le petit nom de &hellip; <a href=\"https:\/\/montreux-vieux.net\/?page_id=24558\">Continuer la lecture <span class=\"meta-nav\">&rarr;<\/span><\/a><\/p>\n","protected":false},"author":1,"featured_media":0,"parent":4091,"menu_order":145,"comment_status":"closed","ping_status":"open","template":"","meta":{"footnotes":""},"class_list":["post-24558","page","type-page","status-publish","hentry"],"_links":{"self":[{"href":"https:\/\/montreux-vieux.net\/index.php?rest_route=\/wp\/v2\/pages\/24558","targetHints":{"allow":["GET"]}}],"collection":[{"href":"https:\/\/montreux-vieux.net\/index.php?rest_route=\/wp\/v2\/pages"}],"about":[{"href":"https:\/\/montreux-vieux.net\/index.php?rest_route=\/wp\/v2\/types\/page"}],"author":[{"embeddable":true,"href":"https:\/\/montreux-vieux.net\/index.php?rest_route=\/wp\/v2\/users\/1"}],"replies":[{"embeddable":true,"href":"https:\/\/montreux-vieux.net\/index.php?rest_route=%2Fwp%2Fv2%2Fcomments&post=24558"}],"version-history":[{"count":1,"href":"https:\/\/montreux-vieux.net\/index.php?rest_route=\/wp\/v2\/pages\/24558\/revisions"}],"predecessor-version":[{"id":24559,"href":"https:\/\/montreux-vieux.net\/index.php?rest_route=\/wp\/v2\/pages\/24558\/revisions\/24559"}],"up":[{"embeddable":true,"href":"https:\/\/montreux-vieux.net\/index.php?rest_route=\/wp\/v2\/pages\/4091"}],"wp:attachment":[{"href":"https:\/\/montreux-vieux.net\/index.php?rest_route=%2Fwp%2Fv2%2Fmedia&parent=24558"}],"curies":[{"name":"wp","href":"https:\/\/api.w.org\/{rel}","templated":true}]}}