{"id":2485,"date":"2011-11-19T17:24:34","date_gmt":"2011-11-19T16:24:34","guid":{"rendered":"http:\/\/montreux-vieux.org\/?page_id=2485"},"modified":"2018-12-31T15:34:08","modified_gmt":"2018-12-31T14:34:08","slug":"incident-de-frontiere","status":"publish","type":"page","link":"https:\/\/montreux-vieux.net\/?page_id=2485","title":{"rendered":"Incident de fronti\u00e8re"},"content":{"rendered":"<h3 style=\"text-align: center;\"><span style=\"color: #000000;\">Incident de fronti\u00e8re<\/span><\/h3>\n<h4 style=\"text-align: justify;\"><span style=\"color: #000000;\">29-06-1896<\/span><\/h4>\n<h4 style=\"text-align: justify;\"><span style=\"color: #000000;\">Un incident de fronti\u00e8re vient de se produire sur la route conduisant de Montreux-Vieux \u00e0 Chavannes-Les-Grands.<\/span><\/h4>\n<h4 style=\"text-align: justify;\"><span style=\"color: #000000;\">Voici la version officielle de cet incident mise en cours par l\u2019autorit\u00e9 allemande \u00e0 Strasbourg.<\/span><\/h4>\n<h4 style=\"text-align: justify;\"><span style=\"color: #000000;\">\u00ab\u00a0Un peintre alsacien nomm\u00e9 Steck, habitant sur le territoire fran\u00e7ais \u00e0 Montreux-Ch\u00e2teau fut surpris par deux gendarmes au moment ou il p\u00e9n\u00e9trait sur le territoire allemand et mis en \u00e9tat d\u2019arrestation parce qu\u2019il s\u2019\u00e9tait soustrait au service militaire en Allemagne.<\/span><\/h4>\n<h4 style=\"text-align: justify;\"><span style=\"color: #000000;\">Steck se d\u00e9fendit avec son couteau et les gendarmes firent usage de leurs armes.<\/span><\/h4>\n<h4 style=\"text-align: justify;\"><span style=\"color: #000000;\">Dans le coup de la lutte, le gendarme Hoffmann eut la figure \u00e9gratign\u00e9e par la balle de son propre r\u00e9volver.<\/span><\/h4>\n<h4 style=\"text-align: justify;\"><span style=\"color: #000000;\">Steck a \u00e9t\u00e9 gri\u00e8vement bless\u00e9 par plusieurs coups de sabre.<\/span><\/h4>\n<h4 style=\"text-align: justify;\"><span style=\"color: #000000;\">Une enqu\u00eate a \u00e9t\u00e9 ouverte&nbsp;\u00bb<\/span><\/h4>\n<h4 style=\"text-align: justify;\"><span style=\"color: #000000;\">Cette enqu\u00eate semble d\u2019autant plus n\u00e9cessaire que, d\u2019apr\u00e8s des renseignements dignes de foi, les faits ne se seraient point pass\u00e9s de la fa\u00e7on relat\u00e9e par la version officielle.<\/span><\/h4>\n<h4 style=\"text-align: justify;\"><span style=\"color: #000000;\">On assure, entre autres choses, que l\u2019Alsacien Steck ne se trouvait pas sur le territoire allemand lorsqu\u2019il a \u00e9t\u00e9 appr\u00e9hend\u00e9, et, en outre qu\u2019il n\u2019a point fait usage de son couteau pour se d\u00e9fendre<\/span><\/h4>\n","protected":false},"excerpt":{"rendered":"<p>Incident de fronti\u00e8re 29-06-1896 Un incident de fronti\u00e8re vient de se produire sur la route conduisant de Montreux-Vieux \u00e0 Chavannes-Les-Grands. Voici la version officielle de cet incident mise en cours par l\u2019autorit\u00e9 allemande \u00e0 Strasbourg. \u00ab\u00a0Un peintre alsacien nomm\u00e9 Steck, &hellip; <a href=\"https:\/\/montreux-vieux.net\/?page_id=2485\">Continuer la lecture <span class=\"meta-nav\">&rarr;<\/span><\/a><\/p>\n","protected":false},"author":1,"featured_media":0,"parent":13130,"menu_order":8,"comment_status":"open","ping_status":"open","template":"","meta":{"footnotes":""},"class_list":["post-2485","page","type-page","status-publish","hentry"],"_links":{"self":[{"href":"https:\/\/montreux-vieux.net\/index.php?rest_route=\/wp\/v2\/pages\/2485","targetHints":{"allow":["GET"]}}],"collection":[{"href":"https:\/\/montreux-vieux.net\/index.php?rest_route=\/wp\/v2\/pages"}],"about":[{"href":"https:\/\/montreux-vieux.net\/index.php?rest_route=\/wp\/v2\/types\/page"}],"author":[{"embeddable":true,"href":"https:\/\/montreux-vieux.net\/index.php?rest_route=\/wp\/v2\/users\/1"}],"replies":[{"embeddable":true,"href":"https:\/\/montreux-vieux.net\/index.php?rest_route=%2Fwp%2Fv2%2Fcomments&post=2485"}],"version-history":[{"count":3,"href":"https:\/\/montreux-vieux.net\/index.php?rest_route=\/wp\/v2\/pages\/2485\/revisions"}],"predecessor-version":[{"id":13227,"href":"https:\/\/montreux-vieux.net\/index.php?rest_route=\/wp\/v2\/pages\/2485\/revisions\/13227"}],"up":[{"embeddable":true,"href":"https:\/\/montreux-vieux.net\/index.php?rest_route=\/wp\/v2\/pages\/13130"}],"wp:attachment":[{"href":"https:\/\/montreux-vieux.net\/index.php?rest_route=%2Fwp%2Fv2%2Fmedia&parent=2485"}],"curies":[{"name":"wp","href":"https:\/\/api.w.org\/{rel}","templated":true}]}}