{"id":2518,"date":"2011-11-23T16:02:12","date_gmt":"2011-11-23T15:02:12","guid":{"rendered":"http:\/\/montreux-vieux.org\/?page_id=2518"},"modified":"2019-01-02T09:28:06","modified_gmt":"2019-01-02T08:28:06","slug":"invasion-de-loups","status":"publish","type":"page","link":"https:\/\/montreux-vieux.net\/?page_id=2518","title":{"rendered":"Invasion de loups"},"content":{"rendered":"<h3 style=\"text-align: center;\"><span style=\"color: #000000;\">Invasion de loups<\/span><\/h3>\n<h4 style=\"text-align: justify;\"><span style=\"color: #000000;\">13-09-1885<\/span><\/h4>\n<h4 style=\"text-align: justify;\"><span style=\"color: #000000;\">Les loups ont fait leur apparition dans la Haute Alsace. Dans la banlieue de Brunstatt, une bergerie a \u00e9t\u00e9 d\u00e9vast\u00e9e&nbsp;; six brebis ont \u00e9t\u00e9 retrouv\u00e9es mortes sur place, plusieurs autres ont \u00e9t\u00e9 plus ou moins gri\u00e8vement bless\u00e9es par les dents des loups.<\/span><\/h4>\n<h4 style=\"text-align: justify;\"><span style=\"color: #000000;\">Dimanche soir le train venant de Montreux-Vieux a tu\u00e9 entre cette station et Dannemarie un loup en lui enlevant une patte et en lui \u00e9crasant les c\u00f4tes.<\/span><\/h4>\n<h4 style=\"text-align: justify;\"><span style=\"color: #000000;\">Beaucoup de personnes veulent voir dans l\u2019apparition des loups, dans cette contr\u00e9e et dans cette saison&nbsp;; le pronostic d\u2019un hiver pr\u00e9coce et rigoureux<\/span><\/h4>\n","protected":false},"excerpt":{"rendered":"<p>Invasion de loups 13-09-1885 Les loups ont fait leur apparition dans la Haute Alsace. Dans la banlieue de Brunstatt, une bergerie a \u00e9t\u00e9 d\u00e9vast\u00e9e&nbsp;; six brebis ont \u00e9t\u00e9 retrouv\u00e9es mortes sur place, plusieurs autres ont \u00e9t\u00e9 plus ou moins gri\u00e8vement &hellip; <a href=\"https:\/\/montreux-vieux.net\/?page_id=2518\">Continuer la lecture <span class=\"meta-nav\">&rarr;<\/span><\/a><\/p>\n","protected":false},"author":1,"featured_media":0,"parent":13044,"menu_order":22,"comment_status":"open","ping_status":"open","template":"","meta":{"footnotes":""},"class_list":["post-2518","page","type-page","status-publish","hentry"],"_links":{"self":[{"href":"https:\/\/montreux-vieux.net\/index.php?rest_route=\/wp\/v2\/pages\/2518","targetHints":{"allow":["GET"]}}],"collection":[{"href":"https:\/\/montreux-vieux.net\/index.php?rest_route=\/wp\/v2\/pages"}],"about":[{"href":"https:\/\/montreux-vieux.net\/index.php?rest_route=\/wp\/v2\/types\/page"}],"author":[{"embeddable":true,"href":"https:\/\/montreux-vieux.net\/index.php?rest_route=\/wp\/v2\/users\/1"}],"replies":[{"embeddable":true,"href":"https:\/\/montreux-vieux.net\/index.php?rest_route=%2Fwp%2Fv2%2Fcomments&post=2518"}],"version-history":[{"count":4,"href":"https:\/\/montreux-vieux.net\/index.php?rest_route=\/wp\/v2\/pages\/2518\/revisions"}],"predecessor-version":[{"id":13250,"href":"https:\/\/montreux-vieux.net\/index.php?rest_route=\/wp\/v2\/pages\/2518\/revisions\/13250"}],"up":[{"embeddable":true,"href":"https:\/\/montreux-vieux.net\/index.php?rest_route=\/wp\/v2\/pages\/13044"}],"wp:attachment":[{"href":"https:\/\/montreux-vieux.net\/index.php?rest_route=%2Fwp%2Fv2%2Fmedia&parent=2518"}],"curies":[{"name":"wp","href":"https:\/\/api.w.org\/{rel}","templated":true}]}}