{"id":2537,"date":"2011-11-25T17:13:43","date_gmt":"2011-11-25T16:13:43","guid":{"rendered":"http:\/\/montreux-vieux.org\/?page_id=2537"},"modified":"2019-09-11T12:28:44","modified_gmt":"2019-09-11T11:28:44","slug":"manoeuvres-a-la-frontiere-allemande","status":"publish","type":"page","link":"https:\/\/montreux-vieux.net\/?page_id=2537","title":{"rendered":"Manoeuvres \u00e0 la fronti\u00e8re Allemande"},"content":{"rendered":"<h3 style=\"text-align: center;\">Manoeuvre \u00e0 la fronti\u00e8re<\/h3>\n<h3 style=\"text-align: center;\"><span style=\"color: #000000;\">Allemande<\/span><\/h3>\n<h3 style=\"text-align: center;\">en 1899<\/h3>\n<h3 style=\"text-align: center;\"><\/h3>\n<p style=\"text-align: center;\"><a href=\"http:\/\/montreux-vieux.net\/montreux-vieux.net\/wp-content\/uploads\/2018\/10\/ScreenShot1364.jpg\" target=\"_blank\" rel=\"noopener noreferrer\"><img loading=\"lazy\" decoding=\"async\" class=\"aligncenter wp-image-11541 size-full\" src=\"http:\/\/montreux-vieux.net\/montreux-vieux.net\/wp-content\/uploads\/2018\/10\/ScreenShot1364.jpg\" alt=\"\" width=\"594\" height=\"361\" srcset=\"https:\/\/montreux-vieux.net\/montreux-vieux.net\/wp-content\/uploads\/2018\/10\/ScreenShot1364.jpg 594w, https:\/\/montreux-vieux.net\/montreux-vieux.net\/wp-content\/uploads\/2018\/10\/ScreenShot1364-300x182.jpg 300w\" sizes=\"auto, (max-width: 594px) 100vw, 594px\" \/><\/a><\/p>\n<h4 style=\"text-align: justify;\">Belfort. \u00a0Aujourd&rsquo;hui 31 janvier 1899 les troupes allemandes des garnisons de Colmar, Mulhouse et Fribourg ont manoeuvr\u00e9 sur la fronti\u00e8re. Transport\u00e9es par chemin de fer jusqu&rsquo;\u00e0 Altkirch, elles ont fait \u00e0 pied le trajet de cette localit\u00e9 jusqu&rsquo;\u00e0 <strong>Montreux-Vieux<\/strong>\u00a0o\u00f9\u00a0l&rsquo;\u00e9tat-major a cantonn\u00e9.<\/h4>\n<h6>\u00a0Sources: Gil Blas mercredi 1<sup>er<\/sup> f\u00e9vrier 1899<\/h6>\n<h4 style=\"text-align: justify;\"><\/h4>\n","protected":false},"excerpt":{"rendered":"<p>Manoeuvre \u00e0 la fronti\u00e8re Allemande en 1899 Belfort. \u00a0Aujourd&rsquo;hui 31 janvier 1899 les troupes allemandes des garnisons de Colmar, Mulhouse et Fribourg ont manoeuvr\u00e9 sur la fronti\u00e8re. Transport\u00e9es par chemin de fer jusqu&rsquo;\u00e0 Altkirch, elles ont fait \u00e0 pied le &hellip; <a href=\"https:\/\/montreux-vieux.net\/?page_id=2537\">Continuer la lecture <span class=\"meta-nav\">&rarr;<\/span><\/a><\/p>\n","protected":false},"author":1,"featured_media":0,"parent":12673,"menu_order":52,"comment_status":"open","ping_status":"open","template":"","meta":{"footnotes":""},"class_list":["post-2537","page","type-page","status-publish","hentry"],"_links":{"self":[{"href":"https:\/\/montreux-vieux.net\/index.php?rest_route=\/wp\/v2\/pages\/2537","targetHints":{"allow":["GET"]}}],"collection":[{"href":"https:\/\/montreux-vieux.net\/index.php?rest_route=\/wp\/v2\/pages"}],"about":[{"href":"https:\/\/montreux-vieux.net\/index.php?rest_route=\/wp\/v2\/types\/page"}],"author":[{"embeddable":true,"href":"https:\/\/montreux-vieux.net\/index.php?rest_route=\/wp\/v2\/users\/1"}],"replies":[{"embeddable":true,"href":"https:\/\/montreux-vieux.net\/index.php?rest_route=%2Fwp%2Fv2%2Fcomments&post=2537"}],"version-history":[{"count":5,"href":"https:\/\/montreux-vieux.net\/index.php?rest_route=\/wp\/v2\/pages\/2537\/revisions"}],"predecessor-version":[{"id":17553,"href":"https:\/\/montreux-vieux.net\/index.php?rest_route=\/wp\/v2\/pages\/2537\/revisions\/17553"}],"up":[{"embeddable":true,"href":"https:\/\/montreux-vieux.net\/index.php?rest_route=\/wp\/v2\/pages\/12673"}],"wp:attachment":[{"href":"https:\/\/montreux-vieux.net\/index.php?rest_route=%2Fwp%2Fv2%2Fmedia&parent=2537"}],"curies":[{"name":"wp","href":"https:\/\/api.w.org\/{rel}","templated":true}]}}