{"id":2541,"date":"2011-11-26T17:02:34","date_gmt":"2011-11-26T16:02:34","guid":{"rendered":"http:\/\/montreux-vieux.org\/?page_id=2541"},"modified":"2019-01-02T10:34:25","modified_gmt":"2019-01-02T09:34:25","slug":"decoration-seditieuse","status":"publish","type":"page","link":"https:\/\/montreux-vieux.net\/?page_id=2541","title":{"rendered":"D\u00e9coration s\u00e9ditieuse"},"content":{"rendered":"<h3 style=\"text-align: center;\"><span style=\"color: #000000;\">D\u00e9coration s\u00e9ditieuse<\/span><\/h3>\n<h4 style=\"text-align: justify;\"><span style=\"color: #993300;\">&nbsp;<\/span>01-12-1888<\/h4>\n<h4 style=\"text-align: justify;\">Un voyageur de commerce qui venait de&nbsp; faire une tourn\u00e9e en Alsace retournait en&nbsp; France par Montreux-Vieux.<\/h4>\n<h4 style=\"text-align: justify;\">Il avait \u00e0 sa boutonni\u00e8re un ruban tricolore, insigne d\u2019une d\u00e9coration fran\u00e7aise. Le commissaire lui donna l\u2019ordre de l\u2019enlever. Le voyageur r\u00e9pondit&nbsp; qu\u2019il avait port\u00e9 l\u2019insigne sans \u00eatre inqui\u00e9t\u00e9 pendant le cours de son voyage. Cette r\u00e9ponse fut jug\u00e9e s\u00e9ditieuse. Le voyageur arr\u00eat\u00e9 aussit\u00f4t, va expier dans les cachots de Dannemarie le crime d\u2019avoir \u00e9t\u00e9 d\u00e9cor\u00e9 par la France.<\/h4>\n","protected":false},"excerpt":{"rendered":"<p>D\u00e9coration s\u00e9ditieuse &nbsp;01-12-1888 Un voyageur de commerce qui venait de&nbsp; faire une tourn\u00e9e en Alsace retournait en&nbsp; France par Montreux-Vieux. Il avait \u00e0 sa boutonni\u00e8re un ruban tricolore, insigne d\u2019une d\u00e9coration fran\u00e7aise. Le commissaire lui donna l\u2019ordre de l\u2019enlever. Le &hellip; <a href=\"https:\/\/montreux-vieux.net\/?page_id=2541\">Continuer la lecture <span class=\"meta-nav\">&rarr;<\/span><\/a><\/p>\n","protected":false},"author":1,"featured_media":0,"parent":13013,"menu_order":18,"comment_status":"open","ping_status":"open","template":"","meta":{"footnotes":""},"class_list":["post-2541","page","type-page","status-publish","hentry"],"_links":{"self":[{"href":"https:\/\/montreux-vieux.net\/index.php?rest_route=\/wp\/v2\/pages\/2541","targetHints":{"allow":["GET"]}}],"collection":[{"href":"https:\/\/montreux-vieux.net\/index.php?rest_route=\/wp\/v2\/pages"}],"about":[{"href":"https:\/\/montreux-vieux.net\/index.php?rest_route=\/wp\/v2\/types\/page"}],"author":[{"embeddable":true,"href":"https:\/\/montreux-vieux.net\/index.php?rest_route=\/wp\/v2\/users\/1"}],"replies":[{"embeddable":true,"href":"https:\/\/montreux-vieux.net\/index.php?rest_route=%2Fwp%2Fv2%2Fcomments&post=2541"}],"version-history":[{"count":3,"href":"https:\/\/montreux-vieux.net\/index.php?rest_route=\/wp\/v2\/pages\/2541\/revisions"}],"predecessor-version":[{"id":13274,"href":"https:\/\/montreux-vieux.net\/index.php?rest_route=\/wp\/v2\/pages\/2541\/revisions\/13274"}],"up":[{"embeddable":true,"href":"https:\/\/montreux-vieux.net\/index.php?rest_route=\/wp\/v2\/pages\/13013"}],"wp:attachment":[{"href":"https:\/\/montreux-vieux.net\/index.php?rest_route=%2Fwp%2Fv2%2Fmedia&parent=2541"}],"curies":[{"name":"wp","href":"https:\/\/api.w.org\/{rel}","templated":true}]}}