{"id":2549,"date":"2011-11-28T15:28:57","date_gmt":"2011-11-28T14:28:57","guid":{"rendered":"http:\/\/montreux-vieux.org\/?page_id=2549"},"modified":"2020-06-27T13:52:43","modified_gmt":"2020-06-27T12:52:43","slug":"certificat-detudes-primaires-en-alsace","status":"publish","type":"page","link":"https:\/\/montreux-vieux.net\/?page_id=2549","title":{"rendered":"Certificat d&rsquo;\u00e9tudes primaires en Alsace"},"content":{"rendered":"\n<div class=\"wp-block-group\"><div class=\"wp-block-group__inner-container is-layout-flow wp-block-group-is-layout-flow\">\n<div class=\"wp-block-group\"><div class=\"wp-block-group__inner-container is-layout-flow wp-block-group-is-layout-flow\">\n<div class=\"wp-block-group\"><div class=\"wp-block-group__inner-container is-layout-flow wp-block-group-is-layout-flow\">\n<h3 style=\"text-align: center;\"><span style=\"color: #000000;\">Certificat d\u2019\u00e9tudes primaires en Alsace<\/span><\/h3>\n<p>Le certificat d&rsquo;\u00e9tudes primaires en Alsace<\/p>\n<p>Les ma\u00eetres d\u00e9sign\u00e9s depuis un\u00a0 an par l&rsquo;autorit\u00e9 militaire pour organiser l&rsquo;enseignement primaire en Alsace ont r\u00e9cemment exprim\u00e9 le d\u00e9sir de voir appr\u00e9cier par un jury comp\u00e9tent, le travail et les connaissances de leurs meilleurs \u00e9l\u00e8ves.<\/p>\n<p>Le ministre de l&rsquo;Instruction publique a donn\u00e9 l&rsquo;autorisation d&rsquo;ouvrir, pour les jeunes Alsaciens, une session suppl\u00e9mentaire du certificat d&rsquo;\u00e9tudes. Et, le vendredi 12 novembre,\u00a0 11 aspirants et 5 aspirantes, \u00e9l\u00e8ves des \u00e9coles de Chavannes-sur-l&rsquo;Etang, Masevaux, Montreux-Vieux et Montreux-Jeune, se pr\u00e9sentaient \u00e0 cet examen. On avait choisi pour eux des sujets adapt\u00e9s aux circonstances : un \u00ab Souvenir d&rsquo;Alsace \u00bb, d&rsquo;Andr\u00e9 Theuriet, fut donn\u00e9 en dict\u00e9e, et le th\u00e8me de la composition fran\u00e7aise \u00e9tait : \u00ab D\u00e9crivez votre village d&rsquo;Alsace. Dites pourquoi votre petite patrie est si ch\u00e8re au c\u0153ur de tous les Fran\u00e7ais. \u00bb<\/p>\n<p>Quatre aspirantes et neuf aspirants ont \u00e9t\u00e9 -d\u00e9clares admise dont un avec la mention assez bien, quatre avec la mention bien et huit avec la mention tr\u00e8s bien.<\/p>\n<p>Sources : Excelsior\u00a0 2 d\u00e9cembre 1915<\/p>\n<p>\u00a0<\/p>\n<h4 style=\"text-align: justify;\">\u00a0Compl\u00e9ment trouv\u00e9 dans La Revue des deux mondes, tome 34 du 1er juillet 1916<\/h4>\n<h4 style=\"text-align: justify;\">Une c\u00e9r\u00e9monie plus imposante encore qu&rsquo;une distribution fut l&rsquo;examen du certificat d&rsquo;\u00e9tudes. Il eut lieu \u00e0 Rougemont- le-Ch\u00e2teau (territoire de Belfort). Onze aspirants, et cinq aspirantes vinrent des \u00e9coles de Masevaux, Chavannes-sur l&rsquo;\u00c9tang, Montreux-Vieux et Montreux-Jeune. Neuf aspirants, et quatre aspirantes furent re\u00e7us. La dict\u00e9e \u00e9tait une page de Theuriet. Voici quel \u00e9tait le th\u00e8me de la composition fran\u00e7aise D\u00e9crivez votre ville d&rsquo;Alsace. Dites pourquoi votre petite patrie est si ch\u00e8re au c\u0153ur de tous les Fran\u00e7ais. Les copies remises sont conserv\u00e9es, comme des documents scolaires, au Mus\u00e9e p\u00e9dagogique. Il y en\u00a0a qui donnent l&rsquo;impression d&rsquo;\u00eatre autre chose que des copies d&rsquo;\u00e9l\u00e8ves, le cri du c\u0153ur de l&rsquo;Alsace. Le jury se composait du recteur de Besan\u00e7on, d&rsquo;un professeur de Paris, membre du\u00a0Conseil sup\u00e9rieur de l&rsquo;Instruction publique, actuellement interpr\u00e8te sur le front, d&rsquo;instituteurs, et de soldats instituteurs. Celui qui a eu le grand honneur de pr\u00e9sider cette s\u00e9ance n&rsquo;en\u00a0a pas exag\u00e9r\u00e9 l&rsquo;importance quand, dans le rapport adress\u00e9 au ministre, il signale, avec une \u00e9motion grave, \u00ab le s\u00e9rieux des enfants et des ma\u00eetres, instituteurs civils et militaires, le sentiment profond, instinctif chez les uns, fortement per\u00e7u par les autres, de l&rsquo;acte si simple qui s&rsquo;accomplissait en ce moment, et qui n&rsquo;\u00e9tait rien moins que le retour \u00e0 la France de l&rsquo;\u00e2me et de l&rsquo;intelligence des enfants de nos bien-aim\u00e9s fr\u00e8res d&rsquo;Alsace. \u00bb<\/h4>\n<\/div><\/div>\n<\/div><\/div>\n<\/div><\/div>\n\n\n\n<div class=\"wp-block-group\"><div class=\"wp-block-group__inner-container is-layout-flow wp-block-group-is-layout-flow\">\n<p>03-12-1915<\/p>\n\n\n\n<p>On sait que l\u2019enseignement a \u00e9t\u00e9 organis\u00e9 en Alsace reconquise pour les enfants d\u2019Alsace.<\/p>\n\n\n\n<p>Un examen pour le certificat d\u2019\u00e9tudes a eu lieu le 12 novembre pour les \u00e9l\u00e8ves des \u00e9coles de Chavannes-Sur-l\u2019Etang, Masevaux, Montreux-Vieux et Montreux-Jeune.<\/p>\n\n\n\n<p>On avait choisi pour eux des sujets de circonstance&nbsp;:&nbsp;\u00ab&nbsp;Un souvenir d\u2019Alsace&nbsp;\u00bb d\u2019Andr\u00e9 Theuriet, fut donn\u00e9 en dict\u00e9e, et le th\u00e8me de la composition fran\u00e7aise \u00e9tait \u00ab&nbsp;D\u00e9crivez votre village d\u2019Alsace Dites pourquoi votre petite patrie est si ch\u00e8re au c\u0153ur de tous les fran\u00e7ais&nbsp;\u00bb<\/p>\n\n\n\n<p>Quatre aspirantes et neuf aspirants ont \u00e9t\u00e9 d\u00e9clar\u00e9s admis avec une mention assez bien, quatre avec la mention bien et huit avec la mention tr\u00e8s bien.<\/p>\n<\/div><\/div>\n\n\n\n<p><\/p>\n","protected":false},"excerpt":{"rendered":"<p>Certificat d\u2019\u00e9tudes primaires en Alsace Le certificat d&rsquo;\u00e9tudes primaires en Alsace Les ma\u00eetres d\u00e9sign\u00e9s depuis un\u00a0 an par l&rsquo;autorit\u00e9 militaire pour organiser l&rsquo;enseignement primaire en Alsace ont r\u00e9cemment exprim\u00e9 le d\u00e9sir de voir appr\u00e9cier par un jury comp\u00e9tent, le travail &hellip; <a href=\"https:\/\/montreux-vieux.net\/?page_id=2549\">Continuer la lecture <span class=\"meta-nav\">&rarr;<\/span><\/a><\/p>\n","protected":false},"author":1,"featured_media":0,"parent":12826,"menu_order":14,"comment_status":"open","ping_status":"open","template":"","meta":{"footnotes":""},"class_list":["post-2549","page","type-page","status-publish","hentry"],"_links":{"self":[{"href":"https:\/\/montreux-vieux.net\/index.php?rest_route=\/wp\/v2\/pages\/2549","targetHints":{"allow":["GET"]}}],"collection":[{"href":"https:\/\/montreux-vieux.net\/index.php?rest_route=\/wp\/v2\/pages"}],"about":[{"href":"https:\/\/montreux-vieux.net\/index.php?rest_route=\/wp\/v2\/types\/page"}],"author":[{"embeddable":true,"href":"https:\/\/montreux-vieux.net\/index.php?rest_route=\/wp\/v2\/users\/1"}],"replies":[{"embeddable":true,"href":"https:\/\/montreux-vieux.net\/index.php?rest_route=%2Fwp%2Fv2%2Fcomments&post=2549"}],"version-history":[{"count":7,"href":"https:\/\/montreux-vieux.net\/index.php?rest_route=\/wp\/v2\/pages\/2549\/revisions"}],"predecessor-version":[{"id":19868,"href":"https:\/\/montreux-vieux.net\/index.php?rest_route=\/wp\/v2\/pages\/2549\/revisions\/19868"}],"up":[{"embeddable":true,"href":"https:\/\/montreux-vieux.net\/index.php?rest_route=\/wp\/v2\/pages\/12826"}],"wp:attachment":[{"href":"https:\/\/montreux-vieux.net\/index.php?rest_route=%2Fwp%2Fv2%2Fmedia&parent=2549"}],"curies":[{"name":"wp","href":"https:\/\/api.w.org\/{rel}","templated":true}]}}