{"id":2552,"date":"2011-11-30T14:52:03","date_gmt":"2011-11-30T13:52:03","guid":{"rendered":"http:\/\/montreux-vieux.org\/?page_id=2552"},"modified":"2019-01-02T10:39:03","modified_gmt":"2019-01-02T09:39:03","slug":"passeports-en-alsace-lorraine","status":"publish","type":"page","link":"https:\/\/montreux-vieux.net\/?page_id=2552","title":{"rendered":"Passeports en Alsace-Lorraine"},"content":{"rendered":"<h3 style=\"text-align: center;\"><span style=\"color: #000000;\">Passeports en Alsace-Moselle<\/span><\/h3>\n<h4 style=\"text-align: justify;\">&nbsp;29-06-1890<\/h4>\n<h4 style=\"text-align: justify;\">La condescendance des autorit\u00e9s allemandes, vis-\u00e0-vis des voyageurs non munis de passeports n\u2019a pas \u00e9t\u00e9 de longue dur\u00e9e.<\/h4>\n<h4 style=\"text-align: justify;\">Il nous revient plusieurs fois c\u00f4t\u00e9s que depuis hier, le commissaire sp\u00e9cial de la gare allemande de Montreux-Vieux, fait descendre tous les voyageurs des trains \u00e0 destination de la France et leur pose des questions inquisitoriales. Tous les fran\u00e7ais non munis de passeports sont jet\u00e9s en prison, comme s\u2019\u00e9tant introduits ill\u00e9gitimement.<\/h4>\n","protected":false},"excerpt":{"rendered":"<p>Passeports en Alsace-Moselle &nbsp;29-06-1890 La condescendance des autorit\u00e9s allemandes, vis-\u00e0-vis des voyageurs non munis de passeports n\u2019a pas \u00e9t\u00e9 de longue dur\u00e9e. Il nous revient plusieurs fois c\u00f4t\u00e9s que depuis hier, le commissaire sp\u00e9cial de la gare allemande de Montreux-Vieux, &hellip; <a href=\"https:\/\/montreux-vieux.net\/?page_id=2552\">Continuer la lecture <span class=\"meta-nav\">&rarr;<\/span><\/a><\/p>\n","protected":false},"author":1,"featured_media":0,"parent":13013,"menu_order":20,"comment_status":"open","ping_status":"open","template":"","meta":{"footnotes":""},"class_list":["post-2552","page","type-page","status-publish","hentry"],"_links":{"self":[{"href":"https:\/\/montreux-vieux.net\/index.php?rest_route=\/wp\/v2\/pages\/2552","targetHints":{"allow":["GET"]}}],"collection":[{"href":"https:\/\/montreux-vieux.net\/index.php?rest_route=\/wp\/v2\/pages"}],"about":[{"href":"https:\/\/montreux-vieux.net\/index.php?rest_route=\/wp\/v2\/types\/page"}],"author":[{"embeddable":true,"href":"https:\/\/montreux-vieux.net\/index.php?rest_route=\/wp\/v2\/users\/1"}],"replies":[{"embeddable":true,"href":"https:\/\/montreux-vieux.net\/index.php?rest_route=%2Fwp%2Fv2%2Fcomments&post=2552"}],"version-history":[{"count":4,"href":"https:\/\/montreux-vieux.net\/index.php?rest_route=\/wp\/v2\/pages\/2552\/revisions"}],"predecessor-version":[{"id":13276,"href":"https:\/\/montreux-vieux.net\/index.php?rest_route=\/wp\/v2\/pages\/2552\/revisions\/13276"}],"up":[{"embeddable":true,"href":"https:\/\/montreux-vieux.net\/index.php?rest_route=\/wp\/v2\/pages\/13013"}],"wp:attachment":[{"href":"https:\/\/montreux-vieux.net\/index.php?rest_route=%2Fwp%2Fv2%2Fmedia&parent=2552"}],"curies":[{"name":"wp","href":"https:\/\/api.w.org\/{rel}","templated":true}]}}