{"id":2592,"date":"2011-12-03T09:12:02","date_gmt":"2011-12-03T08:12:02","guid":{"rendered":"http:\/\/montreux-vieux.org\/?page_id=2592"},"modified":"2019-01-02T10:40:08","modified_gmt":"2019-01-02T09:40:08","slug":"inspection-allemandes","status":"publish","type":"page","link":"https:\/\/montreux-vieux.net\/?page_id=2592","title":{"rendered":"Inspection  allemandes"},"content":{"rendered":"<h3 style=\"text-align: center;\"><span style=\"color: #000000;\">Inspections allemandes<\/span><\/h3>\n<h4 style=\"text-align: justify;\">&nbsp;02-05-1896<\/h4>\n<h4 style=\"text-align: justify;\">Des fonctionnaires de la diection g\u00e9n\u00e9rale des chemins de fer allemands, accompagn\u00e9s de plusieurs officiers,&nbsp; ont inspect\u00e9 hier et aujourd\u2019hui les voies \u00e0 la gare fronti\u00e8re de Montreux-Vieux<\/h4>\n","protected":false},"excerpt":{"rendered":"<p>Inspections allemandes &nbsp;02-05-1896 Des fonctionnaires de la diection g\u00e9n\u00e9rale des chemins de fer allemands, accompagn\u00e9s de plusieurs officiers,&nbsp; ont inspect\u00e9 hier et aujourd\u2019hui les voies \u00e0 la gare fronti\u00e8re de Montreux-Vieux<\/p>\n","protected":false},"author":1,"featured_media":0,"parent":13013,"menu_order":22,"comment_status":"open","ping_status":"open","template":"","meta":{"footnotes":""},"class_list":["post-2592","page","type-page","status-publish","hentry"],"_links":{"self":[{"href":"https:\/\/montreux-vieux.net\/index.php?rest_route=\/wp\/v2\/pages\/2592","targetHints":{"allow":["GET"]}}],"collection":[{"href":"https:\/\/montreux-vieux.net\/index.php?rest_route=\/wp\/v2\/pages"}],"about":[{"href":"https:\/\/montreux-vieux.net\/index.php?rest_route=\/wp\/v2\/types\/page"}],"author":[{"embeddable":true,"href":"https:\/\/montreux-vieux.net\/index.php?rest_route=\/wp\/v2\/users\/1"}],"replies":[{"embeddable":true,"href":"https:\/\/montreux-vieux.net\/index.php?rest_route=%2Fwp%2Fv2%2Fcomments&post=2592"}],"version-history":[{"count":5,"href":"https:\/\/montreux-vieux.net\/index.php?rest_route=\/wp\/v2\/pages\/2592\/revisions"}],"predecessor-version":[{"id":13277,"href":"https:\/\/montreux-vieux.net\/index.php?rest_route=\/wp\/v2\/pages\/2592\/revisions\/13277"}],"up":[{"embeddable":true,"href":"https:\/\/montreux-vieux.net\/index.php?rest_route=\/wp\/v2\/pages\/13013"}],"wp:attachment":[{"href":"https:\/\/montreux-vieux.net\/index.php?rest_route=%2Fwp%2Fv2%2Fmedia&parent=2592"}],"curies":[{"name":"wp","href":"https:\/\/api.w.org\/{rel}","templated":true}]}}