{"id":2742,"date":"2012-01-11T09:45:58","date_gmt":"2012-01-11T08:45:58","guid":{"rendered":"http:\/\/montreux-vieux.org\/?page_id=2742"},"modified":"2019-01-02T10:47:38","modified_gmt":"2019-01-02T09:47:38","slug":"manoeuvres-autour-de-belfort","status":"publish","type":"page","link":"https:\/\/montreux-vieux.net\/?page_id=2742","title":{"rendered":"Manoeuvres autour de Belfort"},"content":{"rendered":"<h3 style=\"text-align: center;\"><span style=\"color: #000000;\">Man\u0153uvres autour de Belfort<\/span><\/h3>\n<h4 style=\"text-align: justify;\">&nbsp;06-07-1894<\/h4>\n<h4 style=\"text-align: justify;\">Belfort le 05 juillet. \u2013 Le g\u00e9n\u00e9ral N\u00e9grier, arriv\u00e9 hier soir \u00e0 Belfort a fait tir\u00e9 \u00e0 minuit 23 coups de canon du Ch\u00e2teau pour donner l\u2019alerte \u00e0 la garnison.<\/h4>\n<h4 style=\"text-align: justify;\">Aussit\u00f4t, les troupes ont pris les armes et se sont dirig\u00e9es sur le fort de V\u00e9zelois, qui devait \u00eatre attaqu\u00e9 \u00e0 la premi\u00e8re heure par un corps ennemi qui repr\u00e9sentait un r\u00e9giment d\u2019infanterie. Ce dernier \u00e9tait cens\u00e9 avoir d\u00e9barqu\u00e9 la veille \u00e0 Montreux-Vieux, derri\u00e8re la gare allemande.<\/h4>\n<h4 style=\"text-align: justify;\">Pendant toute la dur\u00e9e de la man\u0153uvre, le ballon militaire planait sur le Bosmont, pour donner aux troupes de la d\u00e9fense des renseignements sur la marche de l\u2019ennemi.<\/h4>\n<h4 style=\"text-align: justify;\">Les forts du Bois-Doye, des Fougerais, et plusieurs ouvrages d\u2019infanterie appuyaient le fort de V\u00e9zelois de leurs feux.<\/h4>\n<h4 style=\"text-align: justify;\">Commenc\u00e9 \u00e0 la pointe du jour, les op\u00e9rations se sont termin\u00e9es \u00e0 sept heures du matin.<\/h4>\n","protected":false},"excerpt":{"rendered":"<p>Man\u0153uvres autour de Belfort &nbsp;06-07-1894 Belfort le 05 juillet. \u2013 Le g\u00e9n\u00e9ral N\u00e9grier, arriv\u00e9 hier soir \u00e0 Belfort a fait tir\u00e9 \u00e0 minuit 23 coups de canon du Ch\u00e2teau pour donner l\u2019alerte \u00e0 la garnison. Aussit\u00f4t, les troupes ont pris &hellip; <a href=\"https:\/\/montreux-vieux.net\/?page_id=2742\">Continuer la lecture <span class=\"meta-nav\">&rarr;<\/span><\/a><\/p>\n","protected":false},"author":1,"featured_media":0,"parent":12673,"menu_order":56,"comment_status":"open","ping_status":"open","template":"","meta":{"footnotes":""},"class_list":["post-2742","page","type-page","status-publish","hentry"],"_links":{"self":[{"href":"https:\/\/montreux-vieux.net\/index.php?rest_route=\/wp\/v2\/pages\/2742","targetHints":{"allow":["GET"]}}],"collection":[{"href":"https:\/\/montreux-vieux.net\/index.php?rest_route=\/wp\/v2\/pages"}],"about":[{"href":"https:\/\/montreux-vieux.net\/index.php?rest_route=\/wp\/v2\/types\/page"}],"author":[{"embeddable":true,"href":"https:\/\/montreux-vieux.net\/index.php?rest_route=\/wp\/v2\/users\/1"}],"replies":[{"embeddable":true,"href":"https:\/\/montreux-vieux.net\/index.php?rest_route=%2Fwp%2Fv2%2Fcomments&post=2742"}],"version-history":[{"count":4,"href":"https:\/\/montreux-vieux.net\/index.php?rest_route=\/wp\/v2\/pages\/2742\/revisions"}],"predecessor-version":[{"id":13281,"href":"https:\/\/montreux-vieux.net\/index.php?rest_route=\/wp\/v2\/pages\/2742\/revisions\/13281"}],"up":[{"embeddable":true,"href":"https:\/\/montreux-vieux.net\/index.php?rest_route=\/wp\/v2\/pages\/12673"}],"wp:attachment":[{"href":"https:\/\/montreux-vieux.net\/index.php?rest_route=%2Fwp%2Fv2%2Fmedia&parent=2742"}],"curies":[{"name":"wp","href":"https:\/\/api.w.org\/{rel}","templated":true}]}}