{"id":28272,"date":"2025-08-09T10:08:32","date_gmt":"2025-08-09T09:08:32","guid":{"rendered":"https:\/\/montreux-vieux.net\/?page_id=28272"},"modified":"2025-08-09T10:08:32","modified_gmt":"2025-08-09T09:08:32","slug":"souvenez-vous-antoinette-vic-nee-higelin","status":"publish","type":"page","link":"https:\/\/montreux-vieux.net\/?page_id=28272","title":{"rendered":"Souvenez-vous ! Antoinette Vic n\u00e9e Higelin."},"content":{"rendered":"\n<h4 class=\"wp-block-heading\"><strong>Souvenez-vous ! Antoinette Vic n\u00e9e Higelin.<\/strong><\/h4>\n\n\n<div class=\"wp-block-image\">\n<figure class=\"aligncenter size-full\"><img loading=\"lazy\" decoding=\"async\" width=\"604\" height=\"879\" src=\"https:\/\/montreux-vieux.net\/montreux-vieux.net\/wp-content\/uploads\/2025\/08\/Vic-Antoinette_InPixio.jpg\" alt=\"\" class=\"wp-image-28273\" srcset=\"https:\/\/montreux-vieux.net\/montreux-vieux.net\/wp-content\/uploads\/2025\/08\/Vic-Antoinette_InPixio.jpg 604w, https:\/\/montreux-vieux.net\/montreux-vieux.net\/wp-content\/uploads\/2025\/08\/Vic-Antoinette_InPixio-206x300.jpg 206w\" sizes=\"auto, (max-width: 604px) 100vw, 604px\" \/><\/figure>\n<\/div>\n\n\n<p>Apr\u00e8s la guerre de 1939\/45, les d\u00e9marches administratives n\u2019\u00e9taient pas faciles alors pour r\u00e9soudre certains probl\u00e8mes chacun disait \u00ab&nbsp;<strong><em>je vais voir comment faire chez Antoinette<\/em><\/strong>&nbsp;: \u00bb.<\/p>\n\n\n\n<p>Antoinette \u00e9tait la secr\u00e9taire de mairie, elle ouvrait son bureau l\u2019apr\u00e8s midi de 14h \u00e0 18h. Comme nous \u00e9tions voisins et qu\u2019elle passait devant chez moi pour se rendre \u00e0 la mairie, j\u2019entends encore aujourd\u2019hui le bruit de ses pas s\u00fbrs et rapides comme si elle \u00e9tait toujours de ce monde. Elle \u00e9tait l\u00e0 pour accompagner tous les administr\u00e9s avec peu de moyens. Elle ne disposait que d\u2019un bureau, un t\u00e9l\u00e9phone et une machine \u00e0 \u00e9crire d\u2019un autre temps&#8230; Tout se faisait \u00e0 la main et pour garder une copie d\u2019un courrier par exemple il fallait du papier carbone. Elle r\u00e9pondait \u00e0 toutes les questions avec son sourire habituel et sa voix puissante. Elle rendait \u00e9norm\u00e9ment de services en aidant les personnes dans leurs d\u00e9marches administratives courantes mais aussi personnelles. C\u2019est ainsi par exemple qu\u2019elle r\u00e9digeait des courriers aux caisses, pour demander retraites, pensions de r\u00e9version etc, et remplissait les d\u00e9clarations de revenus et tous les formulaires utilis\u00e9s \u00e0 cette \u00e9poque sans oublier les courriers personnels de nombreux citoyens.<\/p>\n\n\n\n<p>Personnage vraiment \u00ab&nbsp;<strong><em>d\u2019utilit\u00e9 publique&nbsp;<\/em><\/strong>\u00bb elle \u00e9tait l\u2019\u00e9pouse de Monsieur Georges Vic, instituteur et maire du village depuis 1971.Malheureusement apr\u00e8s que son mari a \u00e9t\u00e9 \u00e9lu premier magistrat de la commune elle est tomb\u00e9e malade et \u00e0 d\u00fb cesser ses fonctions. Elle est d\u00e9c\u00e9d\u00e9e le 28 avril 1973 \u00e0 l\u2019\u00e2ge de 47 ans.<\/p>\n\n\n\n<p>Je lui ai succ\u00e9d\u00e9 le 1er f\u00e9vrier 1972 apr\u00e8s qu\u2019elle m\u2019a donn\u00e9 de pr\u00e9cieux conseils notamment au niveau des vaccinations, des affaires militaires, etc.<\/p>\n\n\n\n<p>Je me souviens tr\u00e8s bien du jour des obs\u00e8ques o\u00f9 l\u2019\u00e9glise Saint Alban \u00e9tait vraiment trop petite pour accueillir celles et ceux qui voulaient l\u2019accompagner dans sa derni\u00e8re demeure. L\u2019office avait \u00e9t\u00e9 c\u00e9l\u00e9br\u00e9 par le cur\u00e9 Klem Henri accompagn\u00e9 par le Chanoine Antoine et l\u2019Abb\u00e9 Deyber ancien cur\u00e9 de Montreux-Vieux.<\/p>\n\n\n\n<p>La liste serait trop longue pour citer toutes les personnalit\u00e9s, d\u00e9l\u00e9gations, repr\u00e9sentants de toutes les administrations, associations etc. pr\u00e9sents lors de cette c\u00e9r\u00e9monie qui ont accompagn\u00e9 Antoinette vers le cimeti\u00e8re ou elle repose de son dernier sommeil.<\/p>\n\n\n\n<p>Pour ne pas oublier sa maman Madame Higelin \u00e9tait pr\u00e9sente aux obs\u00e8ques ainsi que sa s\u0153ur Eliane d\u00e9c\u00e9d\u00e9es depuis.<\/p>\n\n\n\n<p>Je pense que certaines et certains anciens du village s\u2019en souviennent notamment celles et ceux qui avaient forc\u00e9ment besoin de ses services \u00e0 un moment ou un autre. Elle fait partie des personnes que l\u2019on ne peux oublier.<\/p>\n","protected":false},"excerpt":{"rendered":"<p>Souvenez-vous ! Antoinette Vic n\u00e9e Higelin. Apr\u00e8s la guerre de 1939\/45, les d\u00e9marches administratives n\u2019\u00e9taient pas faciles alors pour r\u00e9soudre certains probl\u00e8mes chacun disait \u00ab&nbsp;je vais voir comment faire chez Antoinette&nbsp;: \u00bb. Antoinette \u00e9tait la secr\u00e9taire de mairie, elle ouvrait &hellip; <a href=\"https:\/\/montreux-vieux.net\/?page_id=28272\">Continuer la lecture <span class=\"meta-nav\">&rarr;<\/span><\/a><\/p>\n","protected":false},"author":1,"featured_media":0,"parent":4091,"menu_order":0,"comment_status":"closed","ping_status":"closed","template":"","meta":{"footnotes":""},"class_list":["post-28272","page","type-page","status-publish","hentry"],"_links":{"self":[{"href":"https:\/\/montreux-vieux.net\/index.php?rest_route=\/wp\/v2\/pages\/28272","targetHints":{"allow":["GET"]}}],"collection":[{"href":"https:\/\/montreux-vieux.net\/index.php?rest_route=\/wp\/v2\/pages"}],"about":[{"href":"https:\/\/montreux-vieux.net\/index.php?rest_route=\/wp\/v2\/types\/page"}],"author":[{"embeddable":true,"href":"https:\/\/montreux-vieux.net\/index.php?rest_route=\/wp\/v2\/users\/1"}],"replies":[{"embeddable":true,"href":"https:\/\/montreux-vieux.net\/index.php?rest_route=%2Fwp%2Fv2%2Fcomments&post=28272"}],"version-history":[{"count":1,"href":"https:\/\/montreux-vieux.net\/index.php?rest_route=\/wp\/v2\/pages\/28272\/revisions"}],"predecessor-version":[{"id":28274,"href":"https:\/\/montreux-vieux.net\/index.php?rest_route=\/wp\/v2\/pages\/28272\/revisions\/28274"}],"up":[{"embeddable":true,"href":"https:\/\/montreux-vieux.net\/index.php?rest_route=\/wp\/v2\/pages\/4091"}],"wp:attachment":[{"href":"https:\/\/montreux-vieux.net\/index.php?rest_route=%2Fwp%2Fv2%2Fmedia&parent=28272"}],"curies":[{"name":"wp","href":"https:\/\/api.w.org\/{rel}","templated":true}]}}